{"id":3279,"date":"2025-01-28T17:14:46","date_gmt":"2025-01-28T17:14:46","guid":{"rendered":"https:\/\/www.vivawc.com\/?post_type=product&#038;p=3279"},"modified":"2025-02-01T21:58:23","modified_gmt":"2025-02-01T21:58:23","slug":"complexo-de-colageno","status":"publish","type":"product","link":"https:\/\/www.vivawc.com\/pt\/produtos\/complexo-de-colageno\/","title":{"rendered":"Complexo de Col\u00e1geno"},"content":{"rendered":"<p>Nutra sua pele, articula\u00e7\u00f5es e cabelos com nosso Complexo de Col\u00e1geno, com Tipos I, II, III, V e X para suporte abrangente.<\/p>","protected":false},"excerpt":{"rendered":"<p>Nutra sua pele, articula\u00e7\u00f5es e cabelos com nosso Complexo de Col\u00e1geno, com Tipos I, II, III, V e X para suporte abrangente.<\/p>","protected":false},"featured_media":3273,"comment_status":"open","ping_status":"closed","template":"","meta":[],"product_brand":[],"product_cat":[75],"product_tag":[],"class_list":{"0":"post-3279","1":"product","2":"type-product","3":"status-publish","4":"has-post-thumbnail","6":"product_cat-supplements","7":"product_shipping_class-lightweight","9":"first","10":"instock","11":"taxable","12":"shipping-taxable","13":"purchasable","14":"product-type-simple"},"yoast_head":"<!-- This site is optimized with the Yoast SEO plugin v26.6 - https:\/\/yoast.com\/wordpress\/plugins\/seo\/ -->\n<title>Collagen Complex - Viva Wellness Center<\/title>\n<meta name=\"description\" content=\"Nourish your skin, joints, and hair with our Collagen Complex, featuring Types I, II, III, V, and X for comprehensive support.\" \/>\n<meta name=\"robots\" content=\"index, follow, max-snippet:-1, max-image-preview:large, max-video-preview:-1\" \/>\n<link rel=\"canonical\" href=\"https:\/\/www.vivawc.com\/pt\/produtos\/complexo-de-colageno\/\" \/>\n<meta property=\"og:locale\" content=\"pt_BR\" \/>\n<meta property=\"og:type\" content=\"article\" \/>\n<meta property=\"og:title\" content=\"Collagen Complex - Viva Wellness Center\" \/>\n<meta property=\"og:description\" content=\"Nourish your skin, joints, and hair with our Collagen Complex, featuring Types I, II, III, V, and X for comprehensive support.\" \/>\n<meta property=\"og:url\" content=\"https:\/\/www.vivawc.com\/pt\/produtos\/complexo-de-colageno\/\" \/>\n<meta property=\"og:site_name\" content=\"Viva Wellness Center\" \/>\n<meta property=\"article:modified_time\" content=\"2025-02-01T21:58:23+00:00\" \/>\n<meta property=\"og:image\" content=\"https:\/\/www.vivawc.com\/wp-content\/uploads\/2025\/01\/Collagen-Complex.png\" \/>\n\t<meta property=\"og:image:width\" content=\"1080\" \/>\n\t<meta property=\"og:image:height\" content=\"1080\" \/>\n\t<meta property=\"og:image:type\" content=\"image\/png\" \/>\n<script type=\"application\/ld+json\" class=\"yoast-schema-graph\">{\"@context\":\"https:\/\/schema.org\",\"@graph\":[{\"@type\":\"WebPage\",\"@id\":\"https:\/\/www.vivawc.com\/product\/collagen-complex\/\",\"url\":\"https:\/\/www.vivawc.com\/product\/collagen-complex\/\",\"name\":\"Collagen Complex - Viva Wellness Center\",\"isPartOf\":{\"@id\":\"https:\/\/www.vivawc.com\/#website\"},\"primaryImageOfPage\":{\"@id\":\"https:\/\/www.vivawc.com\/product\/collagen-complex\/#primaryimage\"},\"image\":{\"@id\":\"https:\/\/www.vivawc.com\/product\/collagen-complex\/#primaryimage\"},\"thumbnailUrl\":\"https:\/\/www.vivawc.com\/wp-content\/uploads\/2025\/01\/Collagen-Complex.png\",\"datePublished\":\"2025-01-28T17:14:46+00:00\",\"dateModified\":\"2025-02-01T21:58:23+00:00\",\"description\":\"Nourish your skin, joints, and hair with our Collagen Complex, featuring Types I, II, III, V, and X for comprehensive support.\",\"breadcrumb\":{\"@id\":\"https:\/\/www.vivawc.com\/product\/collagen-complex\/#breadcrumb\"},\"inLanguage\":\"pt-BR\",\"potentialAction\":[{\"@type\":\"ReadAction\",\"target\":[\"https:\/\/www.vivawc.com\/product\/collagen-complex\/\"]}]},{\"@type\":\"ImageObject\",\"inLanguage\":\"pt-BR\",\"@id\":\"https:\/\/www.vivawc.com\/product\/collagen-complex\/#primaryimage\",\"url\":\"https:\/\/www.vivawc.com\/wp-content\/uploads\/2025\/01\/Collagen-Complex.png\",\"contentUrl\":\"https:\/\/www.vivawc.com\/wp-content\/uploads\/2025\/01\/Collagen-Complex.png\",\"width\":1080,\"height\":1080,\"caption\":\"Collagen Complex\"},{\"@type\":\"BreadcrumbList\",\"@id\":\"https:\/\/www.vivawc.com\/product\/collagen-complex\/#breadcrumb\",\"itemListElement\":[{\"@type\":\"ListItem\",\"position\":1,\"name\":\"Home\",\"item\":\"https:\/\/www.vivawc.com\/\"},{\"@type\":\"ListItem\",\"position\":2,\"name\":\"Shop\",\"item\":\"https:\/\/www.vivawc.com\/shop\/\"},{\"@type\":\"ListItem\",\"position\":3,\"name\":\"Collagen Complex\"}]},{\"@type\":\"WebSite\",\"@id\":\"https:\/\/www.vivawc.com\/#website\",\"url\":\"https:\/\/www.vivawc.com\/\",\"name\":\"Viva Wellness Center\",\"description\":\"Revitalize Your Health: Boston&#039;s Top Clinic for Hormone Therapy, IV Therapy, Weight Loss, Lab Exams and More!\",\"publisher\":{\"@id\":\"https:\/\/www.vivawc.com\/#organization\"},\"potentialAction\":[{\"@type\":\"SearchAction\",\"target\":{\"@type\":\"EntryPoint\",\"urlTemplate\":\"https:\/\/www.vivawc.com\/?s={search_term_string}\"},\"query-input\":{\"@type\":\"PropertyValueSpecification\",\"valueRequired\":true,\"valueName\":\"search_term_string\"}}],\"inLanguage\":\"pt-BR\"},{\"@type\":\"Organization\",\"@id\":\"https:\/\/www.vivawc.com\/#organization\",\"name\":\"Viva Wellness Center\",\"url\":\"https:\/\/www.vivawc.com\/\",\"logo\":{\"@type\":\"ImageObject\",\"inLanguage\":\"pt-BR\",\"@id\":\"https:\/\/www.vivawc.com\/#\/schema\/logo\/image\/\",\"url\":\"https:\/\/www.vivawc.com\/wp-content\/uploads\/2024\/02\/Viva-Wellness.webp\",\"contentUrl\":\"https:\/\/www.vivawc.com\/wp-content\/uploads\/2024\/02\/Viva-Wellness.webp\",\"width\":1080,\"height\":1080,\"caption\":\"Viva Wellness Center\"},\"image\":{\"@id\":\"https:\/\/www.vivawc.com\/#\/schema\/logo\/image\/\"}}]}<\/script>\n<!-- \/ Yoast SEO plugin. -->","yoast_head_json":{"title":"Complexo de Col\u00e1geno - Viva Wellness Center","description":"Nutra sua pele, articula\u00e7\u00f5es e cabelos com nosso Complexo de Col\u00e1geno, com Tipos I, II, III, V e X para suporte abrangente.","robots":{"index":"index","follow":"follow","max-snippet":"max-snippet:-1","max-image-preview":"max-image-preview:large","max-video-preview":"max-video-preview:-1"},"canonical":"https:\/\/www.vivawc.com\/pt\/produtos\/complexo-de-colageno\/","og_locale":"pt_BR","og_type":"article","og_title":"Collagen Complex - Viva Wellness Center","og_description":"Nourish your skin, joints, and hair with our Collagen Complex, featuring Types I, II, III, V, and X for comprehensive support.","og_url":"https:\/\/www.vivawc.com\/pt\/produtos\/complexo-de-colageno\/","og_site_name":"Viva Wellness Center","article_modified_time":"2025-02-01T21:58:23+00:00","og_image":[{"width":1080,"height":1080,"url":"https:\/\/www.vivawc.com\/wp-content\/uploads\/2025\/01\/Collagen-Complex.png","type":"image\/png"}],"schema":{"@context":"https:\/\/schema.org","@graph":[{"@type":"WebPage","@id":"https:\/\/www.vivawc.com\/product\/collagen-complex\/","url":"https:\/\/www.vivawc.com\/product\/collagen-complex\/","name":"Complexo de Col\u00e1geno - Viva Wellness Center","isPartOf":{"@id":"https:\/\/www.vivawc.com\/#website"},"primaryImageOfPage":{"@id":"https:\/\/www.vivawc.com\/product\/collagen-complex\/#primaryimage"},"image":{"@id":"https:\/\/www.vivawc.com\/product\/collagen-complex\/#primaryimage"},"thumbnailUrl":"https:\/\/www.vivawc.com\/wp-content\/uploads\/2025\/01\/Collagen-Complex.png","datePublished":"2025-01-28T17:14:46+00:00","dateModified":"2025-02-01T21:58:23+00:00","description":"Nutra sua pele, articula\u00e7\u00f5es e cabelos com nosso Complexo de Col\u00e1geno, com Tipos I, II, III, V e X para suporte abrangente.","breadcrumb":{"@id":"https:\/\/www.vivawc.com\/product\/collagen-complex\/#breadcrumb"},"inLanguage":"pt-BR","potentialAction":[{"@type":"ReadAction","target":["https:\/\/www.vivawc.com\/product\/collagen-complex\/"]}]},{"@type":"ImageObject","inLanguage":"pt-BR","@id":"https:\/\/www.vivawc.com\/product\/collagen-complex\/#primaryimage","url":"https:\/\/www.vivawc.com\/wp-content\/uploads\/2025\/01\/Collagen-Complex.png","contentUrl":"https:\/\/www.vivawc.com\/wp-content\/uploads\/2025\/01\/Collagen-Complex.png","width":1080,"height":1080,"caption":"Collagen Complex"},{"@type":"BreadcrumbList","@id":"https:\/\/www.vivawc.com\/product\/collagen-complex\/#breadcrumb","itemListElement":[{"@type":"ListItem","position":1,"name":"Home","item":"https:\/\/www.vivawc.com\/"},{"@type":"ListItem","position":2,"name":"Shop","item":"https:\/\/www.vivawc.com\/shop\/"},{"@type":"ListItem","position":3,"name":"Collagen Complex"}]},{"@type":"WebSite","@id":"https:\/\/www.vivawc.com\/#website","url":"https:\/\/www.vivawc.com\/","name":"Viva Wellness Center","description":"Revitalize sua sa\u00fade: a melhor cl\u00ednica de Boston para terapia hormonal, terapia intravenosa, perda de peso, exames laboratoriais e muito mais!","publisher":{"@id":"https:\/\/www.vivawc.com\/#organization"},"potentialAction":[{"@type":"SearchAction","target":{"@type":"EntryPoint","urlTemplate":"https:\/\/www.vivawc.com\/?s={search_term_string}"},"query-input":{"@type":"PropertyValueSpecification","valueRequired":true,"valueName":"search_term_string"}}],"inLanguage":"pt-BR"},{"@type":"Organization","@id":"https:\/\/www.vivawc.com\/#organization","name":"Viva Wellness Center","url":"https:\/\/www.vivawc.com\/","logo":{"@type":"ImageObject","inLanguage":"pt-BR","@id":"https:\/\/www.vivawc.com\/#\/schema\/logo\/image\/","url":"https:\/\/www.vivawc.com\/wp-content\/uploads\/2024\/02\/Viva-Wellness.webp","contentUrl":"https:\/\/www.vivawc.com\/wp-content\/uploads\/2024\/02\/Viva-Wellness.webp","width":1080,"height":1080,"caption":"Viva Wellness Center"},"image":{"@id":"https:\/\/www.vivawc.com\/#\/schema\/logo\/image\/"}}]}},"_links":{"self":[{"href":"https:\/\/www.vivawc.com\/pt\/wp-json\/wp\/v2\/product\/3279","targetHints":{"allow":["GET"]}}],"collection":[{"href":"https:\/\/www.vivawc.com\/pt\/wp-json\/wp\/v2\/product"}],"about":[{"href":"https:\/\/www.vivawc.com\/pt\/wp-json\/wp\/v2\/types\/product"}],"replies":[{"embeddable":true,"href":"https:\/\/www.vivawc.com\/pt\/wp-json\/wp\/v2\/comments?post=3279"}],"wp:featuredmedia":[{"embeddable":true,"href":"https:\/\/www.vivawc.com\/pt\/wp-json\/wp\/v2\/media\/3273"}],"wp:attachment":[{"href":"https:\/\/www.vivawc.com\/pt\/wp-json\/wp\/v2\/media?parent=3279"}],"wp:term":[{"taxonomy":"product_brand","embeddable":true,"href":"https:\/\/www.vivawc.com\/pt\/wp-json\/wp\/v2\/product_brand?post=3279"},{"taxonomy":"product_cat","embeddable":true,"href":"https:\/\/www.vivawc.com\/pt\/wp-json\/wp\/v2\/product_cat?post=3279"},{"taxonomy":"product_tag","embeddable":true,"href":"https:\/\/www.vivawc.com\/pt\/wp-json\/wp\/v2\/product_tag?post=3279"}],"curies":[{"name":"wp","href":"https:\/\/api.w.org\/{rel}","templated":true}]}}