{"id":3278,"date":"2025-01-28T17:15:13","date_gmt":"2025-01-28T17:15:13","guid":{"rendered":"https:\/\/www.vivawc.com\/?post_type=product&#038;p=3278"},"modified":"2025-02-01T21:58:31","modified_gmt":"2025-02-01T21:58:31","slug":"vitamina-k2d3","status":"publish","type":"product","link":"https:\/\/www.vivawc.com\/pt\/produtos\/vitamina-k2d3\/","title":{"rendered":"Vitamina K2+D3"},"content":{"rendered":"<p>Fortale\u00e7a ossos, tenha um cora\u00e7\u00e3o saud\u00e1vel e tenha uma fun\u00e7\u00e3o imunol\u00f3gica com nossa mistura K2 + D3. A vitamina D3 auxilia na absor\u00e7\u00e3o de c\u00e1lcio, enquanto a K2 o direciona para os ossos, promovendo uma sa\u00fade \u00f3tima.<\/p>","protected":false},"excerpt":{"rendered":"<p>Fortale\u00e7a ossos, tenha um cora\u00e7\u00e3o saud\u00e1vel e tenha uma fun\u00e7\u00e3o imunol\u00f3gica com nossa mistura K2 + D3. A vitamina D3 auxilia na absor\u00e7\u00e3o de c\u00e1lcio, enquanto a K2 o direciona para os ossos, promovendo uma sa\u00fade \u00f3tima.<\/p>","protected":false},"featured_media":3272,"comment_status":"open","ping_status":"closed","template":"","meta":[],"product_brand":[],"product_cat":[75],"product_tag":[],"class_list":{"0":"post-3278","1":"product","2":"type-product","3":"status-publish","4":"has-post-thumbnail","6":"product_cat-supplements","7":"product_shipping_class-lightweight","9":"first","10":"instock","11":"taxable","12":"shipping-taxable","13":"purchasable","14":"product-type-simple"},"yoast_head":"<!-- This site is optimized with the Yoast SEO plugin v26.6 - https:\/\/yoast.com\/wordpress\/plugins\/seo\/ -->\n<title>K2+D3 Vitamin - Viva Wellness Center<\/title>\n<meta name=\"description\" content=\"Boost bone, heart, and immune health with K2 + D3. Perfectly paired for calcium absorption and distribution to support overall wellness.\" \/>\n<meta name=\"robots\" content=\"index, follow, max-snippet:-1, max-image-preview:large, max-video-preview:-1\" \/>\n<link rel=\"canonical\" href=\"https:\/\/www.vivawc.com\/pt\/produtos\/vitamina-k2d3\/\" \/>\n<meta property=\"og:locale\" content=\"pt_BR\" \/>\n<meta property=\"og:type\" content=\"article\" \/>\n<meta property=\"og:title\" content=\"K2+D3 Vitamin - Viva Wellness Center\" \/>\n<meta property=\"og:description\" content=\"Boost bone, heart, and immune health with K2 + D3. Perfectly paired for calcium absorption and distribution to support overall wellness.\" \/>\n<meta property=\"og:url\" content=\"https:\/\/www.vivawc.com\/pt\/produtos\/vitamina-k2d3\/\" \/>\n<meta property=\"og:site_name\" content=\"Viva Wellness Center\" \/>\n<meta property=\"article:modified_time\" content=\"2025-02-01T21:58:31+00:00\" \/>\n<meta property=\"og:image\" content=\"https:\/\/www.vivawc.com\/wp-content\/uploads\/2025\/01\/K2K3-Vitamin.png\" \/>\n\t<meta property=\"og:image:width\" content=\"1080\" \/>\n\t<meta property=\"og:image:height\" content=\"1080\" \/>\n\t<meta property=\"og:image:type\" content=\"image\/png\" \/>\n<script type=\"application\/ld+json\" class=\"yoast-schema-graph\">{\"@context\":\"https:\/\/schema.org\",\"@graph\":[{\"@type\":\"WebPage\",\"@id\":\"https:\/\/www.vivawc.com\/product\/k2d3-vitamin\/\",\"url\":\"https:\/\/www.vivawc.com\/product\/k2d3-vitamin\/\",\"name\":\"K2+D3 Vitamin - Viva Wellness Center\",\"isPartOf\":{\"@id\":\"https:\/\/www.vivawc.com\/#website\"},\"primaryImageOfPage\":{\"@id\":\"https:\/\/www.vivawc.com\/product\/k2d3-vitamin\/#primaryimage\"},\"image\":{\"@id\":\"https:\/\/www.vivawc.com\/product\/k2d3-vitamin\/#primaryimage\"},\"thumbnailUrl\":\"https:\/\/www.vivawc.com\/wp-content\/uploads\/2025\/01\/K2K3-Vitamin.png\",\"datePublished\":\"2025-01-28T17:15:13+00:00\",\"dateModified\":\"2025-02-01T21:58:31+00:00\",\"description\":\"Boost bone, heart, and immune health with K2 + D3. Perfectly paired for calcium absorption and distribution to support overall wellness.\",\"breadcrumb\":{\"@id\":\"https:\/\/www.vivawc.com\/product\/k2d3-vitamin\/#breadcrumb\"},\"inLanguage\":\"pt-BR\",\"potentialAction\":[{\"@type\":\"ReadAction\",\"target\":[\"https:\/\/www.vivawc.com\/product\/k2d3-vitamin\/\"]}]},{\"@type\":\"ImageObject\",\"inLanguage\":\"pt-BR\",\"@id\":\"https:\/\/www.vivawc.com\/product\/k2d3-vitamin\/#primaryimage\",\"url\":\"https:\/\/www.vivawc.com\/wp-content\/uploads\/2025\/01\/K2K3-Vitamin.png\",\"contentUrl\":\"https:\/\/www.vivawc.com\/wp-content\/uploads\/2025\/01\/K2K3-Vitamin.png\",\"width\":1080,\"height\":1080,\"caption\":\"K2+D3\"},{\"@type\":\"BreadcrumbList\",\"@id\":\"https:\/\/www.vivawc.com\/product\/k2d3-vitamin\/#breadcrumb\",\"itemListElement\":[{\"@type\":\"ListItem\",\"position\":1,\"name\":\"Home\",\"item\":\"https:\/\/www.vivawc.com\/\"},{\"@type\":\"ListItem\",\"position\":2,\"name\":\"Shop\",\"item\":\"https:\/\/www.vivawc.com\/shop\/\"},{\"@type\":\"ListItem\",\"position\":3,\"name\":\"K2+D3 Vitamin\"}]},{\"@type\":\"WebSite\",\"@id\":\"https:\/\/www.vivawc.com\/#website\",\"url\":\"https:\/\/www.vivawc.com\/\",\"name\":\"Viva Wellness Center\",\"description\":\"Revitalize Your Health: Boston&#039;s Top Clinic for Hormone Therapy, IV Therapy, Weight Loss, Lab Exams and More!\",\"publisher\":{\"@id\":\"https:\/\/www.vivawc.com\/#organization\"},\"potentialAction\":[{\"@type\":\"SearchAction\",\"target\":{\"@type\":\"EntryPoint\",\"urlTemplate\":\"https:\/\/www.vivawc.com\/?s={search_term_string}\"},\"query-input\":{\"@type\":\"PropertyValueSpecification\",\"valueRequired\":true,\"valueName\":\"search_term_string\"}}],\"inLanguage\":\"pt-BR\"},{\"@type\":\"Organization\",\"@id\":\"https:\/\/www.vivawc.com\/#organization\",\"name\":\"Viva Wellness Center\",\"url\":\"https:\/\/www.vivawc.com\/\",\"logo\":{\"@type\":\"ImageObject\",\"inLanguage\":\"pt-BR\",\"@id\":\"https:\/\/www.vivawc.com\/#\/schema\/logo\/image\/\",\"url\":\"https:\/\/www.vivawc.com\/wp-content\/uploads\/2024\/02\/Viva-Wellness.webp\",\"contentUrl\":\"https:\/\/www.vivawc.com\/wp-content\/uploads\/2024\/02\/Viva-Wellness.webp\",\"width\":1080,\"height\":1080,\"caption\":\"Viva Wellness Center\"},\"image\":{\"@id\":\"https:\/\/www.vivawc.com\/#\/schema\/logo\/image\/\"}}]}<\/script>\n<!-- \/ Yoast SEO plugin. -->","yoast_head_json":{"title":"Vitamina K2+D3 - Viva Wellness Center","description":"Melhore a sa\u00fade dos ossos, do cora\u00e7\u00e3o e do sistema imunol\u00f3gico com K2 + D3. Perfeitamente combinado para absor\u00e7\u00e3o e distribui\u00e7\u00e3o de c\u00e1lcio para dar suporte ao bem-estar geral.","robots":{"index":"index","follow":"follow","max-snippet":"max-snippet:-1","max-image-preview":"max-image-preview:large","max-video-preview":"max-video-preview:-1"},"canonical":"https:\/\/www.vivawc.com\/pt\/produtos\/vitamina-k2d3\/","og_locale":"pt_BR","og_type":"article","og_title":"K2+D3 Vitamin - Viva Wellness Center","og_description":"Boost bone, heart, and immune health with K2 + D3. Perfectly paired for calcium absorption and distribution to support overall wellness.","og_url":"https:\/\/www.vivawc.com\/pt\/produtos\/vitamina-k2d3\/","og_site_name":"Viva Wellness Center","article_modified_time":"2025-02-01T21:58:31+00:00","og_image":[{"width":1080,"height":1080,"url":"https:\/\/www.vivawc.com\/wp-content\/uploads\/2025\/01\/K2K3-Vitamin.png","type":"image\/png"}],"schema":{"@context":"https:\/\/schema.org","@graph":[{"@type":"WebPage","@id":"https:\/\/www.vivawc.com\/product\/k2d3-vitamin\/","url":"https:\/\/www.vivawc.com\/product\/k2d3-vitamin\/","name":"Vitamina K2+D3 - Viva Wellness Center","isPartOf":{"@id":"https:\/\/www.vivawc.com\/#website"},"primaryImageOfPage":{"@id":"https:\/\/www.vivawc.com\/product\/k2d3-vitamin\/#primaryimage"},"image":{"@id":"https:\/\/www.vivawc.com\/product\/k2d3-vitamin\/#primaryimage"},"thumbnailUrl":"https:\/\/www.vivawc.com\/wp-content\/uploads\/2025\/01\/K2K3-Vitamin.png","datePublished":"2025-01-28T17:15:13+00:00","dateModified":"2025-02-01T21:58:31+00:00","description":"Melhore a sa\u00fade dos ossos, do cora\u00e7\u00e3o e do sistema imunol\u00f3gico com K2 + D3. Perfeitamente combinado para absor\u00e7\u00e3o e distribui\u00e7\u00e3o de c\u00e1lcio para dar suporte ao bem-estar geral.","breadcrumb":{"@id":"https:\/\/www.vivawc.com\/product\/k2d3-vitamin\/#breadcrumb"},"inLanguage":"pt-BR","potentialAction":[{"@type":"ReadAction","target":["https:\/\/www.vivawc.com\/product\/k2d3-vitamin\/"]}]},{"@type":"ImageObject","inLanguage":"pt-BR","@id":"https:\/\/www.vivawc.com\/product\/k2d3-vitamin\/#primaryimage","url":"https:\/\/www.vivawc.com\/wp-content\/uploads\/2025\/01\/K2K3-Vitamin.png","contentUrl":"https:\/\/www.vivawc.com\/wp-content\/uploads\/2025\/01\/K2K3-Vitamin.png","width":1080,"height":1080,"caption":"K2+D3"},{"@type":"BreadcrumbList","@id":"https:\/\/www.vivawc.com\/product\/k2d3-vitamin\/#breadcrumb","itemListElement":[{"@type":"ListItem","position":1,"name":"Home","item":"https:\/\/www.vivawc.com\/"},{"@type":"ListItem","position":2,"name":"Shop","item":"https:\/\/www.vivawc.com\/shop\/"},{"@type":"ListItem","position":3,"name":"K2+D3 Vitamin"}]},{"@type":"WebSite","@id":"https:\/\/www.vivawc.com\/#website","url":"https:\/\/www.vivawc.com\/","name":"Viva Wellness Center","description":"Revitalize sua sa\u00fade: a melhor cl\u00ednica de Boston para terapia hormonal, terapia intravenosa, perda de peso, exames laboratoriais e muito mais!","publisher":{"@id":"https:\/\/www.vivawc.com\/#organization"},"potentialAction":[{"@type":"SearchAction","target":{"@type":"EntryPoint","urlTemplate":"https:\/\/www.vivawc.com\/?s={search_term_string}"},"query-input":{"@type":"PropertyValueSpecification","valueRequired":true,"valueName":"search_term_string"}}],"inLanguage":"pt-BR"},{"@type":"Organization","@id":"https:\/\/www.vivawc.com\/#organization","name":"Viva Wellness Center","url":"https:\/\/www.vivawc.com\/","logo":{"@type":"ImageObject","inLanguage":"pt-BR","@id":"https:\/\/www.vivawc.com\/#\/schema\/logo\/image\/","url":"https:\/\/www.vivawc.com\/wp-content\/uploads\/2024\/02\/Viva-Wellness.webp","contentUrl":"https:\/\/www.vivawc.com\/wp-content\/uploads\/2024\/02\/Viva-Wellness.webp","width":1080,"height":1080,"caption":"Viva Wellness Center"},"image":{"@id":"https:\/\/www.vivawc.com\/#\/schema\/logo\/image\/"}}]}},"_links":{"self":[{"href":"https:\/\/www.vivawc.com\/pt\/wp-json\/wp\/v2\/product\/3278","targetHints":{"allow":["GET"]}}],"collection":[{"href":"https:\/\/www.vivawc.com\/pt\/wp-json\/wp\/v2\/product"}],"about":[{"href":"https:\/\/www.vivawc.com\/pt\/wp-json\/wp\/v2\/types\/product"}],"replies":[{"embeddable":true,"href":"https:\/\/www.vivawc.com\/pt\/wp-json\/wp\/v2\/comments?post=3278"}],"wp:featuredmedia":[{"embeddable":true,"href":"https:\/\/www.vivawc.com\/pt\/wp-json\/wp\/v2\/media\/3272"}],"wp:attachment":[{"href":"https:\/\/www.vivawc.com\/pt\/wp-json\/wp\/v2\/media?parent=3278"}],"wp:term":[{"taxonomy":"product_brand","embeddable":true,"href":"https:\/\/www.vivawc.com\/pt\/wp-json\/wp\/v2\/product_brand?post=3278"},{"taxonomy":"product_cat","embeddable":true,"href":"https:\/\/www.vivawc.com\/pt\/wp-json\/wp\/v2\/product_cat?post=3278"},{"taxonomy":"product_tag","embeddable":true,"href":"https:\/\/www.vivawc.com\/pt\/wp-json\/wp\/v2\/product_tag?post=3278"}],"curies":[{"name":"wp","href":"https:\/\/api.w.org\/{rel}","templated":true}]}}