{"id":3275,"date":"2025-01-28T17:16:26","date_gmt":"2025-01-28T17:16:26","guid":{"rendered":"https:\/\/www.vivawc.com\/?post_type=product&#038;p=3275"},"modified":"2025-02-01T21:58:47","modified_gmt":"2025-02-01T21:58:47","slug":"b-complexo-mais-com-b-12","status":"publish","type":"product","link":"https:\/\/www.vivawc.com\/pt\/produtos\/b-complexo-mais-com-b-12\/","title":{"rendered":"Complexo B Plus com B-12"},"content":{"rendered":"<p><strong>Complexo B Plus com B-12<\/strong> fornece uma mistura poderosa de vitaminas B essenciais para dar suporte \u00e0 produ\u00e7\u00e3o de energia, \u00e0 sa\u00fade do sistema nervoso e ao bem-estar geral. Enriquecido com B-12, ajuda a impulsionar o metabolismo, melhorar a fun\u00e7\u00e3o cognitiva e promover a forma\u00e7\u00e3o de gl\u00f3bulos vermelhos. Perfeito para manter a vitalidade e combater o estresse di\u00e1rio.<\/p>","protected":false},"excerpt":{"rendered":"<p>O Complexo B Plus com B-12 aumenta a energia, d\u00e1 suporte ao sistema nervoso e promove o bem-estar geral.<\/p>","protected":false},"featured_media":3274,"comment_status":"open","ping_status":"closed","template":"","meta":[],"product_brand":[],"product_cat":[75],"product_tag":[],"class_list":{"0":"post-3275","1":"product","2":"type-product","3":"status-publish","4":"has-post-thumbnail","6":"product_cat-supplements","7":"product_shipping_class-lightweight","9":"first","10":"instock","11":"taxable","12":"shipping-taxable","13":"purchasable","14":"product-type-simple"},"yoast_head":"<!-- This site is optimized with the Yoast SEO plugin v26.6 - https:\/\/yoast.com\/wordpress\/plugins\/seo\/ -->\n<title>B-Complex Plus with B-12 - Viva Wellness Center<\/title>\n<meta name=\"description\" content=\"B-Complex Plus with B-12 boosts energy, supports the nervous system, and promotes overall well-being.\" \/>\n<meta name=\"robots\" content=\"index, follow, max-snippet:-1, max-image-preview:large, max-video-preview:-1\" \/>\n<link rel=\"canonical\" href=\"https:\/\/www.vivawc.com\/pt\/produtos\/b-complexo-mais-com-b-12\/\" \/>\n<meta property=\"og:locale\" content=\"pt_BR\" \/>\n<meta property=\"og:type\" content=\"article\" \/>\n<meta property=\"og:title\" content=\"B-Complex Plus with B-12 - Viva Wellness Center\" \/>\n<meta property=\"og:description\" content=\"B-Complex Plus with B-12 boosts energy, supports the nervous system, and promotes overall well-being.\" \/>\n<meta property=\"og:url\" content=\"https:\/\/www.vivawc.com\/pt\/produtos\/b-complexo-mais-com-b-12\/\" \/>\n<meta property=\"og:site_name\" content=\"Viva Wellness Center\" \/>\n<meta property=\"article:modified_time\" content=\"2025-02-01T21:58:47+00:00\" \/>\n<meta property=\"og:image\" content=\"https:\/\/www.vivawc.com\/wp-content\/uploads\/2025\/01\/B-Complex-Plus.png\" \/>\n\t<meta property=\"og:image:width\" content=\"1080\" \/>\n\t<meta property=\"og:image:height\" content=\"1080\" \/>\n\t<meta property=\"og:image:type\" content=\"image\/png\" \/>\n<script type=\"application\/ld+json\" class=\"yoast-schema-graph\">{\"@context\":\"https:\/\/schema.org\",\"@graph\":[{\"@type\":\"WebPage\",\"@id\":\"https:\/\/www.vivawc.com\/product\/b-complex-plus-with-b-12\/\",\"url\":\"https:\/\/www.vivawc.com\/product\/b-complex-plus-with-b-12\/\",\"name\":\"B-Complex Plus with B-12 - Viva Wellness Center\",\"isPartOf\":{\"@id\":\"https:\/\/www.vivawc.com\/#website\"},\"primaryImageOfPage\":{\"@id\":\"https:\/\/www.vivawc.com\/product\/b-complex-plus-with-b-12\/#primaryimage\"},\"image\":{\"@id\":\"https:\/\/www.vivawc.com\/product\/b-complex-plus-with-b-12\/#primaryimage\"},\"thumbnailUrl\":\"https:\/\/www.vivawc.com\/wp-content\/uploads\/2025\/01\/B-Complex-Plus.png\",\"datePublished\":\"2025-01-28T17:16:26+00:00\",\"dateModified\":\"2025-02-01T21:58:47+00:00\",\"description\":\"B-Complex Plus with B-12 boosts energy, supports the nervous system, and promotes overall well-being.\",\"breadcrumb\":{\"@id\":\"https:\/\/www.vivawc.com\/product\/b-complex-plus-with-b-12\/#breadcrumb\"},\"inLanguage\":\"pt-BR\",\"potentialAction\":[{\"@type\":\"ReadAction\",\"target\":[\"https:\/\/www.vivawc.com\/product\/b-complex-plus-with-b-12\/\"]}]},{\"@type\":\"ImageObject\",\"inLanguage\":\"pt-BR\",\"@id\":\"https:\/\/www.vivawc.com\/product\/b-complex-plus-with-b-12\/#primaryimage\",\"url\":\"https:\/\/www.vivawc.com\/wp-content\/uploads\/2025\/01\/B-Complex-Plus.png\",\"contentUrl\":\"https:\/\/www.vivawc.com\/wp-content\/uploads\/2025\/01\/B-Complex-Plus.png\",\"width\":1080,\"height\":1080,\"caption\":\"B-Complex Plus\"},{\"@type\":\"BreadcrumbList\",\"@id\":\"https:\/\/www.vivawc.com\/product\/b-complex-plus-with-b-12\/#breadcrumb\",\"itemListElement\":[{\"@type\":\"ListItem\",\"position\":1,\"name\":\"Home\",\"item\":\"https:\/\/www.vivawc.com\/\"},{\"@type\":\"ListItem\",\"position\":2,\"name\":\"Shop\",\"item\":\"https:\/\/www.vivawc.com\/shop\/\"},{\"@type\":\"ListItem\",\"position\":3,\"name\":\"B-Complex Plus with B-12\"}]},{\"@type\":\"WebSite\",\"@id\":\"https:\/\/www.vivawc.com\/#website\",\"url\":\"https:\/\/www.vivawc.com\/\",\"name\":\"Viva Wellness Center\",\"description\":\"Revitalize Your Health: Boston&#039;s Top Clinic for Hormone Therapy, IV Therapy, Weight Loss, Lab Exams and More!\",\"publisher\":{\"@id\":\"https:\/\/www.vivawc.com\/#organization\"},\"potentialAction\":[{\"@type\":\"SearchAction\",\"target\":{\"@type\":\"EntryPoint\",\"urlTemplate\":\"https:\/\/www.vivawc.com\/?s={search_term_string}\"},\"query-input\":{\"@type\":\"PropertyValueSpecification\",\"valueRequired\":true,\"valueName\":\"search_term_string\"}}],\"inLanguage\":\"pt-BR\"},{\"@type\":\"Organization\",\"@id\":\"https:\/\/www.vivawc.com\/#organization\",\"name\":\"Viva Wellness Center\",\"url\":\"https:\/\/www.vivawc.com\/\",\"logo\":{\"@type\":\"ImageObject\",\"inLanguage\":\"pt-BR\",\"@id\":\"https:\/\/www.vivawc.com\/#\/schema\/logo\/image\/\",\"url\":\"https:\/\/www.vivawc.com\/wp-content\/uploads\/2024\/02\/Viva-Wellness.webp\",\"contentUrl\":\"https:\/\/www.vivawc.com\/wp-content\/uploads\/2024\/02\/Viva-Wellness.webp\",\"width\":1080,\"height\":1080,\"caption\":\"Viva Wellness Center\"},\"image\":{\"@id\":\"https:\/\/www.vivawc.com\/#\/schema\/logo\/image\/\"}}]}<\/script>\n<!-- \/ Yoast SEO plugin. -->","yoast_head_json":{"title":"B-Complex Plus com B-12 - Viva Wellness Center","description":"O Complexo B Plus com B-12 aumenta a energia, d\u00e1 suporte ao sistema nervoso e promove o bem-estar geral.","robots":{"index":"index","follow":"follow","max-snippet":"max-snippet:-1","max-image-preview":"max-image-preview:large","max-video-preview":"max-video-preview:-1"},"canonical":"https:\/\/www.vivawc.com\/pt\/produtos\/b-complexo-mais-com-b-12\/","og_locale":"pt_BR","og_type":"article","og_title":"B-Complex Plus with B-12 - Viva Wellness Center","og_description":"B-Complex Plus with B-12 boosts energy, supports the nervous system, and promotes overall well-being.","og_url":"https:\/\/www.vivawc.com\/pt\/produtos\/b-complexo-mais-com-b-12\/","og_site_name":"Viva Wellness Center","article_modified_time":"2025-02-01T21:58:47+00:00","og_image":[{"width":1080,"height":1080,"url":"https:\/\/www.vivawc.com\/wp-content\/uploads\/2025\/01\/B-Complex-Plus.png","type":"image\/png"}],"schema":{"@context":"https:\/\/schema.org","@graph":[{"@type":"WebPage","@id":"https:\/\/www.vivawc.com\/product\/b-complex-plus-with-b-12\/","url":"https:\/\/www.vivawc.com\/product\/b-complex-plus-with-b-12\/","name":"B-Complex Plus com B-12 - Viva Wellness Center","isPartOf":{"@id":"https:\/\/www.vivawc.com\/#website"},"primaryImageOfPage":{"@id":"https:\/\/www.vivawc.com\/product\/b-complex-plus-with-b-12\/#primaryimage"},"image":{"@id":"https:\/\/www.vivawc.com\/product\/b-complex-plus-with-b-12\/#primaryimage"},"thumbnailUrl":"https:\/\/www.vivawc.com\/wp-content\/uploads\/2025\/01\/B-Complex-Plus.png","datePublished":"2025-01-28T17:16:26+00:00","dateModified":"2025-02-01T21:58:47+00:00","description":"O Complexo B Plus com B-12 aumenta a energia, d\u00e1 suporte ao sistema nervoso e promove o bem-estar geral.","breadcrumb":{"@id":"https:\/\/www.vivawc.com\/product\/b-complex-plus-with-b-12\/#breadcrumb"},"inLanguage":"pt-BR","potentialAction":[{"@type":"ReadAction","target":["https:\/\/www.vivawc.com\/product\/b-complex-plus-with-b-12\/"]}]},{"@type":"ImageObject","inLanguage":"pt-BR","@id":"https:\/\/www.vivawc.com\/product\/b-complex-plus-with-b-12\/#primaryimage","url":"https:\/\/www.vivawc.com\/wp-content\/uploads\/2025\/01\/B-Complex-Plus.png","contentUrl":"https:\/\/www.vivawc.com\/wp-content\/uploads\/2025\/01\/B-Complex-Plus.png","width":1080,"height":1080,"caption":"B-Complex Plus"},{"@type":"BreadcrumbList","@id":"https:\/\/www.vivawc.com\/product\/b-complex-plus-with-b-12\/#breadcrumb","itemListElement":[{"@type":"ListItem","position":1,"name":"Home","item":"https:\/\/www.vivawc.com\/"},{"@type":"ListItem","position":2,"name":"Shop","item":"https:\/\/www.vivawc.com\/shop\/"},{"@type":"ListItem","position":3,"name":"B-Complex Plus with B-12"}]},{"@type":"WebSite","@id":"https:\/\/www.vivawc.com\/#website","url":"https:\/\/www.vivawc.com\/","name":"Viva Wellness Center","description":"Revitalize sua sa\u00fade: a melhor cl\u00ednica de Boston para terapia hormonal, terapia intravenosa, perda de peso, exames laboratoriais e muito mais!","publisher":{"@id":"https:\/\/www.vivawc.com\/#organization"},"potentialAction":[{"@type":"SearchAction","target":{"@type":"EntryPoint","urlTemplate":"https:\/\/www.vivawc.com\/?s={search_term_string}"},"query-input":{"@type":"PropertyValueSpecification","valueRequired":true,"valueName":"search_term_string"}}],"inLanguage":"pt-BR"},{"@type":"Organization","@id":"https:\/\/www.vivawc.com\/#organization","name":"Viva Wellness Center","url":"https:\/\/www.vivawc.com\/","logo":{"@type":"ImageObject","inLanguage":"pt-BR","@id":"https:\/\/www.vivawc.com\/#\/schema\/logo\/image\/","url":"https:\/\/www.vivawc.com\/wp-content\/uploads\/2024\/02\/Viva-Wellness.webp","contentUrl":"https:\/\/www.vivawc.com\/wp-content\/uploads\/2024\/02\/Viva-Wellness.webp","width":1080,"height":1080,"caption":"Viva Wellness Center"},"image":{"@id":"https:\/\/www.vivawc.com\/#\/schema\/logo\/image\/"}}]}},"_links":{"self":[{"href":"https:\/\/www.vivawc.com\/pt\/wp-json\/wp\/v2\/product\/3275","targetHints":{"allow":["GET"]}}],"collection":[{"href":"https:\/\/www.vivawc.com\/pt\/wp-json\/wp\/v2\/product"}],"about":[{"href":"https:\/\/www.vivawc.com\/pt\/wp-json\/wp\/v2\/types\/product"}],"replies":[{"embeddable":true,"href":"https:\/\/www.vivawc.com\/pt\/wp-json\/wp\/v2\/comments?post=3275"}],"wp:featuredmedia":[{"embeddable":true,"href":"https:\/\/www.vivawc.com\/pt\/wp-json\/wp\/v2\/media\/3274"}],"wp:attachment":[{"href":"https:\/\/www.vivawc.com\/pt\/wp-json\/wp\/v2\/media?parent=3275"}],"wp:term":[{"taxonomy":"product_brand","embeddable":true,"href":"https:\/\/www.vivawc.com\/pt\/wp-json\/wp\/v2\/product_brand?post=3275"},{"taxonomy":"product_cat","embeddable":true,"href":"https:\/\/www.vivawc.com\/pt\/wp-json\/wp\/v2\/product_cat?post=3275"},{"taxonomy":"product_tag","embeddable":true,"href":"https:\/\/www.vivawc.com\/pt\/wp-json\/wp\/v2\/product_tag?post=3275"}],"curies":[{"name":"wp","href":"https:\/\/api.w.org\/{rel}","templated":true}]}}