{"id":3269,"date":"2025-01-28T17:16:42","date_gmt":"2025-01-28T17:16:42","guid":{"rendered":"https:\/\/www.vivawc.com\/?post_type=product&#038;p=3269"},"modified":"2025-02-25T18:57:10","modified_gmt":"2025-02-25T18:57:10","slug":"probiotico-feminino","status":"publish","type":"product","link":"https:\/\/www.vivawc.com\/pt\/produtos\/probiotico-feminino\/","title":{"rendered":"Probi\u00f3tico Feminino"},"content":{"rendered":"<p>Os probi\u00f3ticos auxiliam na digest\u00e3o, fortalecem o sistema imunol\u00f3gico e mant\u00eam o revestimento intestinal saud\u00e1vel.<\/p>","protected":false},"excerpt":{"rendered":"<p>Os probi\u00f3ticos auxiliam na digest\u00e3o, fortalecem o sistema imunol\u00f3gico e mant\u00eam o revestimento intestinal saud\u00e1vel.<\/p>","protected":false},"featured_media":3270,"comment_status":"open","ping_status":"closed","template":"","meta":[],"product_brand":[],"product_cat":[75],"product_tag":[],"class_list":{"0":"post-3269","1":"product","2":"type-product","3":"status-publish","4":"has-post-thumbnail","6":"product_cat-supplements","7":"product_shipping_class-lightweight","9":"first","10":"instock","11":"taxable","12":"shipping-taxable","13":"purchasable","14":"product-type-simple"},"yoast_head":"<!-- This site is optimized with the Yoast SEO plugin v26.6 - https:\/\/yoast.com\/wordpress\/plugins\/seo\/ -->\n<title>Women&#039;s Probiotic - Viva Wellness Center<\/title>\n<meta name=\"description\" content=\"Probiotics support digestion, strengthen the immune system, and maintain a healthy intestinal lining.\" \/>\n<meta name=\"robots\" content=\"index, follow, max-snippet:-1, max-image-preview:large, max-video-preview:-1\" \/>\n<link rel=\"canonical\" href=\"https:\/\/www.vivawc.com\/pt\/produtos\/probiotico-feminino\/\" \/>\n<meta property=\"og:locale\" content=\"pt_BR\" \/>\n<meta property=\"og:type\" content=\"article\" \/>\n<meta property=\"og:title\" content=\"Women&#039;s Probiotic - Viva Wellness Center\" \/>\n<meta property=\"og:description\" content=\"Probiotics support digestion, strengthen the immune system, and maintain a healthy intestinal lining.\" \/>\n<meta property=\"og:url\" content=\"https:\/\/www.vivawc.com\/pt\/produtos\/probiotico-feminino\/\" \/>\n<meta property=\"og:site_name\" content=\"Viva Wellness Center\" \/>\n<meta property=\"article:modified_time\" content=\"2025-02-25T18:57:10+00:00\" \/>\n<meta property=\"og:image\" content=\"https:\/\/www.vivawc.com\/wp-content\/uploads\/2025\/01\/Womens-Probiotic.png\" \/>\n\t<meta property=\"og:image:width\" content=\"1080\" \/>\n\t<meta property=\"og:image:height\" content=\"1080\" \/>\n\t<meta property=\"og:image:type\" content=\"image\/png\" \/>\n<script type=\"application\/ld+json\" class=\"yoast-schema-graph\">{\"@context\":\"https:\/\/schema.org\",\"@graph\":[{\"@type\":\"WebPage\",\"@id\":\"https:\/\/www.vivawc.com\/product\/womens-probiotic\/\",\"url\":\"https:\/\/www.vivawc.com\/product\/womens-probiotic\/\",\"name\":\"Women's Probiotic - Viva Wellness Center\",\"isPartOf\":{\"@id\":\"https:\/\/www.vivawc.com\/#website\"},\"primaryImageOfPage\":{\"@id\":\"https:\/\/www.vivawc.com\/product\/womens-probiotic\/#primaryimage\"},\"image\":{\"@id\":\"https:\/\/www.vivawc.com\/product\/womens-probiotic\/#primaryimage\"},\"thumbnailUrl\":\"https:\/\/www.vivawc.com\/wp-content\/uploads\/2025\/01\/Womens-Probiotic.png\",\"datePublished\":\"2025-01-28T17:16:42+00:00\",\"dateModified\":\"2025-02-25T18:57:10+00:00\",\"description\":\"Probiotics support digestion, strengthen the immune system, and maintain a healthy intestinal lining.\",\"breadcrumb\":{\"@id\":\"https:\/\/www.vivawc.com\/product\/womens-probiotic\/#breadcrumb\"},\"inLanguage\":\"pt-BR\",\"potentialAction\":[{\"@type\":\"ReadAction\",\"target\":[\"https:\/\/www.vivawc.com\/product\/womens-probiotic\/\"]}]},{\"@type\":\"ImageObject\",\"inLanguage\":\"pt-BR\",\"@id\":\"https:\/\/www.vivawc.com\/product\/womens-probiotic\/#primaryimage\",\"url\":\"https:\/\/www.vivawc.com\/wp-content\/uploads\/2025\/01\/Womens-Probiotic.png\",\"contentUrl\":\"https:\/\/www.vivawc.com\/wp-content\/uploads\/2025\/01\/Womens-Probiotic.png\",\"width\":1080,\"height\":1080,\"caption\":\"Women's Probiotic - 50\"},{\"@type\":\"BreadcrumbList\",\"@id\":\"https:\/\/www.vivawc.com\/product\/womens-probiotic\/#breadcrumb\",\"itemListElement\":[{\"@type\":\"ListItem\",\"position\":1,\"name\":\"Home\",\"item\":\"https:\/\/www.vivawc.com\/\"},{\"@type\":\"ListItem\",\"position\":2,\"name\":\"Shop\",\"item\":\"https:\/\/www.vivawc.com\/shop\/\"},{\"@type\":\"ListItem\",\"position\":3,\"name\":\"Women&#8217;s Probiotic\"}]},{\"@type\":\"WebSite\",\"@id\":\"https:\/\/www.vivawc.com\/#website\",\"url\":\"https:\/\/www.vivawc.com\/\",\"name\":\"Viva Wellness Center\",\"description\":\"Revitalize Your Health: Boston&#039;s Top Clinic for Hormone Therapy, IV Therapy, Weight Loss, Lab Exams and More!\",\"publisher\":{\"@id\":\"https:\/\/www.vivawc.com\/#organization\"},\"potentialAction\":[{\"@type\":\"SearchAction\",\"target\":{\"@type\":\"EntryPoint\",\"urlTemplate\":\"https:\/\/www.vivawc.com\/?s={search_term_string}\"},\"query-input\":{\"@type\":\"PropertyValueSpecification\",\"valueRequired\":true,\"valueName\":\"search_term_string\"}}],\"inLanguage\":\"pt-BR\"},{\"@type\":\"Organization\",\"@id\":\"https:\/\/www.vivawc.com\/#organization\",\"name\":\"Viva Wellness Center\",\"url\":\"https:\/\/www.vivawc.com\/\",\"logo\":{\"@type\":\"ImageObject\",\"inLanguage\":\"pt-BR\",\"@id\":\"https:\/\/www.vivawc.com\/#\/schema\/logo\/image\/\",\"url\":\"https:\/\/www.vivawc.com\/wp-content\/uploads\/2024\/02\/Viva-Wellness.webp\",\"contentUrl\":\"https:\/\/www.vivawc.com\/wp-content\/uploads\/2024\/02\/Viva-Wellness.webp\",\"width\":1080,\"height\":1080,\"caption\":\"Viva Wellness Center\"},\"image\":{\"@id\":\"https:\/\/www.vivawc.com\/#\/schema\/logo\/image\/\"}}]}<\/script>\n<!-- \/ Yoast SEO plugin. -->","yoast_head_json":{"title":"Probi\u00f3tico Feminino - Viva Wellness Center","description":"Os probi\u00f3ticos auxiliam na digest\u00e3o, fortalecem o sistema imunol\u00f3gico e mant\u00eam o revestimento intestinal saud\u00e1vel.","robots":{"index":"index","follow":"follow","max-snippet":"max-snippet:-1","max-image-preview":"max-image-preview:large","max-video-preview":"max-video-preview:-1"},"canonical":"https:\/\/www.vivawc.com\/pt\/produtos\/probiotico-feminino\/","og_locale":"pt_BR","og_type":"article","og_title":"Women's Probiotic - Viva Wellness Center","og_description":"Probiotics support digestion, strengthen the immune system, and maintain a healthy intestinal lining.","og_url":"https:\/\/www.vivawc.com\/pt\/produtos\/probiotico-feminino\/","og_site_name":"Viva Wellness Center","article_modified_time":"2025-02-25T18:57:10+00:00","og_image":[{"width":1080,"height":1080,"url":"https:\/\/www.vivawc.com\/wp-content\/uploads\/2025\/01\/Womens-Probiotic.png","type":"image\/png"}],"schema":{"@context":"https:\/\/schema.org","@graph":[{"@type":"WebPage","@id":"https:\/\/www.vivawc.com\/product\/womens-probiotic\/","url":"https:\/\/www.vivawc.com\/product\/womens-probiotic\/","name":"Probi\u00f3tico Feminino - Viva Wellness Center","isPartOf":{"@id":"https:\/\/www.vivawc.com\/#website"},"primaryImageOfPage":{"@id":"https:\/\/www.vivawc.com\/product\/womens-probiotic\/#primaryimage"},"image":{"@id":"https:\/\/www.vivawc.com\/product\/womens-probiotic\/#primaryimage"},"thumbnailUrl":"https:\/\/www.vivawc.com\/wp-content\/uploads\/2025\/01\/Womens-Probiotic.png","datePublished":"2025-01-28T17:16:42+00:00","dateModified":"2025-02-25T18:57:10+00:00","description":"Os probi\u00f3ticos auxiliam na digest\u00e3o, fortalecem o sistema imunol\u00f3gico e mant\u00eam o revestimento intestinal saud\u00e1vel.","breadcrumb":{"@id":"https:\/\/www.vivawc.com\/product\/womens-probiotic\/#breadcrumb"},"inLanguage":"pt-BR","potentialAction":[{"@type":"ReadAction","target":["https:\/\/www.vivawc.com\/product\/womens-probiotic\/"]}]},{"@type":"ImageObject","inLanguage":"pt-BR","@id":"https:\/\/www.vivawc.com\/product\/womens-probiotic\/#primaryimage","url":"https:\/\/www.vivawc.com\/wp-content\/uploads\/2025\/01\/Womens-Probiotic.png","contentUrl":"https:\/\/www.vivawc.com\/wp-content\/uploads\/2025\/01\/Womens-Probiotic.png","width":1080,"height":1080,"caption":"Women's Probiotic - 50"},{"@type":"BreadcrumbList","@id":"https:\/\/www.vivawc.com\/product\/womens-probiotic\/#breadcrumb","itemListElement":[{"@type":"ListItem","position":1,"name":"Home","item":"https:\/\/www.vivawc.com\/"},{"@type":"ListItem","position":2,"name":"Shop","item":"https:\/\/www.vivawc.com\/shop\/"},{"@type":"ListItem","position":3,"name":"Women&#8217;s Probiotic"}]},{"@type":"WebSite","@id":"https:\/\/www.vivawc.com\/#website","url":"https:\/\/www.vivawc.com\/","name":"Viva Wellness Center","description":"Revitalize sua sa\u00fade: a melhor cl\u00ednica de Boston para terapia hormonal, terapia intravenosa, perda de peso, exames laboratoriais e muito mais!","publisher":{"@id":"https:\/\/www.vivawc.com\/#organization"},"potentialAction":[{"@type":"SearchAction","target":{"@type":"EntryPoint","urlTemplate":"https:\/\/www.vivawc.com\/?s={search_term_string}"},"query-input":{"@type":"PropertyValueSpecification","valueRequired":true,"valueName":"search_term_string"}}],"inLanguage":"pt-BR"},{"@type":"Organization","@id":"https:\/\/www.vivawc.com\/#organization","name":"Viva Wellness Center","url":"https:\/\/www.vivawc.com\/","logo":{"@type":"ImageObject","inLanguage":"pt-BR","@id":"https:\/\/www.vivawc.com\/#\/schema\/logo\/image\/","url":"https:\/\/www.vivawc.com\/wp-content\/uploads\/2024\/02\/Viva-Wellness.webp","contentUrl":"https:\/\/www.vivawc.com\/wp-content\/uploads\/2024\/02\/Viva-Wellness.webp","width":1080,"height":1080,"caption":"Viva Wellness Center"},"image":{"@id":"https:\/\/www.vivawc.com\/#\/schema\/logo\/image\/"}}]}},"_links":{"self":[{"href":"https:\/\/www.vivawc.com\/pt\/wp-json\/wp\/v2\/product\/3269","targetHints":{"allow":["GET"]}}],"collection":[{"href":"https:\/\/www.vivawc.com\/pt\/wp-json\/wp\/v2\/product"}],"about":[{"href":"https:\/\/www.vivawc.com\/pt\/wp-json\/wp\/v2\/types\/product"}],"replies":[{"embeddable":true,"href":"https:\/\/www.vivawc.com\/pt\/wp-json\/wp\/v2\/comments?post=3269"}],"wp:featuredmedia":[{"embeddable":true,"href":"https:\/\/www.vivawc.com\/pt\/wp-json\/wp\/v2\/media\/3270"}],"wp:attachment":[{"href":"https:\/\/www.vivawc.com\/pt\/wp-json\/wp\/v2\/media?parent=3269"}],"wp:term":[{"taxonomy":"product_brand","embeddable":true,"href":"https:\/\/www.vivawc.com\/pt\/wp-json\/wp\/v2\/product_brand?post=3269"},{"taxonomy":"product_cat","embeddable":true,"href":"https:\/\/www.vivawc.com\/pt\/wp-json\/wp\/v2\/product_cat?post=3269"},{"taxonomy":"product_tag","embeddable":true,"href":"https:\/\/www.vivawc.com\/pt\/wp-json\/wp\/v2\/product_tag?post=3269"}],"curies":[{"name":"wp","href":"https:\/\/api.w.org\/{rel}","templated":true}]}}