{"id":3267,"date":"2025-01-25T19:12:43","date_gmt":"2025-01-25T19:12:43","guid":{"rendered":"https:\/\/www.vivawc.com\/?post_type=product&#038;p=3267"},"modified":"2025-02-01T21:58:10","modified_gmt":"2025-02-01T21:58:10","slug":"po-de-creatina","status":"publish","type":"product","link":"https:\/\/www.vivawc.com\/pt\/produtos\/po-de-creatina\/","title":{"rendered":"Creatina em p\u00f3"},"content":{"rendered":"<p>Nossa Creatina Monohidratada \u00e9 a creatina mais pura dispon\u00edvel, proporcionando a voc\u00ea os melhores resultados de creatina.<\/p>\n<p>N\u00e3o se deixe enganar por produtos de Creatina mais baratos. Usamos apenas Creatina sem enchimentos ou aditivos.<\/p>\n<ul>\n<li>Testado em laborat\u00f3rio para qualidade e pureza<\/li>\n<li>Micronizado para r\u00e1pida absor\u00e7\u00e3o<\/li>\n<li>Sem enchimentos, s\u00f3dio ou a\u00e7\u00facar<\/li>\n<\/ul>","protected":false},"excerpt":{"rendered":"<div class=\"flex-shrink-0 flex flex-col relative items-end\">\n<div>\n<div class=\"pt-0\">\n<div class=\"gizmo-bot-avatar flex h-8 w-8 items-center justify-center overflow-hidden rounded-full\">\n<div class=\"relative p-1 rounded-sm flex items-center justify-center bg-token-main-surface-primary text-token-text-primary h-8 w-8\">Creatina Monohidratada pura, testada em laborat\u00f3rio, sem enchimentos, s\u00f3dio ou a\u00e7\u00facar. Micronizada para r\u00e1pida absor\u00e7\u00e3o e desempenho m\u00e1ximo<\/div>\n<\/div>\n<\/div>\n<\/div>\n<\/div>","protected":false},"featured_media":3268,"comment_status":"open","ping_status":"closed","template":"","meta":[],"product_brand":[],"product_cat":[75],"product_tag":[],"class_list":{"0":"post-3267","1":"product","2":"type-product","3":"status-publish","4":"has-post-thumbnail","6":"product_cat-supplements","7":"product_shipping_class-lightweight","9":"first","10":"instock","11":"taxable","12":"shipping-taxable","13":"purchasable","14":"product-type-simple"},"yoast_head":"<!-- This site is optimized with the Yoast SEO plugin v26.6 - https:\/\/yoast.com\/wordpress\/plugins\/seo\/ -->\n<title>Creatine Powder - Viva Wellness Center<\/title>\n<meta name=\"description\" content=\"Pure, lab-tested Creatine Monohydrate with no fillers, sodium, or sugar. Micronized for fast absorption and peak performance.\" \/>\n<meta name=\"robots\" content=\"index, follow, max-snippet:-1, max-image-preview:large, max-video-preview:-1\" \/>\n<link rel=\"canonical\" href=\"https:\/\/www.vivawc.com\/pt\/produtos\/po-de-creatina\/\" \/>\n<meta property=\"og:locale\" content=\"pt_BR\" \/>\n<meta property=\"og:type\" content=\"article\" \/>\n<meta property=\"og:title\" content=\"Creatine Powder - Viva Wellness Center\" \/>\n<meta property=\"og:description\" content=\"Pure, lab-tested Creatine Monohydrate with no fillers, sodium, or sugar. Micronized for fast absorption and peak performance.\" \/>\n<meta property=\"og:url\" content=\"https:\/\/www.vivawc.com\/pt\/produtos\/po-de-creatina\/\" \/>\n<meta property=\"og:site_name\" content=\"Viva Wellness Center\" \/>\n<meta property=\"article:modified_time\" content=\"2025-02-01T21:58:10+00:00\" \/>\n<meta property=\"og:image\" content=\"https:\/\/www.vivawc.com\/wp-content\/uploads\/2025\/01\/Creatine-Powder.png\" \/>\n\t<meta property=\"og:image:width\" content=\"1080\" \/>\n\t<meta property=\"og:image:height\" content=\"1080\" \/>\n\t<meta property=\"og:image:type\" content=\"image\/png\" \/>\n<script type=\"application\/ld+json\" class=\"yoast-schema-graph\">{\"@context\":\"https:\/\/schema.org\",\"@graph\":[{\"@type\":\"WebPage\",\"@id\":\"https:\/\/www.vivawc.com\/product\/creatine-powder\/\",\"url\":\"https:\/\/www.vivawc.com\/product\/creatine-powder\/\",\"name\":\"Creatine Powder - Viva Wellness Center\",\"isPartOf\":{\"@id\":\"https:\/\/www.vivawc.com\/#website\"},\"primaryImageOfPage\":{\"@id\":\"https:\/\/www.vivawc.com\/product\/creatine-powder\/#primaryimage\"},\"image\":{\"@id\":\"https:\/\/www.vivawc.com\/product\/creatine-powder\/#primaryimage\"},\"thumbnailUrl\":\"https:\/\/www.vivawc.com\/wp-content\/uploads\/2025\/01\/Creatine-Powder.png\",\"datePublished\":\"2025-01-25T19:12:43+00:00\",\"dateModified\":\"2025-02-01T21:58:10+00:00\",\"description\":\"Pure, lab-tested Creatine Monohydrate with no fillers, sodium, or sugar. Micronized for fast absorption and peak performance.\",\"breadcrumb\":{\"@id\":\"https:\/\/www.vivawc.com\/product\/creatine-powder\/#breadcrumb\"},\"inLanguage\":\"pt-BR\",\"potentialAction\":[{\"@type\":\"ReadAction\",\"target\":[\"https:\/\/www.vivawc.com\/product\/creatine-powder\/\"]}]},{\"@type\":\"ImageObject\",\"inLanguage\":\"pt-BR\",\"@id\":\"https:\/\/www.vivawc.com\/product\/creatine-powder\/#primaryimage\",\"url\":\"https:\/\/www.vivawc.com\/wp-content\/uploads\/2025\/01\/Creatine-Powder.png\",\"contentUrl\":\"https:\/\/www.vivawc.com\/wp-content\/uploads\/2025\/01\/Creatine-Powder.png\",\"width\":1080,\"height\":1080,\"caption\":\"Creatine Monohydrate\"},{\"@type\":\"BreadcrumbList\",\"@id\":\"https:\/\/www.vivawc.com\/product\/creatine-powder\/#breadcrumb\",\"itemListElement\":[{\"@type\":\"ListItem\",\"position\":1,\"name\":\"Home\",\"item\":\"https:\/\/www.vivawc.com\/\"},{\"@type\":\"ListItem\",\"position\":2,\"name\":\"Shop\",\"item\":\"https:\/\/www.vivawc.com\/shop\/\"},{\"@type\":\"ListItem\",\"position\":3,\"name\":\"Creatine Powder\"}]},{\"@type\":\"WebSite\",\"@id\":\"https:\/\/www.vivawc.com\/#website\",\"url\":\"https:\/\/www.vivawc.com\/\",\"name\":\"Viva Wellness Center\",\"description\":\"Revitalize Your Health: Boston&#039;s Top Clinic for Hormone Therapy, IV Therapy, Weight Loss, Lab Exams and More!\",\"publisher\":{\"@id\":\"https:\/\/www.vivawc.com\/#organization\"},\"potentialAction\":[{\"@type\":\"SearchAction\",\"target\":{\"@type\":\"EntryPoint\",\"urlTemplate\":\"https:\/\/www.vivawc.com\/?s={search_term_string}\"},\"query-input\":{\"@type\":\"PropertyValueSpecification\",\"valueRequired\":true,\"valueName\":\"search_term_string\"}}],\"inLanguage\":\"pt-BR\"},{\"@type\":\"Organization\",\"@id\":\"https:\/\/www.vivawc.com\/#organization\",\"name\":\"Viva Wellness Center\",\"url\":\"https:\/\/www.vivawc.com\/\",\"logo\":{\"@type\":\"ImageObject\",\"inLanguage\":\"pt-BR\",\"@id\":\"https:\/\/www.vivawc.com\/#\/schema\/logo\/image\/\",\"url\":\"https:\/\/www.vivawc.com\/wp-content\/uploads\/2024\/02\/Viva-Wellness.webp\",\"contentUrl\":\"https:\/\/www.vivawc.com\/wp-content\/uploads\/2024\/02\/Viva-Wellness.webp\",\"width\":1080,\"height\":1080,\"caption\":\"Viva Wellness Center\"},\"image\":{\"@id\":\"https:\/\/www.vivawc.com\/#\/schema\/logo\/image\/\"}}]}<\/script>\n<!-- \/ Yoast SEO plugin. -->","yoast_head_json":{"title":"Creatina em p\u00f3 - Viva Wellness Center","description":"Creatina Monohidratada pura, testada em laborat\u00f3rio, sem enchimentos, s\u00f3dio ou a\u00e7\u00facar. Micronizada para r\u00e1pida absor\u00e7\u00e3o e desempenho m\u00e1ximo.","robots":{"index":"index","follow":"follow","max-snippet":"max-snippet:-1","max-image-preview":"max-image-preview:large","max-video-preview":"max-video-preview:-1"},"canonical":"https:\/\/www.vivawc.com\/pt\/produtos\/po-de-creatina\/","og_locale":"pt_BR","og_type":"article","og_title":"Creatine Powder - Viva Wellness Center","og_description":"Pure, lab-tested Creatine Monohydrate with no fillers, sodium, or sugar. Micronized for fast absorption and peak performance.","og_url":"https:\/\/www.vivawc.com\/pt\/produtos\/po-de-creatina\/","og_site_name":"Viva Wellness Center","article_modified_time":"2025-02-01T21:58:10+00:00","og_image":[{"width":1080,"height":1080,"url":"https:\/\/www.vivawc.com\/wp-content\/uploads\/2025\/01\/Creatine-Powder.png","type":"image\/png"}],"schema":{"@context":"https:\/\/schema.org","@graph":[{"@type":"WebPage","@id":"https:\/\/www.vivawc.com\/product\/creatine-powder\/","url":"https:\/\/www.vivawc.com\/product\/creatine-powder\/","name":"Creatina em p\u00f3 - Viva Wellness Center","isPartOf":{"@id":"https:\/\/www.vivawc.com\/#website"},"primaryImageOfPage":{"@id":"https:\/\/www.vivawc.com\/product\/creatine-powder\/#primaryimage"},"image":{"@id":"https:\/\/www.vivawc.com\/product\/creatine-powder\/#primaryimage"},"thumbnailUrl":"https:\/\/www.vivawc.com\/wp-content\/uploads\/2025\/01\/Creatine-Powder.png","datePublished":"2025-01-25T19:12:43+00:00","dateModified":"2025-02-01T21:58:10+00:00","description":"Creatina Monohidratada pura, testada em laborat\u00f3rio, sem enchimentos, s\u00f3dio ou a\u00e7\u00facar. Micronizada para r\u00e1pida absor\u00e7\u00e3o e desempenho m\u00e1ximo.","breadcrumb":{"@id":"https:\/\/www.vivawc.com\/product\/creatine-powder\/#breadcrumb"},"inLanguage":"pt-BR","potentialAction":[{"@type":"ReadAction","target":["https:\/\/www.vivawc.com\/product\/creatine-powder\/"]}]},{"@type":"ImageObject","inLanguage":"pt-BR","@id":"https:\/\/www.vivawc.com\/product\/creatine-powder\/#primaryimage","url":"https:\/\/www.vivawc.com\/wp-content\/uploads\/2025\/01\/Creatine-Powder.png","contentUrl":"https:\/\/www.vivawc.com\/wp-content\/uploads\/2025\/01\/Creatine-Powder.png","width":1080,"height":1080,"caption":"Creatine Monohydrate"},{"@type":"BreadcrumbList","@id":"https:\/\/www.vivawc.com\/product\/creatine-powder\/#breadcrumb","itemListElement":[{"@type":"ListItem","position":1,"name":"Home","item":"https:\/\/www.vivawc.com\/"},{"@type":"ListItem","position":2,"name":"Shop","item":"https:\/\/www.vivawc.com\/shop\/"},{"@type":"ListItem","position":3,"name":"Creatine Powder"}]},{"@type":"WebSite","@id":"https:\/\/www.vivawc.com\/#website","url":"https:\/\/www.vivawc.com\/","name":"Viva Wellness Center","description":"Revitalize sua sa\u00fade: a melhor cl\u00ednica de Boston para terapia hormonal, terapia intravenosa, perda de peso, exames laboratoriais e muito mais!","publisher":{"@id":"https:\/\/www.vivawc.com\/#organization"},"potentialAction":[{"@type":"SearchAction","target":{"@type":"EntryPoint","urlTemplate":"https:\/\/www.vivawc.com\/?s={search_term_string}"},"query-input":{"@type":"PropertyValueSpecification","valueRequired":true,"valueName":"search_term_string"}}],"inLanguage":"pt-BR"},{"@type":"Organization","@id":"https:\/\/www.vivawc.com\/#organization","name":"Viva Wellness Center","url":"https:\/\/www.vivawc.com\/","logo":{"@type":"ImageObject","inLanguage":"pt-BR","@id":"https:\/\/www.vivawc.com\/#\/schema\/logo\/image\/","url":"https:\/\/www.vivawc.com\/wp-content\/uploads\/2024\/02\/Viva-Wellness.webp","contentUrl":"https:\/\/www.vivawc.com\/wp-content\/uploads\/2024\/02\/Viva-Wellness.webp","width":1080,"height":1080,"caption":"Viva Wellness Center"},"image":{"@id":"https:\/\/www.vivawc.com\/#\/schema\/logo\/image\/"}}]}},"_links":{"self":[{"href":"https:\/\/www.vivawc.com\/pt\/wp-json\/wp\/v2\/product\/3267","targetHints":{"allow":["GET"]}}],"collection":[{"href":"https:\/\/www.vivawc.com\/pt\/wp-json\/wp\/v2\/product"}],"about":[{"href":"https:\/\/www.vivawc.com\/pt\/wp-json\/wp\/v2\/types\/product"}],"replies":[{"embeddable":true,"href":"https:\/\/www.vivawc.com\/pt\/wp-json\/wp\/v2\/comments?post=3267"}],"wp:featuredmedia":[{"embeddable":true,"href":"https:\/\/www.vivawc.com\/pt\/wp-json\/wp\/v2\/media\/3268"}],"wp:attachment":[{"href":"https:\/\/www.vivawc.com\/pt\/wp-json\/wp\/v2\/media?parent=3267"}],"wp:term":[{"taxonomy":"product_brand","embeddable":true,"href":"https:\/\/www.vivawc.com\/pt\/wp-json\/wp\/v2\/product_brand?post=3267"},{"taxonomy":"product_cat","embeddable":true,"href":"https:\/\/www.vivawc.com\/pt\/wp-json\/wp\/v2\/product_cat?post=3267"},{"taxonomy":"product_tag","embeddable":true,"href":"https:\/\/www.vivawc.com\/pt\/wp-json\/wp\/v2\/product_tag?post=3267"}],"curies":[{"name":"wp","href":"https:\/\/api.w.org\/{rel}","templated":true}]}}