{"id":2740,"date":"2024-08-23T21:49:27","date_gmt":"2024-08-23T21:49:27","guid":{"rendered":"https:\/\/www.vivawc.com\/?post_type=product&#038;p=2740"},"modified":"2026-03-04T17:38:16","modified_gmt":"2026-03-04T17:38:16","slug":"semaglutida-ozempic","status":"publish","type":"product","link":"https:\/\/www.vivawc.com\/pt\/produtos\/semaglutida-ozempic\/","title":{"rendered":"Semaglutida"},"content":{"rendered":"<h2 data-start=\"0\" data-end=\"79\"><strong data-start=\"3\" data-end=\"79\">Semaglutide Medical Weight Management in Stoneham Serving Greater Boston<\/strong><\/h2>\n<p data-start=\"81\" data-end=\"215\">Semaglutide is a prescription medication used as part of a medically supervised weight management program when clinically appropriate.<\/p>\n<p data-start=\"217\" data-end=\"483\">The FDA-approved formulations of semaglutide for weight management include <span class=\"hover:entity-accent entity-underline inline cursor-pointer align-baseline\"><span class=\"whitespace-normal\">Wegovy<\/span><\/span>, enquanto <span class=\"hover:entity-accent entity-underline inline cursor-pointer align-baseline\"><span class=\"whitespace-normal\">Ozempic<\/span><\/span> is an FDA-approved semaglutide medication primarily indicated for blood sugar management in type 2 diabetes.<\/p>\n<p data-start=\"485\" data-end=\"680\">During a clinical evaluation, our providers determine whether semaglutide therapy may be appropriate based on your medical history, laboratory results when indicated, and weight management goals.<\/p>\n<p data-start=\"682\" data-end=\"934\">Semaglutide belongs to the GLP-1 receptor agonist class of medications. It works by supporting appetite regulation, slowing gastric emptying, and promoting satiety signals, which may help reduce calorie intake when combined with lifestyle modification.<\/p>\n<h3 data-start=\"936\" data-end=\"992\">Physician-Supervised Semaglutide Therapy May Support<\/h3>\n<ul data-start=\"994\" data-end=\"1211\">\n<li data-start=\"994\" data-end=\"1025\">\n<p data-start=\"996\" data-end=\"1025\">Appetite and hunger control<\/p>\n<\/li>\n<li data-start=\"1026\" data-end=\"1060\">\n<p data-start=\"1028\" data-end=\"1060\">Blood sugar regulation support<\/p>\n<\/li>\n<li data-start=\"1061\" data-end=\"1096\">\n<p data-start=\"1063\" data-end=\"1096\">Personalized treatment planning<\/p>\n<\/li>\n<li data-start=\"1097\" data-end=\"1156\">\n<p data-start=\"1099\" data-end=\"1156\">Weekly medication administration under medical guidance<\/p>\n<\/li>\n<li data-start=\"1157\" data-end=\"1211\">\n<p data-start=\"1159\" data-end=\"1211\">Integration with nutrition and wellness counseling<\/p>\n<\/li>\n<\/ul>\n<p data-start=\"1213\" data-end=\"1357\">Weight loss outcomes vary among patients and depend on multiple factors including diet, physical activity, and individual response to treatment.<\/p>\n<p data-start=\"1359\" data-end=\"1518\">At our Stoneham clinic serving the Greater Boston area, semaglutide therapy is prescribed following a medical consultation and appropriate clinical assessment.<\/p>\n<p data-start=\"1520\" data-end=\"1753\"><strong data-start=\"1520\" data-end=\"1753\">Compounded semaglutide may be prepared by a licensed compounding pharmacy pursuant to a valid prescription. Compounded medications are not FDA-approved and are not equivalent to commercially manufactured FDA-approved medications.<\/strong><\/p>\n<p data-start=\"1755\" data-end=\"1872\">Schedule a consultation with our team to determine whether medically supervised semaglutide therapy is right for you.<\/p>","protected":false},"excerpt":{"rendered":"<div class=\"flex-shrink-0 flex flex-col relative items-end\">\n<div class=\"pt-0\">\n<div class=\"gizmo-bot-avatar flex h-8 w-8 items-center justify-center overflow-hidden rounded-full\">\n<div class=\"relative p-1 rounded-sm flex items-center justify-center bg-token-main-surface-primary text-token-text-primary h-8 w-8\">\n<div class=\"flex-shrink-0 flex flex-col relative items-end\">\n<div class=\"pt-0\">\n<div class=\"gizmo-bot-avatar flex h-8 w-8 items-center justify-center overflow-hidden rounded-full\">\n<div class=\"relative p-1 rounded-sm flex items-center justify-center bg-token-main-surface-primary text-token-text-primary h-8 w-8\">\n<p>Perca at\u00e9 10 lbs\/m\u00eas com Semaglutide em nossa cl\u00ednica Stoneham, que atende a \u00e1rea de Boston. Esta inje\u00e7\u00e3o semanal melhora a perda de peso com uma dieta saud\u00e1vel e exerc\u00edcios.<\/p>\n<\/div>\n<\/div>\n<\/div>\n<\/div>\n<\/div>\n<\/div>\n<\/div>\n<\/div>","protected":false},"featured_media":2743,"comment_status":"open","ping_status":"closed","template":"","meta":[],"product_brand":[],"product_cat":[55],"product_tag":[],"class_list":{"0":"post-2740","1":"product","2":"type-product","3":"status-publish","4":"has-post-thumbnail","6":"product_cat-weight-loss","8":"first","9":"instock","10":"taxable","11":"shipping-taxable","12":"product-type-external"},"yoast_head":"<!-- This site is optimized with the Yoast SEO plugin v26.6 - https:\/\/yoast.com\/wordpress\/plugins\/seo\/ -->\n<title>Semaglutide | Boston | Located in Stoneham, MA<\/title>\n<meta name=\"description\" content=\"Semaglutide injections at our Stoneham clinic, serving the Boston area. Our team provides effective treatments to help you manage your weight and improve metabolic health\" \/>\n<meta name=\"robots\" content=\"index, follow, max-snippet:-1, max-image-preview:large, max-video-preview:-1\" \/>\n<link rel=\"canonical\" href=\"https:\/\/www.vivawc.com\/pt\/produtos\/semaglutida-ozempic\/\" \/>\n<meta property=\"og:locale\" content=\"pt_BR\" \/>\n<meta property=\"og:type\" content=\"article\" \/>\n<meta property=\"og:title\" content=\"Semaglutide | Boston | Located in Stoneham, MA\" \/>\n<meta property=\"og:description\" content=\"Semaglutide injections at our Stoneham clinic, serving the Boston area. Our team provides effective treatments to help you manage your weight and improve metabolic health\" \/>\n<meta property=\"og:url\" content=\"https:\/\/www.vivawc.com\/pt\/produtos\/semaglutida-ozempic\/\" \/>\n<meta property=\"og:site_name\" content=\"Viva Wellness Center\" \/>\n<meta property=\"article:modified_time\" content=\"2026-03-04T17:38:16+00:00\" \/>\n<meta property=\"og:image\" content=\"https:\/\/www.vivawc.com\/wp-content\/uploads\/2024\/08\/Semaglutide-Ozempic-1.webp\" \/>\n\t<meta property=\"og:image:width\" content=\"1080\" \/>\n\t<meta property=\"og:image:height\" content=\"1080\" \/>\n\t<meta property=\"og:image:type\" content=\"image\/webp\" \/>\n<script type=\"application\/ld+json\" class=\"yoast-schema-graph\">{\"@context\":\"https:\/\/schema.org\",\"@graph\":[{\"@type\":\"WebPage\",\"@id\":\"https:\/\/www.vivawc.com\/product\/semaglutide-ozempic\/\",\"url\":\"https:\/\/www.vivawc.com\/product\/semaglutide-ozempic\/\",\"name\":\"Semaglutide | Boston | Located in Stoneham, MA\",\"isPartOf\":{\"@id\":\"https:\/\/www.vivawc.com\/#website\"},\"primaryImageOfPage\":{\"@id\":\"https:\/\/www.vivawc.com\/product\/semaglutide-ozempic\/#primaryimage\"},\"image\":{\"@id\":\"https:\/\/www.vivawc.com\/product\/semaglutide-ozempic\/#primaryimage\"},\"thumbnailUrl\":\"https:\/\/www.vivawc.com\/wp-content\/uploads\/2024\/08\/Semaglutide-Ozempic-1.webp\",\"datePublished\":\"2024-08-23T21:49:27+00:00\",\"dateModified\":\"2026-03-04T17:38:16+00:00\",\"description\":\"Semaglutide injections at our Stoneham clinic, serving the Boston area. Our team provides effective treatments to help you manage your weight and improve metabolic health\",\"breadcrumb\":{\"@id\":\"https:\/\/www.vivawc.com\/product\/semaglutide-ozempic\/#breadcrumb\"},\"inLanguage\":\"pt-BR\",\"potentialAction\":[{\"@type\":\"ReadAction\",\"target\":[\"https:\/\/www.vivawc.com\/product\/semaglutide-ozempic\/\"]}]},{\"@type\":\"ImageObject\",\"inLanguage\":\"pt-BR\",\"@id\":\"https:\/\/www.vivawc.com\/product\/semaglutide-ozempic\/#primaryimage\",\"url\":\"https:\/\/www.vivawc.com\/wp-content\/uploads\/2024\/08\/Semaglutide-Ozempic-1.webp\",\"contentUrl\":\"https:\/\/www.vivawc.com\/wp-content\/uploads\/2024\/08\/Semaglutide-Ozempic-1.webp\",\"width\":1080,\"height\":1080,\"caption\":\"weight loss injection ozempic\"},{\"@type\":\"BreadcrumbList\",\"@id\":\"https:\/\/www.vivawc.com\/product\/semaglutide-ozempic\/#breadcrumb\",\"itemListElement\":[{\"@type\":\"ListItem\",\"position\":1,\"name\":\"Home\",\"item\":\"https:\/\/www.vivawc.com\/\"},{\"@type\":\"ListItem\",\"position\":2,\"name\":\"Shop\",\"item\":\"https:\/\/www.vivawc.com\/shop\/\"},{\"@type\":\"ListItem\",\"position\":3,\"name\":\"Semaglutide\"}]},{\"@type\":\"WebSite\",\"@id\":\"https:\/\/www.vivawc.com\/#website\",\"url\":\"https:\/\/www.vivawc.com\/\",\"name\":\"Viva Wellness Center\",\"description\":\"Revitalize Your Health: Boston&#039;s Top Clinic for Hormone Therapy, IV Therapy, Weight Loss, Lab Exams and More!\",\"publisher\":{\"@id\":\"https:\/\/www.vivawc.com\/#organization\"},\"potentialAction\":[{\"@type\":\"SearchAction\",\"target\":{\"@type\":\"EntryPoint\",\"urlTemplate\":\"https:\/\/www.vivawc.com\/?s={search_term_string}\"},\"query-input\":{\"@type\":\"PropertyValueSpecification\",\"valueRequired\":true,\"valueName\":\"search_term_string\"}}],\"inLanguage\":\"pt-BR\"},{\"@type\":\"Organization\",\"@id\":\"https:\/\/www.vivawc.com\/#organization\",\"name\":\"Viva Wellness Center\",\"url\":\"https:\/\/www.vivawc.com\/\",\"logo\":{\"@type\":\"ImageObject\",\"inLanguage\":\"pt-BR\",\"@id\":\"https:\/\/www.vivawc.com\/#\/schema\/logo\/image\/\",\"url\":\"https:\/\/www.vivawc.com\/wp-content\/uploads\/2024\/02\/Viva-Wellness.webp\",\"contentUrl\":\"https:\/\/www.vivawc.com\/wp-content\/uploads\/2024\/02\/Viva-Wellness.webp\",\"width\":1080,\"height\":1080,\"caption\":\"Viva Wellness Center\"},\"image\":{\"@id\":\"https:\/\/www.vivawc.com\/#\/schema\/logo\/image\/\"}}]}<\/script>\n<!-- \/ Yoast SEO plugin. -->","yoast_head_json":{"title":"Semaglutida | Boston | Localizado em Stoneham, MA","description":"Inje\u00e7\u00f5es de semaglutida em nossa cl\u00ednica Stoneham, atendendo a \u00e1rea de Boston. Nossa equipe fornece tratamentos eficazes para ajudar voc\u00ea a controlar seu peso e melhorar a sa\u00fade metab\u00f3lica","robots":{"index":"index","follow":"follow","max-snippet":"max-snippet:-1","max-image-preview":"max-image-preview:large","max-video-preview":"max-video-preview:-1"},"canonical":"https:\/\/www.vivawc.com\/pt\/produtos\/semaglutida-ozempic\/","og_locale":"pt_BR","og_type":"article","og_title":"Semaglutide | Boston | Located in Stoneham, MA","og_description":"Semaglutide injections at our Stoneham clinic, serving the Boston area. Our team provides effective treatments to help you manage your weight and improve metabolic health","og_url":"https:\/\/www.vivawc.com\/pt\/produtos\/semaglutida-ozempic\/","og_site_name":"Viva Wellness Center","article_modified_time":"2026-03-04T17:38:16+00:00","og_image":[{"width":1080,"height":1080,"url":"https:\/\/www.vivawc.com\/wp-content\/uploads\/2024\/08\/Semaglutide-Ozempic-1.webp","type":"image\/webp"}],"schema":{"@context":"https:\/\/schema.org","@graph":[{"@type":"WebPage","@id":"https:\/\/www.vivawc.com\/product\/semaglutide-ozempic\/","url":"https:\/\/www.vivawc.com\/product\/semaglutide-ozempic\/","name":"Semaglutida | Boston | Localizado em Stoneham, MA","isPartOf":{"@id":"https:\/\/www.vivawc.com\/#website"},"primaryImageOfPage":{"@id":"https:\/\/www.vivawc.com\/product\/semaglutide-ozempic\/#primaryimage"},"image":{"@id":"https:\/\/www.vivawc.com\/product\/semaglutide-ozempic\/#primaryimage"},"thumbnailUrl":"https:\/\/www.vivawc.com\/wp-content\/uploads\/2024\/08\/Semaglutide-Ozempic-1.webp","datePublished":"2024-08-23T21:49:27+00:00","dateModified":"2026-03-04T17:38:16+00:00","description":"Inje\u00e7\u00f5es de semaglutida em nossa cl\u00ednica Stoneham, atendendo a \u00e1rea de Boston. Nossa equipe fornece tratamentos eficazes para ajudar voc\u00ea a controlar seu peso e melhorar a sa\u00fade metab\u00f3lica","breadcrumb":{"@id":"https:\/\/www.vivawc.com\/product\/semaglutide-ozempic\/#breadcrumb"},"inLanguage":"pt-BR","potentialAction":[{"@type":"ReadAction","target":["https:\/\/www.vivawc.com\/product\/semaglutide-ozempic\/"]}]},{"@type":"ImageObject","inLanguage":"pt-BR","@id":"https:\/\/www.vivawc.com\/product\/semaglutide-ozempic\/#primaryimage","url":"https:\/\/www.vivawc.com\/wp-content\/uploads\/2024\/08\/Semaglutide-Ozempic-1.webp","contentUrl":"https:\/\/www.vivawc.com\/wp-content\/uploads\/2024\/08\/Semaglutide-Ozempic-1.webp","width":1080,"height":1080,"caption":"weight loss injection ozempic"},{"@type":"BreadcrumbList","@id":"https:\/\/www.vivawc.com\/product\/semaglutide-ozempic\/#breadcrumb","itemListElement":[{"@type":"ListItem","position":1,"name":"Home","item":"https:\/\/www.vivawc.com\/"},{"@type":"ListItem","position":2,"name":"Shop","item":"https:\/\/www.vivawc.com\/shop\/"},{"@type":"ListItem","position":3,"name":"Semaglutide"}]},{"@type":"WebSite","@id":"https:\/\/www.vivawc.com\/#website","url":"https:\/\/www.vivawc.com\/","name":"Viva Wellness Center","description":"Revitalize sua sa\u00fade: a melhor cl\u00ednica de Boston para terapia hormonal, terapia intravenosa, perda de peso, exames laboratoriais e muito mais!","publisher":{"@id":"https:\/\/www.vivawc.com\/#organization"},"potentialAction":[{"@type":"SearchAction","target":{"@type":"EntryPoint","urlTemplate":"https:\/\/www.vivawc.com\/?s={search_term_string}"},"query-input":{"@type":"PropertyValueSpecification","valueRequired":true,"valueName":"search_term_string"}}],"inLanguage":"pt-BR"},{"@type":"Organization","@id":"https:\/\/www.vivawc.com\/#organization","name":"Viva Wellness Center","url":"https:\/\/www.vivawc.com\/","logo":{"@type":"ImageObject","inLanguage":"pt-BR","@id":"https:\/\/www.vivawc.com\/#\/schema\/logo\/image\/","url":"https:\/\/www.vivawc.com\/wp-content\/uploads\/2024\/02\/Viva-Wellness.webp","contentUrl":"https:\/\/www.vivawc.com\/wp-content\/uploads\/2024\/02\/Viva-Wellness.webp","width":1080,"height":1080,"caption":"Viva Wellness Center"},"image":{"@id":"https:\/\/www.vivawc.com\/#\/schema\/logo\/image\/"}}]}},"_links":{"self":[{"href":"https:\/\/www.vivawc.com\/pt\/wp-json\/wp\/v2\/product\/2740","targetHints":{"allow":["GET"]}}],"collection":[{"href":"https:\/\/www.vivawc.com\/pt\/wp-json\/wp\/v2\/product"}],"about":[{"href":"https:\/\/www.vivawc.com\/pt\/wp-json\/wp\/v2\/types\/product"}],"replies":[{"embeddable":true,"href":"https:\/\/www.vivawc.com\/pt\/wp-json\/wp\/v2\/comments?post=2740"}],"wp:featuredmedia":[{"embeddable":true,"href":"https:\/\/www.vivawc.com\/pt\/wp-json\/wp\/v2\/media\/2743"}],"wp:attachment":[{"href":"https:\/\/www.vivawc.com\/pt\/wp-json\/wp\/v2\/media?parent=2740"}],"wp:term":[{"taxonomy":"product_brand","embeddable":true,"href":"https:\/\/www.vivawc.com\/pt\/wp-json\/wp\/v2\/product_brand?post=2740"},{"taxonomy":"product_cat","embeddable":true,"href":"https:\/\/www.vivawc.com\/pt\/wp-json\/wp\/v2\/product_cat?post=2740"},{"taxonomy":"product_tag","embeddable":true,"href":"https:\/\/www.vivawc.com\/pt\/wp-json\/wp\/v2\/product_tag?post=2740"}],"curies":[{"name":"wp","href":"https:\/\/api.w.org\/{rel}","templated":true}]}}