{"id":2003,"date":"2024-07-03T14:19:06","date_gmt":"2024-07-03T14:19:06","guid":{"rendered":"https:\/\/www.vivawc.com\/?post_type=product&#038;p=2003"},"modified":"2026-01-30T18:56:59","modified_gmt":"2026-01-30T18:56:59","slug":"teste-de-alergia-alimentar","status":"publish","type":"product","link":"https:\/\/www.vivawc.com\/pt\/produtos\/teste-de-alergia-alimentar\/","title":{"rendered":"Teste de alergia alimentar"},"content":{"rendered":"<p>Descubra se uma alergia alimentar est\u00e1 desencadeando seus sintomas com o Teste de Alergia Alimentar do Viva Wellness Center. Nosso teste mede sua resposta imunol\u00f3gica a al\u00e9rgenos alimentares comuns, incluindo lactose, mariscos e nozes, detectando anticorpos de imunoglobulina E (IgE) liberados pelo sistema imunol\u00f3gico em resposta a al\u00e9rgenos. Combinado com seus sintomas e hist\u00f3rico, este teste oferece informa\u00e7\u00f5es sobre as rea\u00e7\u00f5es do seu corpo para ajudar a orientar melhores escolhas alimentares.<\/p>\n<p><strong>Nota: Este teste n\u00e3o \u00e9 para quem teve rea\u00e7\u00f5es al\u00e9rgicas graves aos alimentos listados. Contate um m\u00e9dico ou alergista imediatamente para uma avalia\u00e7\u00e3o mais aprofundada se voc\u00ea tiver apresentado rea\u00e7\u00f5es al\u00e9rgicas graves.<\/strong><\/p>\n<p>Ter IgE mensur\u00e1vel para um determinado al\u00e9rgeno n\u00e3o garante uma rea\u00e7\u00e3o ap\u00f3s a exposi\u00e7\u00e3o. Geralmente, n\u00edveis mais elevados de IgE indicam uma maior probabilidade de uma alergia verdadeira, mas n\u00e3o predizem a gravidade dos sintomas.<\/p>\n<p>O teste de IgE por si s\u00f3 n\u00e3o pode diagnosticar uma alergia. Interprete os resultados com um profissional de sa\u00fade ou alergista e discuta-os antes de fazer mudan\u00e7as na dieta ou fazer um diagn\u00f3stico.<\/p>\n<p>&nbsp;<\/p>\n<p>&nbsp;<\/p>\n<p>&nbsp;<\/p>","protected":false},"excerpt":{"rendered":"<p>Identifique alergias alimentares com o teste do Viva Wellness Center. Me\u00e7a os anticorpos IgE para al\u00e9rgenos comuns como lactose, mariscos e nozes. Consulte um profissional de sa\u00fade para um diagn\u00f3stico preciso.<\/p>","protected":false},"featured_media":2004,"comment_status":"open","ping_status":"closed","template":"","meta":[],"product_brand":[],"product_cat":[36,40],"product_tag":[],"class_list":{"0":"post-2003","1":"product","2":"type-product","3":"status-publish","4":"has-post-thumbnail","6":"product_cat-allergy","7":"product_cat-all-lab-tests","9":"first","10":"instock","11":"taxable","12":"shipping-taxable","13":"product-type-external"},"yoast_head":"<!-- This site is optimized with the Yoast SEO plugin v26.6 - https:\/\/yoast.com\/wordpress\/plugins\/seo\/ -->\n<title>Food Allergy Test - Viva Wellness Center<\/title>\n<meta name=\"description\" content=\"Identify food allergies with Viva Wellness Center&#039;s test. Measure IgE antibodies to common allergens like lactose, shellfish, and nuts. Consult a healthcare provider for accurate diagnosis.\" \/>\n<meta name=\"robots\" content=\"index, follow, max-snippet:-1, max-image-preview:large, max-video-preview:-1\" \/>\n<link rel=\"canonical\" href=\"https:\/\/www.vivawc.com\/pt\/produtos\/teste-de-alergia-alimentar\/\" \/>\n<meta property=\"og:locale\" content=\"pt_BR\" \/>\n<meta property=\"og:type\" content=\"article\" \/>\n<meta property=\"og:title\" content=\"Food Allergy Test - Viva Wellness Center\" \/>\n<meta property=\"og:description\" content=\"Identify food allergies with Viva Wellness Center&#039;s test. Measure IgE antibodies to common allergens like lactose, shellfish, and nuts. Consult a healthcare provider for accurate diagnosis.\" \/>\n<meta property=\"og:url\" content=\"https:\/\/www.vivawc.com\/pt\/produtos\/teste-de-alergia-alimentar\/\" \/>\n<meta property=\"og:site_name\" content=\"Viva Wellness Center\" \/>\n<meta property=\"article:modified_time\" content=\"2026-01-30T18:56:59+00:00\" \/>\n<meta property=\"og:image\" content=\"https:\/\/www.vivawc.com\/wp-content\/uploads\/2024\/07\/shot-of-a-young-woman-eating-a-healthy-snack-at-ho-2023-11-27-05-14-38-optimized.webp\" \/>\n\t<meta property=\"og:image:width\" content=\"1000\" \/>\n\t<meta property=\"og:image:height\" content=\"667\" \/>\n\t<meta property=\"og:image:type\" content=\"image\/webp\" \/>\n<script type=\"application\/ld+json\" class=\"yoast-schema-graph\">{\"@context\":\"https:\/\/schema.org\",\"@graph\":[{\"@type\":\"WebPage\",\"@id\":\"https:\/\/www.vivawc.com\/product\/food-allergy-test\/\",\"url\":\"https:\/\/www.vivawc.com\/product\/food-allergy-test\/\",\"name\":\"Food Allergy Test - Viva Wellness Center\",\"isPartOf\":{\"@id\":\"https:\/\/www.vivawc.com\/#website\"},\"primaryImageOfPage\":{\"@id\":\"https:\/\/www.vivawc.com\/product\/food-allergy-test\/#primaryimage\"},\"image\":{\"@id\":\"https:\/\/www.vivawc.com\/product\/food-allergy-test\/#primaryimage\"},\"thumbnailUrl\":\"https:\/\/www.vivawc.com\/wp-content\/uploads\/2024\/07\/shot-of-a-young-woman-eating-a-healthy-snack-at-ho-2023-11-27-05-14-38-optimized.webp\",\"datePublished\":\"2024-07-03T14:19:06+00:00\",\"dateModified\":\"2026-01-30T18:56:59+00:00\",\"description\":\"Identify food allergies with Viva Wellness Center's test. Measure IgE antibodies to common allergens like lactose, shellfish, and nuts. Consult a healthcare provider for accurate diagnosis.\",\"breadcrumb\":{\"@id\":\"https:\/\/www.vivawc.com\/product\/food-allergy-test\/#breadcrumb\"},\"inLanguage\":\"pt-BR\",\"potentialAction\":[{\"@type\":\"ReadAction\",\"target\":[\"https:\/\/www.vivawc.com\/product\/food-allergy-test\/\"]}]},{\"@type\":\"ImageObject\",\"inLanguage\":\"pt-BR\",\"@id\":\"https:\/\/www.vivawc.com\/product\/food-allergy-test\/#primaryimage\",\"url\":\"https:\/\/www.vivawc.com\/wp-content\/uploads\/2024\/07\/shot-of-a-young-woman-eating-a-healthy-snack-at-ho-2023-11-27-05-14-38-optimized.webp\",\"contentUrl\":\"https:\/\/www.vivawc.com\/wp-content\/uploads\/2024\/07\/shot-of-a-young-woman-eating-a-healthy-snack-at-ho-2023-11-27-05-14-38-optimized.webp\",\"width\":1000,\"height\":667,\"caption\":\"women eating healthy yogurt at home\"},{\"@type\":\"BreadcrumbList\",\"@id\":\"https:\/\/www.vivawc.com\/product\/food-allergy-test\/#breadcrumb\",\"itemListElement\":[{\"@type\":\"ListItem\",\"position\":1,\"name\":\"Home\",\"item\":\"https:\/\/www.vivawc.com\/\"},{\"@type\":\"ListItem\",\"position\":2,\"name\":\"Shop\",\"item\":\"https:\/\/www.vivawc.com\/shop\/\"},{\"@type\":\"ListItem\",\"position\":3,\"name\":\"Food Allergy Test\"}]},{\"@type\":\"WebSite\",\"@id\":\"https:\/\/www.vivawc.com\/#website\",\"url\":\"https:\/\/www.vivawc.com\/\",\"name\":\"Viva Wellness Center\",\"description\":\"Revitalize Your Health: Boston&#039;s Top Clinic for Hormone Therapy, IV Therapy, Weight Loss, Lab Exams and More!\",\"publisher\":{\"@id\":\"https:\/\/www.vivawc.com\/#organization\"},\"potentialAction\":[{\"@type\":\"SearchAction\",\"target\":{\"@type\":\"EntryPoint\",\"urlTemplate\":\"https:\/\/www.vivawc.com\/?s={search_term_string}\"},\"query-input\":{\"@type\":\"PropertyValueSpecification\",\"valueRequired\":true,\"valueName\":\"search_term_string\"}}],\"inLanguage\":\"pt-BR\"},{\"@type\":\"Organization\",\"@id\":\"https:\/\/www.vivawc.com\/#organization\",\"name\":\"Viva Wellness Center\",\"url\":\"https:\/\/www.vivawc.com\/\",\"logo\":{\"@type\":\"ImageObject\",\"inLanguage\":\"pt-BR\",\"@id\":\"https:\/\/www.vivawc.com\/#\/schema\/logo\/image\/\",\"url\":\"https:\/\/www.vivawc.com\/wp-content\/uploads\/2024\/02\/Viva-Wellness.webp\",\"contentUrl\":\"https:\/\/www.vivawc.com\/wp-content\/uploads\/2024\/02\/Viva-Wellness.webp\",\"width\":1080,\"height\":1080,\"caption\":\"Viva Wellness Center\"},\"image\":{\"@id\":\"https:\/\/www.vivawc.com\/#\/schema\/logo\/image\/\"}}]}<\/script>\n<!-- \/ Yoast SEO plugin. -->","yoast_head_json":{"title":"Teste de Alergia Alimentar - Viva Wellness Center","description":"Identifique alergias alimentares com o teste do Viva Wellness Center. Me\u00e7a os anticorpos IgE para al\u00e9rgenos comuns como lactose, mariscos e nozes. Consulte um profissional de sa\u00fade para um diagn\u00f3stico preciso.","robots":{"index":"index","follow":"follow","max-snippet":"max-snippet:-1","max-image-preview":"max-image-preview:large","max-video-preview":"max-video-preview:-1"},"canonical":"https:\/\/www.vivawc.com\/pt\/produtos\/teste-de-alergia-alimentar\/","og_locale":"pt_BR","og_type":"article","og_title":"Food Allergy Test - Viva Wellness Center","og_description":"Identify food allergies with Viva Wellness Center's test. Measure IgE antibodies to common allergens like lactose, shellfish, and nuts. Consult a healthcare provider for accurate diagnosis.","og_url":"https:\/\/www.vivawc.com\/pt\/produtos\/teste-de-alergia-alimentar\/","og_site_name":"Viva Wellness Center","article_modified_time":"2026-01-30T18:56:59+00:00","og_image":[{"width":1000,"height":667,"url":"https:\/\/www.vivawc.com\/wp-content\/uploads\/2024\/07\/shot-of-a-young-woman-eating-a-healthy-snack-at-ho-2023-11-27-05-14-38-optimized.webp","type":"image\/webp"}],"schema":{"@context":"https:\/\/schema.org","@graph":[{"@type":"WebPage","@id":"https:\/\/www.vivawc.com\/product\/food-allergy-test\/","url":"https:\/\/www.vivawc.com\/product\/food-allergy-test\/","name":"Teste de Alergia Alimentar - Viva Wellness Center","isPartOf":{"@id":"https:\/\/www.vivawc.com\/#website"},"primaryImageOfPage":{"@id":"https:\/\/www.vivawc.com\/product\/food-allergy-test\/#primaryimage"},"image":{"@id":"https:\/\/www.vivawc.com\/product\/food-allergy-test\/#primaryimage"},"thumbnailUrl":"https:\/\/www.vivawc.com\/wp-content\/uploads\/2024\/07\/shot-of-a-young-woman-eating-a-healthy-snack-at-ho-2023-11-27-05-14-38-optimized.webp","datePublished":"2024-07-03T14:19:06+00:00","dateModified":"2026-01-30T18:56:59+00:00","description":"Identifique alergias alimentares com o teste do Viva Wellness Center. Me\u00e7a os anticorpos IgE para al\u00e9rgenos comuns como lactose, mariscos e nozes. Consulte um profissional de sa\u00fade para um diagn\u00f3stico preciso.","breadcrumb":{"@id":"https:\/\/www.vivawc.com\/product\/food-allergy-test\/#breadcrumb"},"inLanguage":"pt-BR","potentialAction":[{"@type":"ReadAction","target":["https:\/\/www.vivawc.com\/product\/food-allergy-test\/"]}]},{"@type":"ImageObject","inLanguage":"pt-BR","@id":"https:\/\/www.vivawc.com\/product\/food-allergy-test\/#primaryimage","url":"https:\/\/www.vivawc.com\/wp-content\/uploads\/2024\/07\/shot-of-a-young-woman-eating-a-healthy-snack-at-ho-2023-11-27-05-14-38-optimized.webp","contentUrl":"https:\/\/www.vivawc.com\/wp-content\/uploads\/2024\/07\/shot-of-a-young-woman-eating-a-healthy-snack-at-ho-2023-11-27-05-14-38-optimized.webp","width":1000,"height":667,"caption":"women eating healthy yogurt at home"},{"@type":"BreadcrumbList","@id":"https:\/\/www.vivawc.com\/product\/food-allergy-test\/#breadcrumb","itemListElement":[{"@type":"ListItem","position":1,"name":"Home","item":"https:\/\/www.vivawc.com\/"},{"@type":"ListItem","position":2,"name":"Shop","item":"https:\/\/www.vivawc.com\/shop\/"},{"@type":"ListItem","position":3,"name":"Food Allergy Test"}]},{"@type":"WebSite","@id":"https:\/\/www.vivawc.com\/#website","url":"https:\/\/www.vivawc.com\/","name":"Viva Wellness Center","description":"Revitalize sua sa\u00fade: a melhor cl\u00ednica de Boston para terapia hormonal, terapia intravenosa, perda de peso, exames laboratoriais e muito mais!","publisher":{"@id":"https:\/\/www.vivawc.com\/#organization"},"potentialAction":[{"@type":"SearchAction","target":{"@type":"EntryPoint","urlTemplate":"https:\/\/www.vivawc.com\/?s={search_term_string}"},"query-input":{"@type":"PropertyValueSpecification","valueRequired":true,"valueName":"search_term_string"}}],"inLanguage":"pt-BR"},{"@type":"Organization","@id":"https:\/\/www.vivawc.com\/#organization","name":"Viva Wellness Center","url":"https:\/\/www.vivawc.com\/","logo":{"@type":"ImageObject","inLanguage":"pt-BR","@id":"https:\/\/www.vivawc.com\/#\/schema\/logo\/image\/","url":"https:\/\/www.vivawc.com\/wp-content\/uploads\/2024\/02\/Viva-Wellness.webp","contentUrl":"https:\/\/www.vivawc.com\/wp-content\/uploads\/2024\/02\/Viva-Wellness.webp","width":1080,"height":1080,"caption":"Viva Wellness Center"},"image":{"@id":"https:\/\/www.vivawc.com\/#\/schema\/logo\/image\/"}}]}},"_links":{"self":[{"href":"https:\/\/www.vivawc.com\/pt\/wp-json\/wp\/v2\/product\/2003","targetHints":{"allow":["GET"]}}],"collection":[{"href":"https:\/\/www.vivawc.com\/pt\/wp-json\/wp\/v2\/product"}],"about":[{"href":"https:\/\/www.vivawc.com\/pt\/wp-json\/wp\/v2\/types\/product"}],"replies":[{"embeddable":true,"href":"https:\/\/www.vivawc.com\/pt\/wp-json\/wp\/v2\/comments?post=2003"}],"wp:featuredmedia":[{"embeddable":true,"href":"https:\/\/www.vivawc.com\/pt\/wp-json\/wp\/v2\/media\/2004"}],"wp:attachment":[{"href":"https:\/\/www.vivawc.com\/pt\/wp-json\/wp\/v2\/media?parent=2003"}],"wp:term":[{"taxonomy":"product_brand","embeddable":true,"href":"https:\/\/www.vivawc.com\/pt\/wp-json\/wp\/v2\/product_brand?post=2003"},{"taxonomy":"product_cat","embeddable":true,"href":"https:\/\/www.vivawc.com\/pt\/wp-json\/wp\/v2\/product_cat?post=2003"},{"taxonomy":"product_tag","embeddable":true,"href":"https:\/\/www.vivawc.com\/pt\/wp-json\/wp\/v2\/product_tag?post=2003"}],"curies":[{"name":"wp","href":"https:\/\/api.w.org\/{rel}","templated":true}]}}