{"id":2001,"date":"2024-07-02T13:57:32","date_gmt":"2024-07-02T13:57:32","guid":{"rendered":"https:\/\/www.vivawc.com\/?post_type=product&#038;p=2001"},"modified":"2026-01-30T18:57:16","modified_gmt":"2026-01-30T18:57:16","slug":"teste-de-linha-de-base-de-controle-de-peso-2","status":"publish","type":"product","link":"https:\/\/www.vivawc.com\/pt\/produtos\/teste-de-linha-de-base-de-controle-de-peso-2\/","title":{"rendered":"Teste de alergia interno e externo"},"content":{"rendered":"<p>Seja uma coceira na garganta, coceira, olhos lacrimejantes ou espirros constantes, alergias respirat\u00f3rias podem ser a causa. A rinite al\u00e9rgica, tamb\u00e9m conhecida como febre do feno, \u00e9 uma condi\u00e7\u00e3o comum que pode afetar indiv\u00edduos de todas as idades. Os sintomas da rinite al\u00e9rgica sazonal geralmente aparecem na primavera, ver\u00e3o e\/ou in\u00edcio do outono, geralmente desencadeados por sensibilidades al\u00e9rgicas a p\u00f3lens de \u00e1rvores, gram\u00edneas ou ervas daninhas.<\/p>\n<p>Este teste de alergia ambiental mede anticorpos IgE, que s\u00e3o liberados pelo corpo em resposta a al\u00e9rgenos. Ele avalia a resposta imunol\u00f3gica do seu corpo a al\u00e9rgenos comuns internos e externos, incluindo p\u00f3len, mofo, pelos de animais e animais de estima\u00e7\u00e3o, \u00e1caros, gram\u00edneas e muito mais.<\/p>\n<p>Nota: Ter IgE mensur\u00e1vel para um al\u00e9rgeno em particular n\u00e3o garante que voc\u00ea ter\u00e1 uma rea\u00e7\u00e3o al\u00e9rgica quando exposto a ele. Geralmente, n\u00edveis mais altos de IgE est\u00e3o associados a uma chance maior de ter uma alergia verdadeira, mas n\u00e3o predizem a gravidade dos sintomas al\u00e9rgicos.<\/p>\n<p>O teste de IgE sozinho n\u00e3o \u00e9 suficiente para diagnosticar uma alergia. Os resultados deste teste devem ser interpretados no contexto do seu hist\u00f3rico m\u00e9dico por um profissional de sa\u00fade ou um alergista. Sempre discuta seus resultados com um profissional de sa\u00fade antes de fazer qualquer diagn\u00f3stico de alergia.<\/p>","protected":false},"excerpt":{"rendered":"<p>Identifique poss\u00edveis alergias com nosso Teste de Alergia Ambiental, medindo anticorpos IgE para avaliar sua resposta a al\u00e9rgenos comuns.<\/p>","protected":false},"featured_media":2675,"comment_status":"open","ping_status":"closed","template":"","meta":[],"product_brand":[],"product_cat":[36,40],"product_tag":[],"class_list":{"0":"post-2001","1":"product","2":"type-product","3":"status-publish","4":"has-post-thumbnail","6":"product_cat-allergy","7":"product_cat-all-lab-tests","9":"first","10":"instock","11":"taxable","12":"shipping-taxable","13":"product-type-external"},"yoast_head":"<!-- This site is optimized with the Yoast SEO plugin v26.6 - https:\/\/yoast.com\/wordpress\/plugins\/seo\/ -->\n<title>Indoor &amp; Outdoor Allergy Test | Viva Wellness Center<\/title>\n<meta name=\"description\" content=\"Discover your body&#039;s response to common indoor and outdoor allergens with our Environmental Allergy Test. Measure IgE antibodies to identify potential allergies and discuss results with a healthcare professional for accurate diagnosis.\" \/>\n<meta name=\"robots\" content=\"index, follow, max-snippet:-1, max-image-preview:large, max-video-preview:-1\" \/>\n<link rel=\"canonical\" href=\"https:\/\/www.vivawc.com\/pt\/produtos\/teste-de-linha-de-base-de-controle-de-peso-2\/\" \/>\n<meta property=\"og:locale\" content=\"pt_BR\" \/>\n<meta property=\"og:type\" content=\"article\" \/>\n<meta property=\"og:title\" content=\"Indoor &amp; Outdoor Allergy Test | Viva Wellness Center\" \/>\n<meta property=\"og:description\" content=\"Discover your body&#039;s response to common indoor and outdoor allergens with our Environmental Allergy Test. Measure IgE antibodies to identify potential allergies and discuss results with a healthcare professional for accurate diagnosis.\" \/>\n<meta property=\"og:url\" content=\"https:\/\/www.vivawc.com\/pt\/produtos\/teste-de-linha-de-base-de-controle-de-peso-2\/\" \/>\n<meta property=\"og:site_name\" content=\"Viva Wellness Center\" \/>\n<meta property=\"article:modified_time\" content=\"2026-01-30T18:57:16+00:00\" \/>\n<meta property=\"og:image\" content=\"https:\/\/www.vivawc.com\/wp-content\/uploads\/2024\/07\/women-on-a-mountain-breathing-fresh-air.webp\" \/>\n\t<meta property=\"og:image:width\" content=\"1000\" \/>\n\t<meta property=\"og:image:height\" content=\"773\" \/>\n\t<meta property=\"og:image:type\" content=\"image\/webp\" \/>\n<script type=\"application\/ld+json\" class=\"yoast-schema-graph\">{\"@context\":\"https:\/\/schema.org\",\"@graph\":[{\"@type\":\"WebPage\",\"@id\":\"https:\/\/www.vivawc.com\/product\/indoor-outdoor-allergy-test\/\",\"url\":\"https:\/\/www.vivawc.com\/product\/indoor-outdoor-allergy-test\/\",\"name\":\"Indoor & Outdoor Allergy Test | Viva Wellness Center\",\"isPartOf\":{\"@id\":\"https:\/\/www.vivawc.com\/#website\"},\"primaryImageOfPage\":{\"@id\":\"https:\/\/www.vivawc.com\/product\/indoor-outdoor-allergy-test\/#primaryimage\"},\"image\":{\"@id\":\"https:\/\/www.vivawc.com\/product\/indoor-outdoor-allergy-test\/#primaryimage\"},\"thumbnailUrl\":\"https:\/\/www.vivawc.com\/wp-content\/uploads\/2024\/07\/women-on-a-mountain-breathing-fresh-air.webp\",\"datePublished\":\"2024-07-02T13:57:32+00:00\",\"dateModified\":\"2026-01-30T18:57:16+00:00\",\"description\":\"Discover your body's response to common indoor and outdoor allergens with our Environmental Allergy Test. Measure IgE antibodies to identify potential allergies and discuss results with a healthcare professional for accurate diagnosis.\",\"breadcrumb\":{\"@id\":\"https:\/\/www.vivawc.com\/product\/indoor-outdoor-allergy-test\/#breadcrumb\"},\"inLanguage\":\"pt-BR\",\"potentialAction\":[{\"@type\":\"ReadAction\",\"target\":[\"https:\/\/www.vivawc.com\/product\/indoor-outdoor-allergy-test\/\"]}]},{\"@type\":\"ImageObject\",\"inLanguage\":\"pt-BR\",\"@id\":\"https:\/\/www.vivawc.com\/product\/indoor-outdoor-allergy-test\/#primaryimage\",\"url\":\"https:\/\/www.vivawc.com\/wp-content\/uploads\/2024\/07\/women-on-a-mountain-breathing-fresh-air.webp\",\"contentUrl\":\"https:\/\/www.vivawc.com\/wp-content\/uploads\/2024\/07\/women-on-a-mountain-breathing-fresh-air.webp\",\"width\":1000,\"height\":773,\"caption\":\"women on a mountain breathing fresh air\"},{\"@type\":\"BreadcrumbList\",\"@id\":\"https:\/\/www.vivawc.com\/product\/indoor-outdoor-allergy-test\/#breadcrumb\",\"itemListElement\":[{\"@type\":\"ListItem\",\"position\":1,\"name\":\"Home\",\"item\":\"https:\/\/www.vivawc.com\/\"},{\"@type\":\"ListItem\",\"position\":2,\"name\":\"Shop\",\"item\":\"https:\/\/www.vivawc.com\/shop\/\"},{\"@type\":\"ListItem\",\"position\":3,\"name\":\"Indoor &#038; Outdoor Allergy Test\"}]},{\"@type\":\"WebSite\",\"@id\":\"https:\/\/www.vivawc.com\/#website\",\"url\":\"https:\/\/www.vivawc.com\/\",\"name\":\"Viva Wellness Center\",\"description\":\"Revitalize Your Health: Boston&#039;s Top Clinic for Hormone Therapy, IV Therapy, Weight Loss, Lab Exams and More!\",\"publisher\":{\"@id\":\"https:\/\/www.vivawc.com\/#organization\"},\"potentialAction\":[{\"@type\":\"SearchAction\",\"target\":{\"@type\":\"EntryPoint\",\"urlTemplate\":\"https:\/\/www.vivawc.com\/?s={search_term_string}\"},\"query-input\":{\"@type\":\"PropertyValueSpecification\",\"valueRequired\":true,\"valueName\":\"search_term_string\"}}],\"inLanguage\":\"pt-BR\"},{\"@type\":\"Organization\",\"@id\":\"https:\/\/www.vivawc.com\/#organization\",\"name\":\"Viva Wellness Center\",\"url\":\"https:\/\/www.vivawc.com\/\",\"logo\":{\"@type\":\"ImageObject\",\"inLanguage\":\"pt-BR\",\"@id\":\"https:\/\/www.vivawc.com\/#\/schema\/logo\/image\/\",\"url\":\"https:\/\/www.vivawc.com\/wp-content\/uploads\/2024\/02\/Viva-Wellness.webp\",\"contentUrl\":\"https:\/\/www.vivawc.com\/wp-content\/uploads\/2024\/02\/Viva-Wellness.webp\",\"width\":1080,\"height\":1080,\"caption\":\"Viva Wellness Center\"},\"image\":{\"@id\":\"https:\/\/www.vivawc.com\/#\/schema\/logo\/image\/\"}}]}<\/script>\n<!-- \/ Yoast SEO plugin. -->","yoast_head_json":{"title":"Teste de alergia interna e externa | Viva Wellness Center","description":"Descubra a resposta do seu corpo a al\u00e9rgenos comuns internos e externos com nosso Teste de Alergia Ambiental. Me\u00e7a anticorpos IgE para identificar alergias potenciais e discuta os resultados com um profissional de sa\u00fade para um diagn\u00f3stico preciso.","robots":{"index":"index","follow":"follow","max-snippet":"max-snippet:-1","max-image-preview":"max-image-preview:large","max-video-preview":"max-video-preview:-1"},"canonical":"https:\/\/www.vivawc.com\/pt\/produtos\/teste-de-linha-de-base-de-controle-de-peso-2\/","og_locale":"pt_BR","og_type":"article","og_title":"Indoor & Outdoor Allergy Test | Viva Wellness Center","og_description":"Discover your body's response to common indoor and outdoor allergens with our Environmental Allergy Test. Measure IgE antibodies to identify potential allergies and discuss results with a healthcare professional for accurate diagnosis.","og_url":"https:\/\/www.vivawc.com\/pt\/produtos\/teste-de-linha-de-base-de-controle-de-peso-2\/","og_site_name":"Viva Wellness Center","article_modified_time":"2026-01-30T18:57:16+00:00","og_image":[{"width":1000,"height":773,"url":"https:\/\/www.vivawc.com\/wp-content\/uploads\/2024\/07\/women-on-a-mountain-breathing-fresh-air.webp","type":"image\/webp"}],"schema":{"@context":"https:\/\/schema.org","@graph":[{"@type":"WebPage","@id":"https:\/\/www.vivawc.com\/product\/indoor-outdoor-allergy-test\/","url":"https:\/\/www.vivawc.com\/product\/indoor-outdoor-allergy-test\/","name":"Teste de alergia interna e externa | Viva Wellness Center","isPartOf":{"@id":"https:\/\/www.vivawc.com\/#website"},"primaryImageOfPage":{"@id":"https:\/\/www.vivawc.com\/product\/indoor-outdoor-allergy-test\/#primaryimage"},"image":{"@id":"https:\/\/www.vivawc.com\/product\/indoor-outdoor-allergy-test\/#primaryimage"},"thumbnailUrl":"https:\/\/www.vivawc.com\/wp-content\/uploads\/2024\/07\/women-on-a-mountain-breathing-fresh-air.webp","datePublished":"2024-07-02T13:57:32+00:00","dateModified":"2026-01-30T18:57:16+00:00","description":"Descubra a resposta do seu corpo a al\u00e9rgenos comuns internos e externos com nosso Teste de Alergia Ambiental. Me\u00e7a anticorpos IgE para identificar alergias potenciais e discuta os resultados com um profissional de sa\u00fade para um diagn\u00f3stico preciso.","breadcrumb":{"@id":"https:\/\/www.vivawc.com\/product\/indoor-outdoor-allergy-test\/#breadcrumb"},"inLanguage":"pt-BR","potentialAction":[{"@type":"ReadAction","target":["https:\/\/www.vivawc.com\/product\/indoor-outdoor-allergy-test\/"]}]},{"@type":"ImageObject","inLanguage":"pt-BR","@id":"https:\/\/www.vivawc.com\/product\/indoor-outdoor-allergy-test\/#primaryimage","url":"https:\/\/www.vivawc.com\/wp-content\/uploads\/2024\/07\/women-on-a-mountain-breathing-fresh-air.webp","contentUrl":"https:\/\/www.vivawc.com\/wp-content\/uploads\/2024\/07\/women-on-a-mountain-breathing-fresh-air.webp","width":1000,"height":773,"caption":"women on a mountain breathing fresh air"},{"@type":"BreadcrumbList","@id":"https:\/\/www.vivawc.com\/product\/indoor-outdoor-allergy-test\/#breadcrumb","itemListElement":[{"@type":"ListItem","position":1,"name":"Home","item":"https:\/\/www.vivawc.com\/"},{"@type":"ListItem","position":2,"name":"Shop","item":"https:\/\/www.vivawc.com\/shop\/"},{"@type":"ListItem","position":3,"name":"Indoor &#038; Outdoor Allergy Test"}]},{"@type":"WebSite","@id":"https:\/\/www.vivawc.com\/#website","url":"https:\/\/www.vivawc.com\/","name":"Viva Wellness Center","description":"Revitalize sua sa\u00fade: a melhor cl\u00ednica de Boston para terapia hormonal, terapia intravenosa, perda de peso, exames laboratoriais e muito mais!","publisher":{"@id":"https:\/\/www.vivawc.com\/#organization"},"potentialAction":[{"@type":"SearchAction","target":{"@type":"EntryPoint","urlTemplate":"https:\/\/www.vivawc.com\/?s={search_term_string}"},"query-input":{"@type":"PropertyValueSpecification","valueRequired":true,"valueName":"search_term_string"}}],"inLanguage":"pt-BR"},{"@type":"Organization","@id":"https:\/\/www.vivawc.com\/#organization","name":"Viva Wellness Center","url":"https:\/\/www.vivawc.com\/","logo":{"@type":"ImageObject","inLanguage":"pt-BR","@id":"https:\/\/www.vivawc.com\/#\/schema\/logo\/image\/","url":"https:\/\/www.vivawc.com\/wp-content\/uploads\/2024\/02\/Viva-Wellness.webp","contentUrl":"https:\/\/www.vivawc.com\/wp-content\/uploads\/2024\/02\/Viva-Wellness.webp","width":1080,"height":1080,"caption":"Viva Wellness Center"},"image":{"@id":"https:\/\/www.vivawc.com\/#\/schema\/logo\/image\/"}}]}},"_links":{"self":[{"href":"https:\/\/www.vivawc.com\/pt\/wp-json\/wp\/v2\/product\/2001","targetHints":{"allow":["GET"]}}],"collection":[{"href":"https:\/\/www.vivawc.com\/pt\/wp-json\/wp\/v2\/product"}],"about":[{"href":"https:\/\/www.vivawc.com\/pt\/wp-json\/wp\/v2\/types\/product"}],"replies":[{"embeddable":true,"href":"https:\/\/www.vivawc.com\/pt\/wp-json\/wp\/v2\/comments?post=2001"}],"wp:featuredmedia":[{"embeddable":true,"href":"https:\/\/www.vivawc.com\/pt\/wp-json\/wp\/v2\/media\/2675"}],"wp:attachment":[{"href":"https:\/\/www.vivawc.com\/pt\/wp-json\/wp\/v2\/media?parent=2001"}],"wp:term":[{"taxonomy":"product_brand","embeddable":true,"href":"https:\/\/www.vivawc.com\/pt\/wp-json\/wp\/v2\/product_brand?post=2001"},{"taxonomy":"product_cat","embeddable":true,"href":"https:\/\/www.vivawc.com\/pt\/wp-json\/wp\/v2\/product_cat?post=2001"},{"taxonomy":"product_tag","embeddable":true,"href":"https:\/\/www.vivawc.com\/pt\/wp-json\/wp\/v2\/product_tag?post=2001"}],"curies":[{"name":"wp","href":"https:\/\/api.w.org\/{rel}","templated":true}]}}