{"id":1853,"date":"2024-06-17T23:00:24","date_gmt":"2024-06-17T23:00:24","guid":{"rendered":"https:\/\/www.vivawc.com\/?post_type=product&#038;p=1853"},"modified":"2024-10-28T15:57:58","modified_gmt":"2024-10-28T15:57:58","slug":"complexo-b","status":"publish","type":"product","link":"https:\/\/www.vivawc.com\/pt\/produtos\/complexo-b\/","title":{"rendered":"Complexo B <br> <span style=\"font-size: 16px; font-family: 'Poppins', sans-serif; font-weight: bold; color: #728c4a;\">Pacote de 4 inje\u00e7\u00f5es<\/span>"},"content":{"rendered":"<p>Experimente energia sustentada e estado de alerta com nosso Pacote de Vitaminas do Complexo B. Esta s\u00e9rie de quatro inje\u00e7\u00f5es fornece uma poderosa mistura de vitaminas B que ajudam a converter os alimentos em energia, mantendo voc\u00ea energizado e concentrado ao longo do dia.<\/p>","protected":false},"excerpt":{"rendered":"<div class=\"flex-shrink-0 flex flex-col relative items-end\">\n<div>\n<div class=\"pt-0\">\n<div class=\"gizmo-bot-avatar flex h-8 w-8 items-center justify-center overflow-hidden rounded-full\">\n<div class=\"relative p-1 rounded-sm flex items-center justify-center bg-token-main-surface-primary text-token-text-primary h-8 w-8\">Mantenha-se energizado e focado com nosso pacote de vitaminas do complexo B, desenvolvido para converter alimentos em energia para voc\u00ea ficar alerta o dia todo.<\/div>\n<\/div>\n<\/div>\n<\/div>\n<\/div>","protected":false},"featured_media":1880,"comment_status":"open","ping_status":"closed","template":"","meta":[],"product_brand":[],"product_cat":[45],"product_tag":[],"class_list":{"0":"post-1853","1":"product","2":"type-product","3":"status-publish","4":"has-post-thumbnail","6":"product_cat-vitamin-injection","8":"first","9":"instock","10":"taxable","11":"shipping-taxable","12":"product-type-external"},"yoast_head":"<!-- This site is optimized with the Yoast SEO plugin v26.6 - https:\/\/yoast.com\/wordpress\/plugins\/seo\/ -->\n<title>B-Complex  4-injection package | Vitamin Injection | Viva Wellness Center<\/title>\n<meta name=\"description\" content=\"Stay energized and focused with our B Complex Vitamin Shot Package. Four powerful B vitamin injections convert food into energy for all-day alertness.\" \/>\n<meta name=\"robots\" content=\"index, follow, max-snippet:-1, max-image-preview:large, max-video-preview:-1\" \/>\n<link rel=\"canonical\" href=\"https:\/\/www.vivawc.com\/pt\/produtos\/complexo-b\/\" \/>\n<meta property=\"og:locale\" content=\"pt_BR\" \/>\n<meta property=\"og:type\" content=\"article\" \/>\n<meta property=\"og:title\" content=\"B-Complex  4-injection package | Vitamin Injection | Viva Wellness Center\" \/>\n<meta property=\"og:description\" content=\"Stay energized and focused with our B Complex Vitamin Shot Package. Four powerful B vitamin injections convert food into energy for all-day alertness.\" \/>\n<meta property=\"og:url\" content=\"https:\/\/www.vivawc.com\/pt\/produtos\/complexo-b\/\" \/>\n<meta property=\"og:site_name\" content=\"Viva Wellness Center\" \/>\n<meta property=\"article:modified_time\" content=\"2024-10-28T15:57:58+00:00\" \/>\n<meta property=\"og:image\" content=\"https:\/\/www.vivawc.com\/wp-content\/uploads\/2024\/06\/B-Complex-Vitamin-Injection.webp\" \/>\n\t<meta property=\"og:image:width\" content=\"1080\" \/>\n\t<meta property=\"og:image:height\" content=\"1080\" \/>\n\t<meta property=\"og:image:type\" content=\"image\/webp\" \/>\n<script type=\"application\/ld+json\" class=\"yoast-schema-graph\">{\"@context\":\"https:\/\/schema.org\",\"@graph\":[{\"@type\":\"WebPage\",\"@id\":\"https:\/\/www.vivawc.com\/product\/b-complex\/\",\"url\":\"https:\/\/www.vivawc.com\/product\/b-complex\/\",\"name\":\"B-Complex 4-injection package | Vitamin Injection | Viva Wellness Center\",\"isPartOf\":{\"@id\":\"https:\/\/www.vivawc.com\/#website\"},\"primaryImageOfPage\":{\"@id\":\"https:\/\/www.vivawc.com\/product\/b-complex\/#primaryimage\"},\"image\":{\"@id\":\"https:\/\/www.vivawc.com\/product\/b-complex\/#primaryimage\"},\"thumbnailUrl\":\"https:\/\/www.vivawc.com\/wp-content\/uploads\/2024\/06\/B-Complex-Vitamin-Injection.webp\",\"datePublished\":\"2024-06-17T23:00:24+00:00\",\"dateModified\":\"2024-10-28T15:57:58+00:00\",\"description\":\"Stay energized and focused with our B Complex Vitamin Shot Package. Four powerful B vitamin injections convert food into energy for all-day alertness.\",\"breadcrumb\":{\"@id\":\"https:\/\/www.vivawc.com\/product\/b-complex\/#breadcrumb\"},\"inLanguage\":\"pt-BR\",\"potentialAction\":[{\"@type\":\"ReadAction\",\"target\":[\"https:\/\/www.vivawc.com\/product\/b-complex\/\"]}]},{\"@type\":\"ImageObject\",\"inLanguage\":\"pt-BR\",\"@id\":\"https:\/\/www.vivawc.com\/product\/b-complex\/#primaryimage\",\"url\":\"https:\/\/www.vivawc.com\/wp-content\/uploads\/2024\/06\/B-Complex-Vitamin-Injection.webp\",\"contentUrl\":\"https:\/\/www.vivawc.com\/wp-content\/uploads\/2024\/06\/B-Complex-Vitamin-Injection.webp\",\"width\":1080,\"height\":1080,\"caption\":\"B-Complex\"},{\"@type\":\"BreadcrumbList\",\"@id\":\"https:\/\/www.vivawc.com\/product\/b-complex\/#breadcrumb\",\"itemListElement\":[{\"@type\":\"ListItem\",\"position\":1,\"name\":\"Home\",\"item\":\"https:\/\/www.vivawc.com\/\"},{\"@type\":\"ListItem\",\"position\":2,\"name\":\"Shop\",\"item\":\"https:\/\/www.vivawc.com\/shop\/\"},{\"@type\":\"ListItem\",\"position\":3,\"name\":\"B-Complex 4-injection package\"}]},{\"@type\":\"WebSite\",\"@id\":\"https:\/\/www.vivawc.com\/#website\",\"url\":\"https:\/\/www.vivawc.com\/\",\"name\":\"Viva Wellness Center\",\"description\":\"Revitalize Your Health: Boston&#039;s Top Clinic for Hormone Therapy, IV Therapy, Weight Loss, Lab Exams and More!\",\"publisher\":{\"@id\":\"https:\/\/www.vivawc.com\/#organization\"},\"potentialAction\":[{\"@type\":\"SearchAction\",\"target\":{\"@type\":\"EntryPoint\",\"urlTemplate\":\"https:\/\/www.vivawc.com\/?s={search_term_string}\"},\"query-input\":{\"@type\":\"PropertyValueSpecification\",\"valueRequired\":true,\"valueName\":\"search_term_string\"}}],\"inLanguage\":\"pt-BR\"},{\"@type\":\"Organization\",\"@id\":\"https:\/\/www.vivawc.com\/#organization\",\"name\":\"Viva Wellness Center\",\"url\":\"https:\/\/www.vivawc.com\/\",\"logo\":{\"@type\":\"ImageObject\",\"inLanguage\":\"pt-BR\",\"@id\":\"https:\/\/www.vivawc.com\/#\/schema\/logo\/image\/\",\"url\":\"https:\/\/www.vivawc.com\/wp-content\/uploads\/2024\/02\/Viva-Wellness.webp\",\"contentUrl\":\"https:\/\/www.vivawc.com\/wp-content\/uploads\/2024\/02\/Viva-Wellness.webp\",\"width\":1080,\"height\":1080,\"caption\":\"Viva Wellness Center\"},\"image\":{\"@id\":\"https:\/\/www.vivawc.com\/#\/schema\/logo\/image\/\"}}]}<\/script>\n<!-- \/ Yoast SEO plugin. -->","yoast_head_json":{"title":"Pacote de 4 inje\u00e7\u00f5es de complexo B | Inje\u00e7\u00e3o de vitamina | Viva Wellness Center","description":"Mantenha-se energizado e concentrado com nosso Pacote de Vitaminas do Complexo B. Quatro poderosas inje\u00e7\u00f5es de vitamina B convertem alimentos em energia para um estado de alerta durante todo o dia.","robots":{"index":"index","follow":"follow","max-snippet":"max-snippet:-1","max-image-preview":"max-image-preview:large","max-video-preview":"max-video-preview:-1"},"canonical":"https:\/\/www.vivawc.com\/pt\/produtos\/complexo-b\/","og_locale":"pt_BR","og_type":"article","og_title":"B-Complex  4-injection package | Vitamin Injection | Viva Wellness Center","og_description":"Stay energized and focused with our B Complex Vitamin Shot Package. Four powerful B vitamin injections convert food into energy for all-day alertness.","og_url":"https:\/\/www.vivawc.com\/pt\/produtos\/complexo-b\/","og_site_name":"Viva Wellness Center","article_modified_time":"2024-10-28T15:57:58+00:00","og_image":[{"width":1080,"height":1080,"url":"https:\/\/www.vivawc.com\/wp-content\/uploads\/2024\/06\/B-Complex-Vitamin-Injection.webp","type":"image\/webp"}],"schema":{"@context":"https:\/\/schema.org","@graph":[{"@type":"WebPage","@id":"https:\/\/www.vivawc.com\/product\/b-complex\/","url":"https:\/\/www.vivawc.com\/product\/b-complex\/","name":"Pacote de 4 inje\u00e7\u00f5es de complexo B | Inje\u00e7\u00e3o de vitamina | Viva Wellness Center","isPartOf":{"@id":"https:\/\/www.vivawc.com\/#website"},"primaryImageOfPage":{"@id":"https:\/\/www.vivawc.com\/product\/b-complex\/#primaryimage"},"image":{"@id":"https:\/\/www.vivawc.com\/product\/b-complex\/#primaryimage"},"thumbnailUrl":"https:\/\/www.vivawc.com\/wp-content\/uploads\/2024\/06\/B-Complex-Vitamin-Injection.webp","datePublished":"2024-06-17T23:00:24+00:00","dateModified":"2024-10-28T15:57:58+00:00","description":"Mantenha-se energizado e concentrado com nosso Pacote de Vitaminas do Complexo B. Quatro poderosas inje\u00e7\u00f5es de vitamina B convertem alimentos em energia para um estado de alerta durante todo o dia.","breadcrumb":{"@id":"https:\/\/www.vivawc.com\/product\/b-complex\/#breadcrumb"},"inLanguage":"pt-BR","potentialAction":[{"@type":"ReadAction","target":["https:\/\/www.vivawc.com\/product\/b-complex\/"]}]},{"@type":"ImageObject","inLanguage":"pt-BR","@id":"https:\/\/www.vivawc.com\/product\/b-complex\/#primaryimage","url":"https:\/\/www.vivawc.com\/wp-content\/uploads\/2024\/06\/B-Complex-Vitamin-Injection.webp","contentUrl":"https:\/\/www.vivawc.com\/wp-content\/uploads\/2024\/06\/B-Complex-Vitamin-Injection.webp","width":1080,"height":1080,"caption":"B-Complex"},{"@type":"BreadcrumbList","@id":"https:\/\/www.vivawc.com\/product\/b-complex\/#breadcrumb","itemListElement":[{"@type":"ListItem","position":1,"name":"Home","item":"https:\/\/www.vivawc.com\/"},{"@type":"ListItem","position":2,"name":"Shop","item":"https:\/\/www.vivawc.com\/shop\/"},{"@type":"ListItem","position":3,"name":"B-Complex 4-injection package"}]},{"@type":"WebSite","@id":"https:\/\/www.vivawc.com\/#website","url":"https:\/\/www.vivawc.com\/","name":"Viva Wellness Center","description":"Revitalize sua sa\u00fade: a melhor cl\u00ednica de Boston para terapia hormonal, terapia intravenosa, perda de peso, exames laboratoriais e muito mais!","publisher":{"@id":"https:\/\/www.vivawc.com\/#organization"},"potentialAction":[{"@type":"SearchAction","target":{"@type":"EntryPoint","urlTemplate":"https:\/\/www.vivawc.com\/?s={search_term_string}"},"query-input":{"@type":"PropertyValueSpecification","valueRequired":true,"valueName":"search_term_string"}}],"inLanguage":"pt-BR"},{"@type":"Organization","@id":"https:\/\/www.vivawc.com\/#organization","name":"Viva Wellness Center","url":"https:\/\/www.vivawc.com\/","logo":{"@type":"ImageObject","inLanguage":"pt-BR","@id":"https:\/\/www.vivawc.com\/#\/schema\/logo\/image\/","url":"https:\/\/www.vivawc.com\/wp-content\/uploads\/2024\/02\/Viva-Wellness.webp","contentUrl":"https:\/\/www.vivawc.com\/wp-content\/uploads\/2024\/02\/Viva-Wellness.webp","width":1080,"height":1080,"caption":"Viva Wellness Center"},"image":{"@id":"https:\/\/www.vivawc.com\/#\/schema\/logo\/image\/"}}]}},"_links":{"self":[{"href":"https:\/\/www.vivawc.com\/pt\/wp-json\/wp\/v2\/product\/1853","targetHints":{"allow":["GET"]}}],"collection":[{"href":"https:\/\/www.vivawc.com\/pt\/wp-json\/wp\/v2\/product"}],"about":[{"href":"https:\/\/www.vivawc.com\/pt\/wp-json\/wp\/v2\/types\/product"}],"replies":[{"embeddable":true,"href":"https:\/\/www.vivawc.com\/pt\/wp-json\/wp\/v2\/comments?post=1853"}],"wp:featuredmedia":[{"embeddable":true,"href":"https:\/\/www.vivawc.com\/pt\/wp-json\/wp\/v2\/media\/1880"}],"wp:attachment":[{"href":"https:\/\/www.vivawc.com\/pt\/wp-json\/wp\/v2\/media?parent=1853"}],"wp:term":[{"taxonomy":"product_brand","embeddable":true,"href":"https:\/\/www.vivawc.com\/pt\/wp-json\/wp\/v2\/product_brand?post=1853"},{"taxonomy":"product_cat","embeddable":true,"href":"https:\/\/www.vivawc.com\/pt\/wp-json\/wp\/v2\/product_cat?post=1853"},{"taxonomy":"product_tag","embeddable":true,"href":"https:\/\/www.vivawc.com\/pt\/wp-json\/wp\/v2\/product_tag?post=1853"}],"curies":[{"name":"wp","href":"https:\/\/api.w.org\/{rel}","templated":true}]}}