{"id":1627,"date":"2024-05-07T19:22:05","date_gmt":"2024-05-07T19:22:05","guid":{"rendered":"https:\/\/www.vivawc.com\/?post_type=product&#038;p=1627"},"modified":"2024-05-07T19:22:08","modified_gmt":"2024-05-07T19:22:08","slug":"beleza","status":"publish","type":"product","link":"https:\/\/www.vivawc.com\/pt\/produtos\/beleza\/","title":{"rendered":"Beleza"},"content":{"rendered":"<p>Quer ficar melhor com cabelos e unhas saud\u00e1veis? Nossa terapia Beauty IV \u00e9 uma infus\u00e3o de vitaminas e minerais que ajuda a melhorar a sa\u00fade da pele, cabelos e unhas. Nossa f\u00f3rmula \u00e9 completa e cont\u00e9m nutrientes essenciais para a produ\u00e7\u00e3o de col\u00e1geno, hidrata\u00e7\u00e3o da pele e fortalecimento de cabelos e unhas.<\/p>","protected":false},"excerpt":{"rendered":"<p>Desbloqueie o seu potencial de beleza natural com a nossa terapia Beauty IV, que fornece nutrientes essenciais para uma pele radiante, cabelos sedosos e unhas fortes.<\/p>","protected":false},"featured_media":1623,"comment_status":"open","ping_status":"closed","template":"","meta":[],"product_brand":[],"product_cat":[44],"product_tag":[],"class_list":{"0":"post-1627","1":"product","2":"type-product","3":"status-publish","4":"has-post-thumbnail","6":"product_cat-iv-therapy","8":"first","9":"instock","10":"taxable","11":"shipping-taxable","12":"product-type-external"},"yoast_head":"<!-- This site is optimized with the Yoast SEO plugin v26.6 - https:\/\/yoast.com\/wordpress\/plugins\/seo\/ -->\n<title>Beauty | Viva Wellness Center<\/title>\n<meta name=\"description\" content=\"Unlock your natural beauty potential with our Beauty IV therapy, delivering essential nutrients for radiant skin, luscious hair, and strong nails.\" \/>\n<meta name=\"robots\" content=\"index, follow, max-snippet:-1, max-image-preview:large, max-video-preview:-1\" \/>\n<link rel=\"canonical\" href=\"https:\/\/www.vivawc.com\/pt\/produtos\/beleza\/\" \/>\n<meta property=\"og:locale\" content=\"pt_BR\" \/>\n<meta property=\"og:type\" content=\"article\" \/>\n<meta property=\"og:title\" content=\"Beauty | Viva Wellness Center\" \/>\n<meta property=\"og:description\" content=\"Unlock your natural beauty potential with our Beauty IV therapy, delivering essential nutrients for radiant skin, luscious hair, and strong nails.\" \/>\n<meta property=\"og:url\" content=\"https:\/\/www.vivawc.com\/pt\/produtos\/beleza\/\" \/>\n<meta property=\"og:site_name\" content=\"Viva Wellness Center\" \/>\n<meta property=\"article:modified_time\" content=\"2024-05-07T19:22:08+00:00\" \/>\n<meta property=\"og:image\" content=\"https:\/\/www.vivawc.com\/wp-content\/uploads\/2024\/05\/Beauty-IV-Drip-min.webp\" \/>\n\t<meta property=\"og:image:width\" content=\"1080\" \/>\n\t<meta property=\"og:image:height\" content=\"1080\" \/>\n\t<meta property=\"og:image:type\" content=\"image\/webp\" \/>\n<script type=\"application\/ld+json\" class=\"yoast-schema-graph\">{\"@context\":\"https:\/\/schema.org\",\"@graph\":[{\"@type\":\"WebPage\",\"@id\":\"https:\/\/www.vivawc.com\/product\/beauty\/\",\"url\":\"https:\/\/www.vivawc.com\/product\/beauty\/\",\"name\":\"Beauty | Viva Wellness Center\",\"isPartOf\":{\"@id\":\"https:\/\/www.vivawc.com\/#website\"},\"primaryImageOfPage\":{\"@id\":\"https:\/\/www.vivawc.com\/product\/beauty\/#primaryimage\"},\"image\":{\"@id\":\"https:\/\/www.vivawc.com\/product\/beauty\/#primaryimage\"},\"thumbnailUrl\":\"https:\/\/www.vivawc.com\/wp-content\/uploads\/2024\/05\/Beauty-IV-Drip-min.webp\",\"datePublished\":\"2024-05-07T19:22:05+00:00\",\"dateModified\":\"2024-05-07T19:22:08+00:00\",\"description\":\"Unlock your natural beauty potential with our Beauty IV therapy, delivering essential nutrients for radiant skin, luscious hair, and strong nails.\",\"breadcrumb\":{\"@id\":\"https:\/\/www.vivawc.com\/product\/beauty\/#breadcrumb\"},\"inLanguage\":\"pt-BR\",\"potentialAction\":[{\"@type\":\"ReadAction\",\"target\":[\"https:\/\/www.vivawc.com\/product\/beauty\/\"]}]},{\"@type\":\"ImageObject\",\"inLanguage\":\"pt-BR\",\"@id\":\"https:\/\/www.vivawc.com\/product\/beauty\/#primaryimage\",\"url\":\"https:\/\/www.vivawc.com\/wp-content\/uploads\/2024\/05\/Beauty-IV-Drip-min.webp\",\"contentUrl\":\"https:\/\/www.vivawc.com\/wp-content\/uploads\/2024\/05\/Beauty-IV-Drip-min.webp\",\"width\":1080,\"height\":1080,\"caption\":\"Beauty iv Drip\"},{\"@type\":\"BreadcrumbList\",\"@id\":\"https:\/\/www.vivawc.com\/product\/beauty\/#breadcrumb\",\"itemListElement\":[{\"@type\":\"ListItem\",\"position\":1,\"name\":\"Home\",\"item\":\"https:\/\/www.vivawc.com\/\"},{\"@type\":\"ListItem\",\"position\":2,\"name\":\"Shop\",\"item\":\"https:\/\/www.vivawc.com\/shop\/\"},{\"@type\":\"ListItem\",\"position\":3,\"name\":\"Beauty\"}]},{\"@type\":\"WebSite\",\"@id\":\"https:\/\/www.vivawc.com\/#website\",\"url\":\"https:\/\/www.vivawc.com\/\",\"name\":\"Viva Wellness Center\",\"description\":\"Revitalize Your Health: Boston&#039;s Top Clinic for Hormone Therapy, IV Therapy, Weight Loss, Lab Exams and More!\",\"publisher\":{\"@id\":\"https:\/\/www.vivawc.com\/#organization\"},\"potentialAction\":[{\"@type\":\"SearchAction\",\"target\":{\"@type\":\"EntryPoint\",\"urlTemplate\":\"https:\/\/www.vivawc.com\/?s={search_term_string}\"},\"query-input\":{\"@type\":\"PropertyValueSpecification\",\"valueRequired\":true,\"valueName\":\"search_term_string\"}}],\"inLanguage\":\"pt-BR\"},{\"@type\":\"Organization\",\"@id\":\"https:\/\/www.vivawc.com\/#organization\",\"name\":\"Viva Wellness Center\",\"url\":\"https:\/\/www.vivawc.com\/\",\"logo\":{\"@type\":\"ImageObject\",\"inLanguage\":\"pt-BR\",\"@id\":\"https:\/\/www.vivawc.com\/#\/schema\/logo\/image\/\",\"url\":\"https:\/\/www.vivawc.com\/wp-content\/uploads\/2024\/02\/Viva-Wellness.webp\",\"contentUrl\":\"https:\/\/www.vivawc.com\/wp-content\/uploads\/2024\/02\/Viva-Wellness.webp\",\"width\":1080,\"height\":1080,\"caption\":\"Viva Wellness Center\"},\"image\":{\"@id\":\"https:\/\/www.vivawc.com\/#\/schema\/logo\/image\/\"}}]}<\/script>\n<!-- \/ Yoast SEO plugin. -->","yoast_head_json":{"title":"Beleza | Viva Wellness Center","description":"Desbloqueie o seu potencial de beleza natural com a nossa terapia Beauty IV, que fornece nutrientes essenciais para uma pele radiante, cabelos sedosos e unhas fortes.","robots":{"index":"index","follow":"follow","max-snippet":"max-snippet:-1","max-image-preview":"max-image-preview:large","max-video-preview":"max-video-preview:-1"},"canonical":"https:\/\/www.vivawc.com\/pt\/produtos\/beleza\/","og_locale":"pt_BR","og_type":"article","og_title":"Beauty | Viva Wellness Center","og_description":"Unlock your natural beauty potential with our Beauty IV therapy, delivering essential nutrients for radiant skin, luscious hair, and strong nails.","og_url":"https:\/\/www.vivawc.com\/pt\/produtos\/beleza\/","og_site_name":"Viva Wellness Center","article_modified_time":"2024-05-07T19:22:08+00:00","og_image":[{"width":1080,"height":1080,"url":"https:\/\/www.vivawc.com\/wp-content\/uploads\/2024\/05\/Beauty-IV-Drip-min.webp","type":"image\/webp"}],"schema":{"@context":"https:\/\/schema.org","@graph":[{"@type":"WebPage","@id":"https:\/\/www.vivawc.com\/product\/beauty\/","url":"https:\/\/www.vivawc.com\/product\/beauty\/","name":"Beleza | Viva Wellness Center","isPartOf":{"@id":"https:\/\/www.vivawc.com\/#website"},"primaryImageOfPage":{"@id":"https:\/\/www.vivawc.com\/product\/beauty\/#primaryimage"},"image":{"@id":"https:\/\/www.vivawc.com\/product\/beauty\/#primaryimage"},"thumbnailUrl":"https:\/\/www.vivawc.com\/wp-content\/uploads\/2024\/05\/Beauty-IV-Drip-min.webp","datePublished":"2024-05-07T19:22:05+00:00","dateModified":"2024-05-07T19:22:08+00:00","description":"Desbloqueie o seu potencial de beleza natural com a nossa terapia Beauty IV, que fornece nutrientes essenciais para uma pele radiante, cabelos sedosos e unhas fortes.","breadcrumb":{"@id":"https:\/\/www.vivawc.com\/product\/beauty\/#breadcrumb"},"inLanguage":"pt-BR","potentialAction":[{"@type":"ReadAction","target":["https:\/\/www.vivawc.com\/product\/beauty\/"]}]},{"@type":"ImageObject","inLanguage":"pt-BR","@id":"https:\/\/www.vivawc.com\/product\/beauty\/#primaryimage","url":"https:\/\/www.vivawc.com\/wp-content\/uploads\/2024\/05\/Beauty-IV-Drip-min.webp","contentUrl":"https:\/\/www.vivawc.com\/wp-content\/uploads\/2024\/05\/Beauty-IV-Drip-min.webp","width":1080,"height":1080,"caption":"Beauty iv Drip"},{"@type":"BreadcrumbList","@id":"https:\/\/www.vivawc.com\/product\/beauty\/#breadcrumb","itemListElement":[{"@type":"ListItem","position":1,"name":"Home","item":"https:\/\/www.vivawc.com\/"},{"@type":"ListItem","position":2,"name":"Shop","item":"https:\/\/www.vivawc.com\/shop\/"},{"@type":"ListItem","position":3,"name":"Beauty"}]},{"@type":"WebSite","@id":"https:\/\/www.vivawc.com\/#website","url":"https:\/\/www.vivawc.com\/","name":"Viva Wellness Center","description":"Revitalize sua sa\u00fade: a melhor cl\u00ednica de Boston para terapia hormonal, terapia intravenosa, perda de peso, exames laboratoriais e muito mais!","publisher":{"@id":"https:\/\/www.vivawc.com\/#organization"},"potentialAction":[{"@type":"SearchAction","target":{"@type":"EntryPoint","urlTemplate":"https:\/\/www.vivawc.com\/?s={search_term_string}"},"query-input":{"@type":"PropertyValueSpecification","valueRequired":true,"valueName":"search_term_string"}}],"inLanguage":"pt-BR"},{"@type":"Organization","@id":"https:\/\/www.vivawc.com\/#organization","name":"Viva Wellness Center","url":"https:\/\/www.vivawc.com\/","logo":{"@type":"ImageObject","inLanguage":"pt-BR","@id":"https:\/\/www.vivawc.com\/#\/schema\/logo\/image\/","url":"https:\/\/www.vivawc.com\/wp-content\/uploads\/2024\/02\/Viva-Wellness.webp","contentUrl":"https:\/\/www.vivawc.com\/wp-content\/uploads\/2024\/02\/Viva-Wellness.webp","width":1080,"height":1080,"caption":"Viva Wellness Center"},"image":{"@id":"https:\/\/www.vivawc.com\/#\/schema\/logo\/image\/"}}]}},"_links":{"self":[{"href":"https:\/\/www.vivawc.com\/pt\/wp-json\/wp\/v2\/product\/1627","targetHints":{"allow":["GET"]}}],"collection":[{"href":"https:\/\/www.vivawc.com\/pt\/wp-json\/wp\/v2\/product"}],"about":[{"href":"https:\/\/www.vivawc.com\/pt\/wp-json\/wp\/v2\/types\/product"}],"replies":[{"embeddable":true,"href":"https:\/\/www.vivawc.com\/pt\/wp-json\/wp\/v2\/comments?post=1627"}],"wp:featuredmedia":[{"embeddable":true,"href":"https:\/\/www.vivawc.com\/pt\/wp-json\/wp\/v2\/media\/1623"}],"wp:attachment":[{"href":"https:\/\/www.vivawc.com\/pt\/wp-json\/wp\/v2\/media?parent=1627"}],"wp:term":[{"taxonomy":"product_brand","embeddable":true,"href":"https:\/\/www.vivawc.com\/pt\/wp-json\/wp\/v2\/product_brand?post=1627"},{"taxonomy":"product_cat","embeddable":true,"href":"https:\/\/www.vivawc.com\/pt\/wp-json\/wp\/v2\/product_cat?post=1627"},{"taxonomy":"product_tag","embeddable":true,"href":"https:\/\/www.vivawc.com\/pt\/wp-json\/wp\/v2\/product_tag?post=1627"}],"curies":[{"name":"wp","href":"https:\/\/api.w.org\/{rel}","templated":true}]}}