{"id":1142,"date":"2024-04-03T22:19:31","date_gmt":"2024-04-03T22:19:31","guid":{"rendered":"https:\/\/www.vivawc.com\/?post_type=product&#038;p=1142"},"modified":"2026-01-30T19:25:30","modified_gmt":"2026-01-30T19:25:30","slug":"teste-de-menopausa","status":"publish","type":"product","link":"https:\/\/www.vivawc.com\/pt\/produtos\/teste-de-menopausa\/","title":{"rendered":"Teste de menopausa"},"content":{"rendered":"<p><span style=\"font-weight: 400;\">A menopausa \u00e9 uma jornada natural e individual marcada por mudan\u00e7as not\u00e1veis. Na verdade, 3 em cada 4 pessoas na menopausa relatam sintomas como ondas de calor e dist\u00farbios do sono, afetando a vida di\u00e1ria. Nosso teste de menopausa avalia estradiol (um tipo de estrog\u00eanio), horm\u00f4nio fol\u00edculo estimulante (FSH), horm\u00f4nio luteinizante (LH) e progesterona \u2013 horm\u00f4nios cruciais ligados \u00e0 fun\u00e7\u00e3o reprodutiva e \u00e0 menopausa. Este teste abrangente permite que voc\u00ea compreenda seus sintomas e participe de discuss\u00f5es informadas com seu m\u00e9dico.<\/span><\/p>","protected":false},"excerpt":{"rendered":"<p>Curioso para saber se seus sintomas sinalizam a menopausa? Nosso teste oferece clareza.<\/p>","protected":false},"featured_media":1178,"comment_status":"open","ping_status":"closed","template":"","meta":[],"product_brand":[],"product_cat":[34,40,35],"product_tag":[],"class_list":{"0":"post-1142","1":"product","2":"type-product","3":"status-publish","4":"has-post-thumbnail","6":"product_cat-fertility-sexual-health","7":"product_cat-all-lab-tests","8":"product_cat-nutrition-sexual-health","10":"first","11":"instock","12":"taxable","13":"shipping-taxable","14":"purchasable","15":"product-type-simple"},"yoast_head":"<!-- This site is optimized with the Yoast SEO plugin v26.6 - https:\/\/yoast.com\/wordpress\/plugins\/seo\/ -->\n<title>Menopause Test - Viva Wellness Center<\/title>\n<meta name=\"description\" content=\"Curious whether your symptoms signal menopause? Our test offers clarity.\" \/>\n<meta name=\"robots\" content=\"index, follow, max-snippet:-1, max-image-preview:large, max-video-preview:-1\" \/>\n<link rel=\"canonical\" href=\"https:\/\/www.vivawc.com\/pt\/produtos\/teste-de-menopausa\/\" \/>\n<meta property=\"og:locale\" content=\"pt_BR\" \/>\n<meta property=\"og:type\" content=\"article\" \/>\n<meta property=\"og:title\" content=\"Menopause Test - Viva Wellness Center\" \/>\n<meta property=\"og:description\" content=\"Curious whether your symptoms signal menopause? Our test offers clarity.\" \/>\n<meta property=\"og:url\" content=\"https:\/\/www.vivawc.com\/pt\/produtos\/teste-de-menopausa\/\" \/>\n<meta property=\"og:site_name\" content=\"Viva Wellness Center\" \/>\n<meta property=\"article:modified_time\" content=\"2026-01-30T19:25:30+00:00\" \/>\n<meta property=\"og:image\" content=\"https:\/\/www.vivawc.com\/wp-content\/uploads\/2024\/04\/frustrated-depressed-lonely-middle-aged-woman-hold-2023-11-27-05-05-27-utc-opti-1.webp\" \/>\n\t<meta property=\"og:image:width\" content=\"600\" \/>\n\t<meta property=\"og:image:height\" content=\"400\" \/>\n\t<meta property=\"og:image:type\" content=\"image\/webp\" \/>\n<script type=\"application\/ld+json\" class=\"yoast-schema-graph\">{\"@context\":\"https:\/\/schema.org\",\"@graph\":[{\"@type\":\"WebPage\",\"@id\":\"https:\/\/www.vivawc.com\/product\/menopause-test\/\",\"url\":\"https:\/\/www.vivawc.com\/product\/menopause-test\/\",\"name\":\"Menopause Test - Viva Wellness Center\",\"isPartOf\":{\"@id\":\"https:\/\/www.vivawc.com\/#website\"},\"primaryImageOfPage\":{\"@id\":\"https:\/\/www.vivawc.com\/product\/menopause-test\/#primaryimage\"},\"image\":{\"@id\":\"https:\/\/www.vivawc.com\/product\/menopause-test\/#primaryimage\"},\"thumbnailUrl\":\"https:\/\/www.vivawc.com\/wp-content\/uploads\/2024\/04\/frustrated-depressed-lonely-middle-aged-woman-hold-2023-11-27-05-05-27-utc-opti-1.webp\",\"datePublished\":\"2024-04-03T22:19:31+00:00\",\"dateModified\":\"2026-01-30T19:25:30+00:00\",\"description\":\"Curious whether your symptoms signal menopause? Our test offers clarity.\",\"breadcrumb\":{\"@id\":\"https:\/\/www.vivawc.com\/product\/menopause-test\/#breadcrumb\"},\"inLanguage\":\"pt-BR\",\"potentialAction\":[{\"@type\":\"ReadAction\",\"target\":[\"https:\/\/www.vivawc.com\/product\/menopause-test\/\"]}]},{\"@type\":\"ImageObject\",\"inLanguage\":\"pt-BR\",\"@id\":\"https:\/\/www.vivawc.com\/product\/menopause-test\/#primaryimage\",\"url\":\"https:\/\/www.vivawc.com\/wp-content\/uploads\/2024\/04\/frustrated-depressed-lonely-middle-aged-woman-hold-2023-11-27-05-05-27-utc-opti-1.webp\",\"contentUrl\":\"https:\/\/www.vivawc.com\/wp-content\/uploads\/2024\/04\/frustrated-depressed-lonely-middle-aged-woman-hold-2023-11-27-05-05-27-utc-opti-1.webp\",\"width\":600,\"height\":400,\"caption\":\"women with fatigue\"},{\"@type\":\"BreadcrumbList\",\"@id\":\"https:\/\/www.vivawc.com\/product\/menopause-test\/#breadcrumb\",\"itemListElement\":[{\"@type\":\"ListItem\",\"position\":1,\"name\":\"Home\",\"item\":\"https:\/\/www.vivawc.com\/\"},{\"@type\":\"ListItem\",\"position\":2,\"name\":\"Shop\",\"item\":\"https:\/\/www.vivawc.com\/shop\/\"},{\"@type\":\"ListItem\",\"position\":3,\"name\":\"Menopause Test\"}]},{\"@type\":\"WebSite\",\"@id\":\"https:\/\/www.vivawc.com\/#website\",\"url\":\"https:\/\/www.vivawc.com\/\",\"name\":\"Viva Wellness Center\",\"description\":\"Revitalize Your Health: Boston&#039;s Top Clinic for Hormone Therapy, IV Therapy, Weight Loss, Lab Exams and More!\",\"publisher\":{\"@id\":\"https:\/\/www.vivawc.com\/#organization\"},\"potentialAction\":[{\"@type\":\"SearchAction\",\"target\":{\"@type\":\"EntryPoint\",\"urlTemplate\":\"https:\/\/www.vivawc.com\/?s={search_term_string}\"},\"query-input\":{\"@type\":\"PropertyValueSpecification\",\"valueRequired\":true,\"valueName\":\"search_term_string\"}}],\"inLanguage\":\"pt-BR\"},{\"@type\":\"Organization\",\"@id\":\"https:\/\/www.vivawc.com\/#organization\",\"name\":\"Viva Wellness Center\",\"url\":\"https:\/\/www.vivawc.com\/\",\"logo\":{\"@type\":\"ImageObject\",\"inLanguage\":\"pt-BR\",\"@id\":\"https:\/\/www.vivawc.com\/#\/schema\/logo\/image\/\",\"url\":\"https:\/\/www.vivawc.com\/wp-content\/uploads\/2024\/02\/Viva-Wellness.webp\",\"contentUrl\":\"https:\/\/www.vivawc.com\/wp-content\/uploads\/2024\/02\/Viva-Wellness.webp\",\"width\":1080,\"height\":1080,\"caption\":\"Viva Wellness Center\"},\"image\":{\"@id\":\"https:\/\/www.vivawc.com\/#\/schema\/logo\/image\/\"}}]}<\/script>\n<!-- \/ Yoast SEO plugin. -->","yoast_head_json":{"title":"Teste de Menopausa - Viva Wellness Center","description":"Curioso para saber se seus sintomas sinalizam a menopausa? Nosso teste oferece clareza.","robots":{"index":"index","follow":"follow","max-snippet":"max-snippet:-1","max-image-preview":"max-image-preview:large","max-video-preview":"max-video-preview:-1"},"canonical":"https:\/\/www.vivawc.com\/pt\/produtos\/teste-de-menopausa\/","og_locale":"pt_BR","og_type":"article","og_title":"Menopause Test - Viva Wellness Center","og_description":"Curious whether your symptoms signal menopause? Our test offers clarity.","og_url":"https:\/\/www.vivawc.com\/pt\/produtos\/teste-de-menopausa\/","og_site_name":"Viva Wellness Center","article_modified_time":"2026-01-30T19:25:30+00:00","og_image":[{"width":600,"height":400,"url":"https:\/\/www.vivawc.com\/wp-content\/uploads\/2024\/04\/frustrated-depressed-lonely-middle-aged-woman-hold-2023-11-27-05-05-27-utc-opti-1.webp","type":"image\/webp"}],"schema":{"@context":"https:\/\/schema.org","@graph":[{"@type":"WebPage","@id":"https:\/\/www.vivawc.com\/product\/menopause-test\/","url":"https:\/\/www.vivawc.com\/product\/menopause-test\/","name":"Teste de Menopausa - Viva Wellness Center","isPartOf":{"@id":"https:\/\/www.vivawc.com\/#website"},"primaryImageOfPage":{"@id":"https:\/\/www.vivawc.com\/product\/menopause-test\/#primaryimage"},"image":{"@id":"https:\/\/www.vivawc.com\/product\/menopause-test\/#primaryimage"},"thumbnailUrl":"https:\/\/www.vivawc.com\/wp-content\/uploads\/2024\/04\/frustrated-depressed-lonely-middle-aged-woman-hold-2023-11-27-05-05-27-utc-opti-1.webp","datePublished":"2024-04-03T22:19:31+00:00","dateModified":"2026-01-30T19:25:30+00:00","description":"Curioso para saber se seus sintomas sinalizam a menopausa? Nosso teste oferece clareza.","breadcrumb":{"@id":"https:\/\/www.vivawc.com\/product\/menopause-test\/#breadcrumb"},"inLanguage":"pt-BR","potentialAction":[{"@type":"ReadAction","target":["https:\/\/www.vivawc.com\/product\/menopause-test\/"]}]},{"@type":"ImageObject","inLanguage":"pt-BR","@id":"https:\/\/www.vivawc.com\/product\/menopause-test\/#primaryimage","url":"https:\/\/www.vivawc.com\/wp-content\/uploads\/2024\/04\/frustrated-depressed-lonely-middle-aged-woman-hold-2023-11-27-05-05-27-utc-opti-1.webp","contentUrl":"https:\/\/www.vivawc.com\/wp-content\/uploads\/2024\/04\/frustrated-depressed-lonely-middle-aged-woman-hold-2023-11-27-05-05-27-utc-opti-1.webp","width":600,"height":400,"caption":"women with fatigue"},{"@type":"BreadcrumbList","@id":"https:\/\/www.vivawc.com\/product\/menopause-test\/#breadcrumb","itemListElement":[{"@type":"ListItem","position":1,"name":"Home","item":"https:\/\/www.vivawc.com\/"},{"@type":"ListItem","position":2,"name":"Shop","item":"https:\/\/www.vivawc.com\/shop\/"},{"@type":"ListItem","position":3,"name":"Menopause Test"}]},{"@type":"WebSite","@id":"https:\/\/www.vivawc.com\/#website","url":"https:\/\/www.vivawc.com\/","name":"Viva Wellness Center","description":"Revitalize sua sa\u00fade: a melhor cl\u00ednica de Boston para terapia hormonal, terapia intravenosa, perda de peso, exames laboratoriais e muito mais!","publisher":{"@id":"https:\/\/www.vivawc.com\/#organization"},"potentialAction":[{"@type":"SearchAction","target":{"@type":"EntryPoint","urlTemplate":"https:\/\/www.vivawc.com\/?s={search_term_string}"},"query-input":{"@type":"PropertyValueSpecification","valueRequired":true,"valueName":"search_term_string"}}],"inLanguage":"pt-BR"},{"@type":"Organization","@id":"https:\/\/www.vivawc.com\/#organization","name":"Viva Wellness Center","url":"https:\/\/www.vivawc.com\/","logo":{"@type":"ImageObject","inLanguage":"pt-BR","@id":"https:\/\/www.vivawc.com\/#\/schema\/logo\/image\/","url":"https:\/\/www.vivawc.com\/wp-content\/uploads\/2024\/02\/Viva-Wellness.webp","contentUrl":"https:\/\/www.vivawc.com\/wp-content\/uploads\/2024\/02\/Viva-Wellness.webp","width":1080,"height":1080,"caption":"Viva Wellness Center"},"image":{"@id":"https:\/\/www.vivawc.com\/#\/schema\/logo\/image\/"}}]}},"_links":{"self":[{"href":"https:\/\/www.vivawc.com\/pt\/wp-json\/wp\/v2\/product\/1142","targetHints":{"allow":["GET"]}}],"collection":[{"href":"https:\/\/www.vivawc.com\/pt\/wp-json\/wp\/v2\/product"}],"about":[{"href":"https:\/\/www.vivawc.com\/pt\/wp-json\/wp\/v2\/types\/product"}],"replies":[{"embeddable":true,"href":"https:\/\/www.vivawc.com\/pt\/wp-json\/wp\/v2\/comments?post=1142"}],"wp:featuredmedia":[{"embeddable":true,"href":"https:\/\/www.vivawc.com\/pt\/wp-json\/wp\/v2\/media\/1178"}],"wp:attachment":[{"href":"https:\/\/www.vivawc.com\/pt\/wp-json\/wp\/v2\/media?parent=1142"}],"wp:term":[{"taxonomy":"product_brand","embeddable":true,"href":"https:\/\/www.vivawc.com\/pt\/wp-json\/wp\/v2\/product_brand?post=1142"},{"taxonomy":"product_cat","embeddable":true,"href":"https:\/\/www.vivawc.com\/pt\/wp-json\/wp\/v2\/product_cat?post=1142"},{"taxonomy":"product_tag","embeddable":true,"href":"https:\/\/www.vivawc.com\/pt\/wp-json\/wp\/v2\/product_tag?post=1142"}],"curies":[{"name":"wp","href":"https:\/\/api.w.org\/{rel}","templated":true}]}}