{"id":1136,"date":"2024-04-03T22:09:32","date_gmt":"2024-04-03T22:09:32","guid":{"rendered":"https:\/\/www.vivawc.com\/?post_type=product&#038;p=1136"},"modified":"2026-01-30T19:27:42","modified_gmt":"2026-01-30T19:27:42","slug":"testosterone-test","status":"publish","type":"product","link":"https:\/\/www.vivawc.com\/pt\/produtos\/testosterone-test\/","title":{"rendered":"Testosterone Test"},"content":{"rendered":"<p><span style=\"font-weight: 400;\">Alcan\u00e7ar seus objetivos de bem-estar pode ser afetado pela flutua\u00e7\u00e3o dos n\u00edveis de testosterona. A testosterona desempenha um papel crucial em in\u00fameras fun\u00e7\u00f5es vitais no corpo masculino. Nosso exame de sangue de testosterona ajuda a avaliar se o seu n\u00edvel de testosterona est\u00e1 alinhado com a faixa normal para sua idade.<\/span><\/p>\n<p><span style=\"font-weight: 400;\">Ao analisar seu n\u00edvel total de testosterona, podem ser identificados fatores potenciais que afetam a libido, a massa \u00f3ssea, a distribui\u00e7\u00e3o de gordura, a massa muscular e a produ\u00e7\u00e3o de gl\u00f3bulos vermelhos e espermatozoides, fornecendo informa\u00e7\u00f5es para otimizar sua sa\u00fade e felicidade.<\/span><\/p>","protected":false},"excerpt":{"rendered":"<p>Me\u00e7a seus n\u00edveis totais de testosterona para otimizar sua sa\u00fade.<\/p>","protected":false},"featured_media":1164,"comment_status":"open","ping_status":"closed","template":"","meta":[],"product_brand":[],"product_cat":[34,29,35],"product_tag":[],"class_list":{"0":"post-1136","1":"product","2":"type-product","3":"status-publish","4":"has-post-thumbnail","6":"product_cat-fertility-sexual-health","7":"product_cat-mens-health","8":"product_cat-nutrition-sexual-health","10":"first","11":"instock","12":"taxable","13":"shipping-taxable","14":"purchasable","15":"product-type-simple"},"yoast_head":"<!-- This site is optimized with the Yoast SEO plugin v26.6 - https:\/\/yoast.com\/wordpress\/plugins\/seo\/ -->\n<title>Testosterone Test - Viva Wellness Center<\/title>\n<meta name=\"description\" content=\"Measure your total testosterone levels to optimize your health\" \/>\n<meta name=\"robots\" content=\"index, follow, max-snippet:-1, max-image-preview:large, max-video-preview:-1\" \/>\n<link rel=\"canonical\" href=\"https:\/\/www.vivawc.com\/pt\/produtos\/testosterone-test\/\" \/>\n<meta property=\"og:locale\" content=\"pt_BR\" \/>\n<meta property=\"og:type\" content=\"article\" \/>\n<meta property=\"og:title\" content=\"Testosterone Test - Viva Wellness Center\" \/>\n<meta property=\"og:description\" content=\"Measure your total testosterone levels to optimize your health\" \/>\n<meta property=\"og:url\" content=\"https:\/\/www.vivawc.com\/pt\/produtos\/testosterone-test\/\" \/>\n<meta property=\"og:site_name\" content=\"Viva Wellness Center\" \/>\n<meta property=\"article:modified_time\" content=\"2026-01-30T19:27:42+00:00\" \/>\n<meta property=\"og:image\" content=\"https:\/\/www.vivawc.com\/wp-content\/uploads\/2024\/04\/close-up-laughing-handsome-man-with-beard-outside-2023-11-27-05-09-19-utc-opti.webp\" \/>\n\t<meta property=\"og:image:width\" content=\"600\" \/>\n\t<meta property=\"og:image:height\" content=\"400\" \/>\n\t<meta property=\"og:image:type\" content=\"image\/webp\" \/>\n<script type=\"application\/ld+json\" class=\"yoast-schema-graph\">{\"@context\":\"https:\/\/schema.org\",\"@graph\":[{\"@type\":\"WebPage\",\"@id\":\"https:\/\/www.vivawc.com\/product\/testosterone-test\/\",\"url\":\"https:\/\/www.vivawc.com\/product\/testosterone-test\/\",\"name\":\"Testosterone Test - Viva Wellness Center\",\"isPartOf\":{\"@id\":\"https:\/\/www.vivawc.com\/#website\"},\"primaryImageOfPage\":{\"@id\":\"https:\/\/www.vivawc.com\/product\/testosterone-test\/#primaryimage\"},\"image\":{\"@id\":\"https:\/\/www.vivawc.com\/product\/testosterone-test\/#primaryimage\"},\"thumbnailUrl\":\"https:\/\/www.vivawc.com\/wp-content\/uploads\/2024\/04\/close-up-laughing-handsome-man-with-beard-outside-2023-11-27-05-09-19-utc-opti.webp\",\"datePublished\":\"2024-04-03T22:09:32+00:00\",\"dateModified\":\"2026-01-30T19:27:42+00:00\",\"description\":\"Measure your total testosterone levels to optimize your health\",\"breadcrumb\":{\"@id\":\"https:\/\/www.vivawc.com\/product\/testosterone-test\/#breadcrumb\"},\"inLanguage\":\"pt-BR\",\"potentialAction\":[{\"@type\":\"ReadAction\",\"target\":[\"https:\/\/www.vivawc.com\/product\/testosterone-test\/\"]}]},{\"@type\":\"ImageObject\",\"inLanguage\":\"pt-BR\",\"@id\":\"https:\/\/www.vivawc.com\/product\/testosterone-test\/#primaryimage\",\"url\":\"https:\/\/www.vivawc.com\/wp-content\/uploads\/2024\/04\/close-up-laughing-handsome-man-with-beard-outside-2023-11-27-05-09-19-utc-opti.webp\",\"contentUrl\":\"https:\/\/www.vivawc.com\/wp-content\/uploads\/2024\/04\/close-up-laughing-handsome-man-with-beard-outside-2023-11-27-05-09-19-utc-opti.webp\",\"width\":600,\"height\":400,\"caption\":\"close up laughing man with beard outside\"},{\"@type\":\"BreadcrumbList\",\"@id\":\"https:\/\/www.vivawc.com\/product\/testosterone-test\/#breadcrumb\",\"itemListElement\":[{\"@type\":\"ListItem\",\"position\":1,\"name\":\"Home\",\"item\":\"https:\/\/www.vivawc.com\/\"},{\"@type\":\"ListItem\",\"position\":2,\"name\":\"Shop\",\"item\":\"https:\/\/www.vivawc.com\/shop\/\"},{\"@type\":\"ListItem\",\"position\":3,\"name\":\"Testosterone Test\"}]},{\"@type\":\"WebSite\",\"@id\":\"https:\/\/www.vivawc.com\/#website\",\"url\":\"https:\/\/www.vivawc.com\/\",\"name\":\"Viva Wellness Center\",\"description\":\"Revitalize Your Health: Boston&#039;s Top Clinic for Hormone Therapy, IV Therapy, Weight Loss, Lab Exams and More!\",\"publisher\":{\"@id\":\"https:\/\/www.vivawc.com\/#organization\"},\"potentialAction\":[{\"@type\":\"SearchAction\",\"target\":{\"@type\":\"EntryPoint\",\"urlTemplate\":\"https:\/\/www.vivawc.com\/?s={search_term_string}\"},\"query-input\":{\"@type\":\"PropertyValueSpecification\",\"valueRequired\":true,\"valueName\":\"search_term_string\"}}],\"inLanguage\":\"pt-BR\"},{\"@type\":\"Organization\",\"@id\":\"https:\/\/www.vivawc.com\/#organization\",\"name\":\"Viva Wellness Center\",\"url\":\"https:\/\/www.vivawc.com\/\",\"logo\":{\"@type\":\"ImageObject\",\"inLanguage\":\"pt-BR\",\"@id\":\"https:\/\/www.vivawc.com\/#\/schema\/logo\/image\/\",\"url\":\"https:\/\/www.vivawc.com\/wp-content\/uploads\/2024\/02\/Viva-Wellness.webp\",\"contentUrl\":\"https:\/\/www.vivawc.com\/wp-content\/uploads\/2024\/02\/Viva-Wellness.webp\",\"width\":1080,\"height\":1080,\"caption\":\"Viva Wellness Center\"},\"image\":{\"@id\":\"https:\/\/www.vivawc.com\/#\/schema\/logo\/image\/\"}}]}<\/script>\n<!-- \/ Yoast SEO plugin. -->","yoast_head_json":{"title":"Testosterone Test - Viva Wellness Center","description":"Me\u00e7a seus n\u00edveis totais de testosterona para otimizar sua sa\u00fade","robots":{"index":"index","follow":"follow","max-snippet":"max-snippet:-1","max-image-preview":"max-image-preview:large","max-video-preview":"max-video-preview:-1"},"canonical":"https:\/\/www.vivawc.com\/pt\/produtos\/testosterone-test\/","og_locale":"pt_BR","og_type":"article","og_title":"Testosterone Test - Viva Wellness Center","og_description":"Measure your total testosterone levels to optimize your health","og_url":"https:\/\/www.vivawc.com\/pt\/produtos\/testosterone-test\/","og_site_name":"Viva Wellness Center","article_modified_time":"2026-01-30T19:27:42+00:00","og_image":[{"width":600,"height":400,"url":"https:\/\/www.vivawc.com\/wp-content\/uploads\/2024\/04\/close-up-laughing-handsome-man-with-beard-outside-2023-11-27-05-09-19-utc-opti.webp","type":"image\/webp"}],"schema":{"@context":"https:\/\/schema.org","@graph":[{"@type":"WebPage","@id":"https:\/\/www.vivawc.com\/product\/testosterone-test\/","url":"https:\/\/www.vivawc.com\/product\/testosterone-test\/","name":"Testosterone Test - Viva Wellness Center","isPartOf":{"@id":"https:\/\/www.vivawc.com\/#website"},"primaryImageOfPage":{"@id":"https:\/\/www.vivawc.com\/product\/testosterone-test\/#primaryimage"},"image":{"@id":"https:\/\/www.vivawc.com\/product\/testosterone-test\/#primaryimage"},"thumbnailUrl":"https:\/\/www.vivawc.com\/wp-content\/uploads\/2024\/04\/close-up-laughing-handsome-man-with-beard-outside-2023-11-27-05-09-19-utc-opti.webp","datePublished":"2024-04-03T22:09:32+00:00","dateModified":"2026-01-30T19:27:42+00:00","description":"Me\u00e7a seus n\u00edveis totais de testosterona para otimizar sua sa\u00fade","breadcrumb":{"@id":"https:\/\/www.vivawc.com\/product\/testosterone-test\/#breadcrumb"},"inLanguage":"pt-BR","potentialAction":[{"@type":"ReadAction","target":["https:\/\/www.vivawc.com\/product\/testosterone-test\/"]}]},{"@type":"ImageObject","inLanguage":"pt-BR","@id":"https:\/\/www.vivawc.com\/product\/testosterone-test\/#primaryimage","url":"https:\/\/www.vivawc.com\/wp-content\/uploads\/2024\/04\/close-up-laughing-handsome-man-with-beard-outside-2023-11-27-05-09-19-utc-opti.webp","contentUrl":"https:\/\/www.vivawc.com\/wp-content\/uploads\/2024\/04\/close-up-laughing-handsome-man-with-beard-outside-2023-11-27-05-09-19-utc-opti.webp","width":600,"height":400,"caption":"close up laughing man with beard outside"},{"@type":"BreadcrumbList","@id":"https:\/\/www.vivawc.com\/product\/testosterone-test\/#breadcrumb","itemListElement":[{"@type":"ListItem","position":1,"name":"Home","item":"https:\/\/www.vivawc.com\/"},{"@type":"ListItem","position":2,"name":"Shop","item":"https:\/\/www.vivawc.com\/shop\/"},{"@type":"ListItem","position":3,"name":"Testosterone Test"}]},{"@type":"WebSite","@id":"https:\/\/www.vivawc.com\/#website","url":"https:\/\/www.vivawc.com\/","name":"Viva Wellness Center","description":"Revitalize sua sa\u00fade: a melhor cl\u00ednica de Boston para terapia hormonal, terapia intravenosa, perda de peso, exames laboratoriais e muito mais!","publisher":{"@id":"https:\/\/www.vivawc.com\/#organization"},"potentialAction":[{"@type":"SearchAction","target":{"@type":"EntryPoint","urlTemplate":"https:\/\/www.vivawc.com\/?s={search_term_string}"},"query-input":{"@type":"PropertyValueSpecification","valueRequired":true,"valueName":"search_term_string"}}],"inLanguage":"pt-BR"},{"@type":"Organization","@id":"https:\/\/www.vivawc.com\/#organization","name":"Viva Wellness Center","url":"https:\/\/www.vivawc.com\/","logo":{"@type":"ImageObject","inLanguage":"pt-BR","@id":"https:\/\/www.vivawc.com\/#\/schema\/logo\/image\/","url":"https:\/\/www.vivawc.com\/wp-content\/uploads\/2024\/02\/Viva-Wellness.webp","contentUrl":"https:\/\/www.vivawc.com\/wp-content\/uploads\/2024\/02\/Viva-Wellness.webp","width":1080,"height":1080,"caption":"Viva Wellness Center"},"image":{"@id":"https:\/\/www.vivawc.com\/#\/schema\/logo\/image\/"}}]}},"_links":{"self":[{"href":"https:\/\/www.vivawc.com\/pt\/wp-json\/wp\/v2\/product\/1136","targetHints":{"allow":["GET"]}}],"collection":[{"href":"https:\/\/www.vivawc.com\/pt\/wp-json\/wp\/v2\/product"}],"about":[{"href":"https:\/\/www.vivawc.com\/pt\/wp-json\/wp\/v2\/types\/product"}],"replies":[{"embeddable":true,"href":"https:\/\/www.vivawc.com\/pt\/wp-json\/wp\/v2\/comments?post=1136"}],"wp:featuredmedia":[{"embeddable":true,"href":"https:\/\/www.vivawc.com\/pt\/wp-json\/wp\/v2\/media\/1164"}],"wp:attachment":[{"href":"https:\/\/www.vivawc.com\/pt\/wp-json\/wp\/v2\/media?parent=1136"}],"wp:term":[{"taxonomy":"product_brand","embeddable":true,"href":"https:\/\/www.vivawc.com\/pt\/wp-json\/wp\/v2\/product_brand?post=1136"},{"taxonomy":"product_cat","embeddable":true,"href":"https:\/\/www.vivawc.com\/pt\/wp-json\/wp\/v2\/product_cat?post=1136"},{"taxonomy":"product_tag","embeddable":true,"href":"https:\/\/www.vivawc.com\/pt\/wp-json\/wp\/v2\/product_tag?post=1136"}],"curies":[{"name":"wp","href":"https:\/\/api.w.org\/{rel}","templated":true}]}}