{"id":581,"date":"2024-03-08T21:55:22","date_gmt":"2024-03-08T21:55:22","guid":{"rendered":"https:\/\/www.vivawc.com\/?page_id=581"},"modified":"2024-09-13T14:25:06","modified_gmt":"2024-09-13T14:25:06","slug":"harmonizacao-facial","status":"publish","type":"page","link":"https:\/\/www.vivawc.com\/pt\/lar\/harmonizacao-facial\/","title":{"rendered":"Harmoniza\u00e7\u00e3o Facial"},"content":{"rendered":"<div data-elementor-type=\"wp-page\" data-elementor-id=\"581\" class=\"elementor elementor-581\" data-elementor-post-type=\"page\">\n\t\t\t\t<div class=\"elementor-element elementor-element-55f297c e-con-full e-flex e-con e-parent\" data-id=\"55f297c\" data-element_type=\"container\" data-settings=\"{&quot;background_background&quot;:&quot;classic&quot;}\">\n\t\t<div class=\"elementor-element elementor-element-d5422c4 e-con-full e-flex e-con e-child\" data-id=\"d5422c4\" data-element_type=\"container\" data-settings=\"{&quot;background_background&quot;:&quot;classic&quot;}\">\n\t\t\t\t<\/div>\n\t\t<div class=\"elementor-element elementor-element-cc70149 e-con-full e-flex e-con e-child\" data-id=\"cc70149\" data-element_type=\"container\">\n\t\t\t\t<div class=\"elementor-element elementor-element-0946398 elementor-widget elementor-widget-heading\" data-id=\"0946398\" data-element_type=\"widget\" data-widget_type=\"heading.default\">\n\t\t\t\t<div class=\"elementor-widget-container\">\n\t\t\t\t\t<h2 class=\"elementor-heading-title elementor-size-default\">Rejuvenes\u00e7a e recupere a sua juventude com<\/h2>\t\t\t\t<\/div>\n\t\t\t\t<\/div>\n\t\t\t\t<div class=\"elementor-element elementor-element-3103ca7 elementor-widget elementor-widget-heading\" data-id=\"3103ca7\" data-element_type=\"widget\" data-widget_type=\"heading.default\">\n\t\t\t\t<div class=\"elementor-widget-container\">\n\t\t\t\t\t<h1 class=\"elementor-heading-title elementor-size-default\">Harmoniza\u00e7\u00f5es faciais em Massachusetts<\/h1>\t\t\t\t<\/div>\n\t\t\t\t<\/div>\n\t\t\t\t<div class=\"elementor-element elementor-element-14e2450 elementor-widget-divider--view-line elementor-widget elementor-widget-divider\" data-id=\"14e2450\" data-element_type=\"widget\" data-widget_type=\"divider.default\">\n\t\t\t\t<div class=\"elementor-widget-container\">\n\t\t\t\t\t\t\t<div class=\"elementor-divider\">\n\t\t\t<span class=\"elementor-divider-separator\">\n\t\t\t\t\t\t<\/span>\n\t\t<\/div>\n\t\t\t\t\t\t<\/div>\n\t\t\t\t<\/div>\n\t\t\t\t<\/div>\n\t\t\t\t<\/div>\n\t\t<div class=\"elementor-element elementor-element-69912f7 e-flex e-con-boxed e-con e-parent\" data-id=\"69912f7\" data-element_type=\"container\" data-settings=\"{&quot;background_background&quot;:&quot;classic&quot;}\">\n\t\t\t\t\t<div class=\"e-con-inner\">\n\t\t<div class=\"elementor-element elementor-element-06f306d e-con-full e-flex e-con e-child\" data-id=\"06f306d\" data-element_type=\"container\">\n\t\t\t\t<div class=\"elementor-element elementor-element-1f48e07 elementor-widget elementor-widget-heading\" data-id=\"1f48e07\" data-element_type=\"widget\" data-widget_type=\"heading.default\">\n\t\t\t\t<div class=\"elementor-widget-container\">\n\t\t\t\t\t<h2 class=\"elementor-heading-title elementor-size-default\">botox<\/h2>\t\t\t\t<\/div>\n\t\t\t\t<\/div>\n\t\t\t\t<div class=\"elementor-element elementor-element-557e42b elementor-widget elementor-widget-heading\" data-id=\"557e42b\" data-element_type=\"widget\" data-widget_type=\"heading.default\">\n\t\t\t\t<div class=\"elementor-widget-container\">\n\t\t\t\t\t<h1 class=\"elementor-heading-title elementor-size-default\">Descubra o Botox Bliss: revele a beleza atemporal<\/h1>\t\t\t\t<\/div>\n\t\t\t\t<\/div>\n\t\t\t\t<div class=\"elementor-element elementor-element-f7f9dd2 elementor-widget-divider--view-line elementor-widget elementor-widget-divider\" data-id=\"f7f9dd2\" data-element_type=\"widget\" data-widget_type=\"divider.default\">\n\t\t\t\t<div class=\"elementor-widget-container\">\n\t\t\t\t\t\t\t<div class=\"elementor-divider\">\n\t\t\t<span class=\"elementor-divider-separator\">\n\t\t\t\t\t\t<\/span>\n\t\t<\/div>\n\t\t\t\t\t\t<\/div>\n\t\t\t\t<\/div>\n\t\t\t\t<div class=\"elementor-element elementor-element-e0ba51f elementor-widget elementor-widget-text-editor\" data-id=\"e0ba51f\" data-element_type=\"widget\" data-widget_type=\"text-editor.default\">\n\t\t\t\t<div class=\"elementor-widget-container\">\n\t\t\t\t\t\t\t\t\t<p>No Viva Wellness Center, nossos tratamentos de Botox s\u00e3o habilmente elaborados para suavizar rugas e linhas finas, permitindo que voc\u00ea se despe\u00e7a dos sinais de envelhecimento que podem afetar sua autoestima.<\/p><p>Beneficie-se do nosso hist\u00f3rico de sucesso, onde os pacientes do Viva Wellness Center obtiveram resultados not\u00e1veis atrav\u00e9s dos nossos tratamentos personalizados de Botox. Nossos m\u00e9dicos altamente qualificados e experientes s\u00e3o especializados na administra\u00e7\u00e3o deste tratamento, garantindo que voc\u00ea receba atendimento de primeira linha.<\/p><p>Cada tratamento de Botox no Viva Wellness Center \u00e9 adaptado exclusivamente para se alinhar aos seus objetivos individuais de beleza, prometendo resultados que atendem aos seus desejos.<\/p><p>A oportunidade de recuperar sua juventude est\u00e1 ao seu alcance. Aproveite agora! Agende sua consulta e d\u00ea o passo inicial em sua jornada transformadora com o Viva Wellness Center.<\/p>\t\t\t\t\t\t\t\t<\/div>\n\t\t\t\t<\/div>\n\t\t\t\t<div class=\"elementor-element elementor-element-f5c5ccb elementor-mobile-align-center elementor-align-left elementor-widget elementor-widget-button\" data-id=\"f5c5ccb\" data-element_type=\"widget\" data-widget_type=\"button.default\">\n\t\t\t\t<div class=\"elementor-widget-container\">\n\t\t\t\t\t\t\t\t\t<div class=\"elementor-button-wrapper\">\n\t\t\t\t\t<a class=\"elementor-button elementor-button-link elementor-size-sm\" href=\"https:\/\/www.vagaro.com\/\/Users\/BusinessWidget.aspx?enc=MMLjhIwJMcwFQhXLL7ifVL4OUzUt6D4alHlQXpOKR5cD3ZzsHRur5ylJrTfw8fsSI2WYlGBhSXj7y\/gIMYf2SzLeIchCd4MqmfYWm39xOJQAIDgQIVoxwMUScice5QWJjtaIMIQWY1TD0VKqxs1MnahK4XOo\/w6D09achpkg6ARFBtYzG12MyckIQ4vVAReJVqqZ9PIc09ZvRxuKTRNYUe5pIYLKvf5qHBYEHn5jzZ9+Ch\/4VRmHwrqo1lEXXbuB1gFgZSyVH05scsWT1i940uBrkcUocVtzq2Lrv8DvaMqK9iuQ9EGQ86Eq5FsHJShm\/aZwQSeCJz9UfGsv6PeP8WGlEcOuGiYTxiOHXYpg9Lt9i7MXIiGCHOiaNnEoebwnv8bQUhlnk64J0deTy+iQfOjCpCj6PlNsukRdiIQb3LA=\" target=\"_blank\">\n\t\t\t\t\t\t<span class=\"elementor-button-content-wrapper\">\n\t\t\t\t\t\t\t\t\t<span class=\"elementor-button-text\">Agende agora<\/span>\n\t\t\t\t\t<\/span>\n\t\t\t\t\t<\/a>\n\t\t\t\t<\/div>\n\t\t\t\t\t\t\t\t<\/div>\n\t\t\t\t<\/div>\n\t\t\t\t<\/div>\n\t\t\t\t\t<\/div>\n\t\t\t\t<\/div>\n\t\t\t\t<\/div>","protected":false},"excerpt":{"rendered":"<p>Rejuvenes\u00e7a e recupere sua juventude com Harmoniza\u00e7\u00f5es Faciais em Massachusetts Botox Descubra Botox Bliss: Revele a beleza atemporal No Viva Wellness Center, nossos tratamentos de Botox s\u00e3o habilmente elaborados para suavizar rugas e linhas finas, capacitando voc\u00ea a se despedir dos sinais de envelhecimento que podem afetar voc\u00ea mesmo -estima. Beneficie-se do nosso hist\u00f3rico de sucesso, onde [...]<\/p>","protected":false},"author":1,"featured_media":582,"parent":11,"menu_order":0,"comment_status":"closed","ping_status":"closed","template":"","meta":{"footnotes":""},"class_list":["post-581","page","type-page","status-publish","has-post-thumbnail","hentry"],"yoast_head":"<!-- This site is optimized with the Yoast SEO plugin v26.6 - https:\/\/yoast.com\/wordpress\/plugins\/seo\/ -->\n<title>Elevate Your Beauty: Facial Harmonization | Viva Wellness Center<\/title>\n<meta name=\"description\" content=\"Experience Botox bliss at Viva Wellness Center in Stoneham, MA. Book your rejuvenation today!\" \/>\n<meta name=\"robots\" content=\"index, follow, max-snippet:-1, max-image-preview:large, max-video-preview:-1\" \/>\n<link rel=\"canonical\" href=\"https:\/\/www.vivawc.com\/pt\/lar\/harmonizacao-facial\/\" \/>\n<meta property=\"og:locale\" content=\"pt_BR\" \/>\n<meta property=\"og:type\" content=\"article\" \/>\n<meta property=\"og:title\" content=\"Elevate Your Beauty: Facial Harmonization | Viva Wellness Center\" \/>\n<meta property=\"og:description\" content=\"Experience Botox bliss at Viva Wellness Center in Stoneham, MA. Book your rejuvenation today!\" \/>\n<meta property=\"og:url\" content=\"https:\/\/www.vivawc.com\/pt\/lar\/harmonizacao-facial\/\" \/>\n<meta property=\"og:site_name\" content=\"Viva Wellness Center\" \/>\n<meta property=\"article:modified_time\" content=\"2024-09-13T14:25:06+00:00\" \/>\n<meta property=\"og:image\" content=\"https:\/\/www.vivawc.com\/wp-content\/uploads\/2024\/03\/female-aesthetic-cosmetology-in-spa-resort-complex-2023-11-27-04-59-11-utc-opti.webp\" \/>\n\t<meta property=\"og:image:width\" content=\"1200\" \/>\n\t<meta property=\"og:image:height\" content=\"800\" \/>\n\t<meta property=\"og:image:type\" content=\"image\/webp\" \/>\n<script type=\"application\/ld+json\" class=\"yoast-schema-graph\">{\"@context\":\"https:\/\/schema.org\",\"@graph\":[{\"@type\":\"WebPage\",\"@id\":\"https:\/\/www.vivawc.com\/home\/facial-harmonization\/\",\"url\":\"https:\/\/www.vivawc.com\/home\/facial-harmonization\/\",\"name\":\"Elevate Your Beauty: Facial Harmonization | Viva Wellness Center\",\"isPartOf\":{\"@id\":\"https:\/\/www.vivawc.com\/#website\"},\"primaryImageOfPage\":{\"@id\":\"https:\/\/www.vivawc.com\/home\/facial-harmonization\/#primaryimage\"},\"image\":{\"@id\":\"https:\/\/www.vivawc.com\/home\/facial-harmonization\/#primaryimage\"},\"thumbnailUrl\":\"https:\/\/www.vivawc.com\/wp-content\/uploads\/2024\/03\/female-aesthetic-cosmetology-in-spa-resort-complex-2023-11-27-04-59-11-utc-opti.webp\",\"datePublished\":\"2024-03-08T21:55:22+00:00\",\"dateModified\":\"2024-09-13T14:25:06+00:00\",\"description\":\"Experience Botox bliss at Viva Wellness Center in Stoneham, MA. Book your rejuvenation today!\",\"breadcrumb\":{\"@id\":\"https:\/\/www.vivawc.com\/home\/facial-harmonization\/#breadcrumb\"},\"inLanguage\":\"pt-BR\",\"potentialAction\":[{\"@type\":\"ReadAction\",\"target\":[\"https:\/\/www.vivawc.com\/home\/facial-harmonization\/\"]}]},{\"@type\":\"ImageObject\",\"inLanguage\":\"pt-BR\",\"@id\":\"https:\/\/www.vivawc.com\/home\/facial-harmonization\/#primaryimage\",\"url\":\"https:\/\/www.vivawc.com\/wp-content\/uploads\/2024\/03\/female-aesthetic-cosmetology-in-spa-resort-complex-2023-11-27-04-59-11-utc-opti.webp\",\"contentUrl\":\"https:\/\/www.vivawc.com\/wp-content\/uploads\/2024\/03\/female-aesthetic-cosmetology-in-spa-resort-complex-2023-11-27-04-59-11-utc-opti.webp\",\"width\":1200,\"height\":800,\"caption\":\"women getting Botox injection\"},{\"@type\":\"BreadcrumbList\",\"@id\":\"https:\/\/www.vivawc.com\/home\/facial-harmonization\/#breadcrumb\",\"itemListElement\":[{\"@type\":\"ListItem\",\"position\":1,\"name\":\"Home\",\"item\":\"https:\/\/www.vivawc.com\/\"},{\"@type\":\"ListItem\",\"position\":2,\"name\":\"Home\",\"item\":\"https:\/\/www.vivawc.com\/\"},{\"@type\":\"ListItem\",\"position\":3,\"name\":\"Facial Harmonization\"}]},{\"@type\":\"WebSite\",\"@id\":\"https:\/\/www.vivawc.com\/#website\",\"url\":\"https:\/\/www.vivawc.com\/\",\"name\":\"Viva Wellness Center\",\"description\":\"Revitalize Your Health: Boston&#039;s Top Clinic for Hormone Therapy, IV Therapy, Weight Loss, Lab Exams and More!\",\"publisher\":{\"@id\":\"https:\/\/www.vivawc.com\/#organization\"},\"potentialAction\":[{\"@type\":\"SearchAction\",\"target\":{\"@type\":\"EntryPoint\",\"urlTemplate\":\"https:\/\/www.vivawc.com\/?s={search_term_string}\"},\"query-input\":{\"@type\":\"PropertyValueSpecification\",\"valueRequired\":true,\"valueName\":\"search_term_string\"}}],\"inLanguage\":\"pt-BR\"},{\"@type\":\"Organization\",\"@id\":\"https:\/\/www.vivawc.com\/#organization\",\"name\":\"Viva Wellness Center\",\"url\":\"https:\/\/www.vivawc.com\/\",\"logo\":{\"@type\":\"ImageObject\",\"inLanguage\":\"pt-BR\",\"@id\":\"https:\/\/www.vivawc.com\/#\/schema\/logo\/image\/\",\"url\":\"https:\/\/www.vivawc.com\/wp-content\/uploads\/2024\/02\/Viva-Wellness.webp\",\"contentUrl\":\"https:\/\/www.vivawc.com\/wp-content\/uploads\/2024\/02\/Viva-Wellness.webp\",\"width\":1080,\"height\":1080,\"caption\":\"Viva Wellness Center\"},\"image\":{\"@id\":\"https:\/\/www.vivawc.com\/#\/schema\/logo\/image\/\"}}]}<\/script>\n<!-- \/ Yoast SEO plugin. -->","yoast_head_json":{"title":"Eleve sua beleza: Harmoniza\u00e7\u00e3o Facial | Centro de Bem-Estar Viva","description":"Experimente a felicidade do Botox no Viva Wellness Center em Stoneham, MA. Reserve hoje mesmo o seu rejuvenescimento!","robots":{"index":"index","follow":"follow","max-snippet":"max-snippet:-1","max-image-preview":"max-image-preview:large","max-video-preview":"max-video-preview:-1"},"canonical":"https:\/\/www.vivawc.com\/pt\/lar\/harmonizacao-facial\/","og_locale":"pt_BR","og_type":"article","og_title":"Elevate Your Beauty: Facial Harmonization | Viva Wellness Center","og_description":"Experience Botox bliss at Viva Wellness Center in Stoneham, MA. Book your rejuvenation today!","og_url":"https:\/\/www.vivawc.com\/pt\/lar\/harmonizacao-facial\/","og_site_name":"Viva Wellness Center","article_modified_time":"2024-09-13T14:25:06+00:00","og_image":[{"width":1200,"height":800,"url":"https:\/\/www.vivawc.com\/wp-content\/uploads\/2024\/03\/female-aesthetic-cosmetology-in-spa-resort-complex-2023-11-27-04-59-11-utc-opti.webp","type":"image\/webp"}],"schema":{"@context":"https:\/\/schema.org","@graph":[{"@type":"WebPage","@id":"https:\/\/www.vivawc.com\/home\/facial-harmonization\/","url":"https:\/\/www.vivawc.com\/home\/facial-harmonization\/","name":"Eleve sua beleza: Harmoniza\u00e7\u00e3o Facial | Centro de Bem-Estar Viva","isPartOf":{"@id":"https:\/\/www.vivawc.com\/#website"},"primaryImageOfPage":{"@id":"https:\/\/www.vivawc.com\/home\/facial-harmonization\/#primaryimage"},"image":{"@id":"https:\/\/www.vivawc.com\/home\/facial-harmonization\/#primaryimage"},"thumbnailUrl":"https:\/\/www.vivawc.com\/wp-content\/uploads\/2024\/03\/female-aesthetic-cosmetology-in-spa-resort-complex-2023-11-27-04-59-11-utc-opti.webp","datePublished":"2024-03-08T21:55:22+00:00","dateModified":"2024-09-13T14:25:06+00:00","description":"Experimente a felicidade do Botox no Viva Wellness Center em Stoneham, MA. Reserve hoje mesmo o seu rejuvenescimento!","breadcrumb":{"@id":"https:\/\/www.vivawc.com\/home\/facial-harmonization\/#breadcrumb"},"inLanguage":"pt-BR","potentialAction":[{"@type":"ReadAction","target":["https:\/\/www.vivawc.com\/home\/facial-harmonization\/"]}]},{"@type":"ImageObject","inLanguage":"pt-BR","@id":"https:\/\/www.vivawc.com\/home\/facial-harmonization\/#primaryimage","url":"https:\/\/www.vivawc.com\/wp-content\/uploads\/2024\/03\/female-aesthetic-cosmetology-in-spa-resort-complex-2023-11-27-04-59-11-utc-opti.webp","contentUrl":"https:\/\/www.vivawc.com\/wp-content\/uploads\/2024\/03\/female-aesthetic-cosmetology-in-spa-resort-complex-2023-11-27-04-59-11-utc-opti.webp","width":1200,"height":800,"caption":"women getting Botox injection"},{"@type":"BreadcrumbList","@id":"https:\/\/www.vivawc.com\/home\/facial-harmonization\/#breadcrumb","itemListElement":[{"@type":"ListItem","position":1,"name":"Home","item":"https:\/\/www.vivawc.com\/"},{"@type":"ListItem","position":2,"name":"Home","item":"https:\/\/www.vivawc.com\/"},{"@type":"ListItem","position":3,"name":"Facial Harmonization"}]},{"@type":"WebSite","@id":"https:\/\/www.vivawc.com\/#website","url":"https:\/\/www.vivawc.com\/","name":"Viva Wellness Center","description":"Revitalize sua sa\u00fade: a melhor cl\u00ednica de Boston para terapia hormonal, terapia intravenosa, perda de peso, exames laboratoriais e muito mais!","publisher":{"@id":"https:\/\/www.vivawc.com\/#organization"},"potentialAction":[{"@type":"SearchAction","target":{"@type":"EntryPoint","urlTemplate":"https:\/\/www.vivawc.com\/?s={search_term_string}"},"query-input":{"@type":"PropertyValueSpecification","valueRequired":true,"valueName":"search_term_string"}}],"inLanguage":"pt-BR"},{"@type":"Organization","@id":"https:\/\/www.vivawc.com\/#organization","name":"Viva Wellness Center","url":"https:\/\/www.vivawc.com\/","logo":{"@type":"ImageObject","inLanguage":"pt-BR","@id":"https:\/\/www.vivawc.com\/#\/schema\/logo\/image\/","url":"https:\/\/www.vivawc.com\/wp-content\/uploads\/2024\/02\/Viva-Wellness.webp","contentUrl":"https:\/\/www.vivawc.com\/wp-content\/uploads\/2024\/02\/Viva-Wellness.webp","width":1080,"height":1080,"caption":"Viva Wellness Center"},"image":{"@id":"https:\/\/www.vivawc.com\/#\/schema\/logo\/image\/"}}]}},"_links":{"self":[{"href":"https:\/\/www.vivawc.com\/pt\/wp-json\/wp\/v2\/pages\/581","targetHints":{"allow":["GET"]}}],"collection":[{"href":"https:\/\/www.vivawc.com\/pt\/wp-json\/wp\/v2\/pages"}],"about":[{"href":"https:\/\/www.vivawc.com\/pt\/wp-json\/wp\/v2\/types\/page"}],"author":[{"embeddable":true,"href":"https:\/\/www.vivawc.com\/pt\/wp-json\/wp\/v2\/users\/1"}],"replies":[{"embeddable":true,"href":"https:\/\/www.vivawc.com\/pt\/wp-json\/wp\/v2\/comments?post=581"}],"version-history":[{"count":10,"href":"https:\/\/www.vivawc.com\/pt\/wp-json\/wp\/v2\/pages\/581\/revisions"}],"predecessor-version":[{"id":2823,"href":"https:\/\/www.vivawc.com\/pt\/wp-json\/wp\/v2\/pages\/581\/revisions\/2823"}],"up":[{"embeddable":true,"href":"https:\/\/www.vivawc.com\/pt\/wp-json\/wp\/v2\/pages\/11"}],"wp:featuredmedia":[{"embeddable":true,"href":"https:\/\/www.vivawc.com\/pt\/wp-json\/wp\/v2\/media\/582"}],"wp:attachment":[{"href":"https:\/\/www.vivawc.com\/pt\/wp-json\/wp\/v2\/media?parent=581"}],"curies":[{"name":"wp","href":"https:\/\/api.w.org\/{rel}","templated":true}]}}