{"id":4028,"date":"2026-01-28T19:34:33","date_gmt":"2026-01-28T19:34:33","guid":{"rendered":"https:\/\/www.vivawc.com\/?post_type=product&#038;p=4028"},"modified":"2026-01-30T20:48:51","modified_gmt":"2026-01-30T20:48:51","slug":"complete-bloowork","status":"publish","type":"product","link":"https:\/\/www.vivawc.com\/es\/producto\/complete-bloowork\/","title":{"rendered":"Complete Bloodwork"},"content":{"rendered":"<p data-start=\"127\" data-end=\"517\">Our Complete Lab Exam provides a comprehensive look at your overall health, including blood health, metabolism, hormones, thyroid function, cholesterol, vitamins, and more. These labs help identify imbalances early and allow our providers to create personalized wellness and treatment plans. Ideal for preventive care, hormone optimization, and establishing a baseline for long-term health.<\/p>","protected":false},"excerpt":{"rendered":"<p>Go beyond routine labs with our most comprehensive blood test, measuring 55+ key biomarkers. This in-depth analysis helps uncover imbalances, identify root causes, and gives your provider the insights needed to create a truly personalized wellness and treatment plan.<\/p>","protected":false},"featured_media":4029,"comment_status":"open","ping_status":"closed","template":"","meta":[],"product_brand":[],"product_cat":[28,38,40,83,45,55],"product_tag":[],"class_list":{"0":"post-4028","1":"product","2":"type-product","3":"status-publish","4":"has-post-thumbnail","6":"product_cat-annual-wellness","7":"product_cat-general-health","8":"product_cat-all-lab-tests","9":"product_cat-peptide-therapy","10":"product_cat-vitamin-injection","11":"product_cat-weight-loss","13":"first","14":"instock","15":"taxable","16":"shipping-taxable","17":"product-type-external"},"yoast_head":"<!-- This site is optimized with the Yoast SEO plugin v26.6 - https:\/\/yoast.com\/wordpress\/plugins\/seo\/ -->\n<title>Comprehensive Health Test | Viva Wellness Center<\/title>\n<meta name=\"description\" content=\"Start feeling your best with a comprehensive blood health test. Call to schedule a consult, 617-717-4067.\" \/>\n<meta name=\"robots\" content=\"index, follow, max-snippet:-1, max-image-preview:large, max-video-preview:-1\" \/>\n<link rel=\"canonical\" href=\"https:\/\/www.vivawc.com\/es\/producto\/complete-bloowork\/\" \/>\n<meta property=\"og:locale\" content=\"es_ES\" \/>\n<meta property=\"og:type\" content=\"article\" \/>\n<meta property=\"og:title\" content=\"Comprehensive Health Test | Viva Wellness Center\" \/>\n<meta property=\"og:description\" content=\"Start feeling your best with a comprehensive blood health test. Call to schedule a consult, 617-717-4067.\" \/>\n<meta property=\"og:url\" content=\"https:\/\/www.vivawc.com\/es\/producto\/complete-bloowork\/\" \/>\n<meta property=\"og:site_name\" content=\"Viva Wellness Center\" \/>\n<meta property=\"article:modified_time\" content=\"2026-01-30T20:48:51+00:00\" \/>\n<meta property=\"og:image\" content=\"https:\/\/www.vivawc.com\/wp-content\/uploads\/2026\/01\/Bloodwork.webp\" \/>\n\t<meta property=\"og:image:width\" content=\"512\" \/>\n\t<meta property=\"og:image:height\" content=\"512\" \/>\n\t<meta property=\"og:image:type\" content=\"image\/webp\" \/>\n<script type=\"application\/ld+json\" class=\"yoast-schema-graph\">{\"@context\":\"https:\/\/schema.org\",\"@graph\":[{\"@type\":\"WebPage\",\"@id\":\"https:\/\/www.vivawc.com\/product\/complete-bloowork\/\",\"url\":\"https:\/\/www.vivawc.com\/product\/complete-bloowork\/\",\"name\":\"Comprehensive Health Test | Viva Wellness Center\",\"isPartOf\":{\"@id\":\"https:\/\/www.vivawc.com\/#website\"},\"primaryImageOfPage\":{\"@id\":\"https:\/\/www.vivawc.com\/product\/complete-bloowork\/#primaryimage\"},\"image\":{\"@id\":\"https:\/\/www.vivawc.com\/product\/complete-bloowork\/#primaryimage\"},\"thumbnailUrl\":\"https:\/\/www.vivawc.com\/wp-content\/uploads\/2026\/01\/Bloodwork.webp\",\"datePublished\":\"2026-01-28T19:34:33+00:00\",\"dateModified\":\"2026-01-30T20:48:51+00:00\",\"description\":\"Start feeling your best with a comprehensive blood health test. Call to schedule a consult, 617-717-4067.\",\"breadcrumb\":{\"@id\":\"https:\/\/www.vivawc.com\/product\/complete-bloowork\/#breadcrumb\"},\"inLanguage\":\"es-CO\",\"potentialAction\":[{\"@type\":\"ReadAction\",\"target\":[\"https:\/\/www.vivawc.com\/product\/complete-bloowork\/\"]}]},{\"@type\":\"ImageObject\",\"inLanguage\":\"es-CO\",\"@id\":\"https:\/\/www.vivawc.com\/product\/complete-bloowork\/#primaryimage\",\"url\":\"https:\/\/www.vivawc.com\/wp-content\/uploads\/2026\/01\/Bloodwork.webp\",\"contentUrl\":\"https:\/\/www.vivawc.com\/wp-content\/uploads\/2026\/01\/Bloodwork.webp\",\"width\":512,\"height\":512,\"caption\":\"Bloodwork Complete\"},{\"@type\":\"BreadcrumbList\",\"@id\":\"https:\/\/www.vivawc.com\/product\/complete-bloowork\/#breadcrumb\",\"itemListElement\":[{\"@type\":\"ListItem\",\"position\":1,\"name\":\"Home\",\"item\":\"https:\/\/www.vivawc.com\/\"},{\"@type\":\"ListItem\",\"position\":2,\"name\":\"Shop\",\"item\":\"https:\/\/www.vivawc.com\/shop\/\"},{\"@type\":\"ListItem\",\"position\":3,\"name\":\"Complete Bloodwork\"}]},{\"@type\":\"WebSite\",\"@id\":\"https:\/\/www.vivawc.com\/#website\",\"url\":\"https:\/\/www.vivawc.com\/\",\"name\":\"Viva Wellness Center\",\"description\":\"Revitalize Your Health: Boston&#039;s Top Clinic for Hormone Therapy, IV Therapy, Weight Loss, Lab Exams and More!\",\"publisher\":{\"@id\":\"https:\/\/www.vivawc.com\/#organization\"},\"potentialAction\":[{\"@type\":\"SearchAction\",\"target\":{\"@type\":\"EntryPoint\",\"urlTemplate\":\"https:\/\/www.vivawc.com\/?s={search_term_string}\"},\"query-input\":{\"@type\":\"PropertyValueSpecification\",\"valueRequired\":true,\"valueName\":\"search_term_string\"}}],\"inLanguage\":\"es-CO\"},{\"@type\":\"Organization\",\"@id\":\"https:\/\/www.vivawc.com\/#organization\",\"name\":\"Viva Wellness Center\",\"url\":\"https:\/\/www.vivawc.com\/\",\"logo\":{\"@type\":\"ImageObject\",\"inLanguage\":\"es-CO\",\"@id\":\"https:\/\/www.vivawc.com\/#\/schema\/logo\/image\/\",\"url\":\"https:\/\/www.vivawc.com\/wp-content\/uploads\/2024\/02\/Viva-Wellness.webp\",\"contentUrl\":\"https:\/\/www.vivawc.com\/wp-content\/uploads\/2024\/02\/Viva-Wellness.webp\",\"width\":1080,\"height\":1080,\"caption\":\"Viva Wellness Center\"},\"image\":{\"@id\":\"https:\/\/www.vivawc.com\/#\/schema\/logo\/image\/\"}}]}<\/script>\n<!-- \/ Yoast SEO plugin. -->","yoast_head_json":{"title":"Prueba Integral de Salud | Centro de bienestar Viva","description":"Comience a sentirse mejor con un an\u00e1lisis completo de salud sangu\u00ednea. Llame para programar una consulta, 617-717-4067.","robots":{"index":"index","follow":"follow","max-snippet":"max-snippet:-1","max-image-preview":"max-image-preview:large","max-video-preview":"max-video-preview:-1"},"canonical":"https:\/\/www.vivawc.com\/es\/producto\/complete-bloowork\/","og_locale":"es_ES","og_type":"article","og_title":"Comprehensive Health Test | Viva Wellness Center","og_description":"Start feeling your best with a comprehensive blood health test. Call to schedule a consult, 617-717-4067.","og_url":"https:\/\/www.vivawc.com\/es\/producto\/complete-bloowork\/","og_site_name":"Viva Wellness Center","article_modified_time":"2026-01-30T20:48:51+00:00","og_image":[{"width":512,"height":512,"url":"https:\/\/www.vivawc.com\/wp-content\/uploads\/2026\/01\/Bloodwork.webp","type":"image\/webp"}],"schema":{"@context":"https:\/\/schema.org","@graph":[{"@type":"WebPage","@id":"https:\/\/www.vivawc.com\/product\/complete-bloowork\/","url":"https:\/\/www.vivawc.com\/product\/complete-bloowork\/","name":"Prueba Integral de Salud | Centro de bienestar Viva","isPartOf":{"@id":"https:\/\/www.vivawc.com\/#website"},"primaryImageOfPage":{"@id":"https:\/\/www.vivawc.com\/product\/complete-bloowork\/#primaryimage"},"image":{"@id":"https:\/\/www.vivawc.com\/product\/complete-bloowork\/#primaryimage"},"thumbnailUrl":"https:\/\/www.vivawc.com\/wp-content\/uploads\/2026\/01\/Bloodwork.webp","datePublished":"2026-01-28T19:34:33+00:00","dateModified":"2026-01-30T20:48:51+00:00","description":"Comience a sentirse mejor con un an\u00e1lisis completo de salud sangu\u00ednea. Llame para programar una consulta, 617-717-4067.","breadcrumb":{"@id":"https:\/\/www.vivawc.com\/product\/complete-bloowork\/#breadcrumb"},"inLanguage":"es-CO","potentialAction":[{"@type":"ReadAction","target":["https:\/\/www.vivawc.com\/product\/complete-bloowork\/"]}]},{"@type":"ImageObject","inLanguage":"es-CO","@id":"https:\/\/www.vivawc.com\/product\/complete-bloowork\/#primaryimage","url":"https:\/\/www.vivawc.com\/wp-content\/uploads\/2026\/01\/Bloodwork.webp","contentUrl":"https:\/\/www.vivawc.com\/wp-content\/uploads\/2026\/01\/Bloodwork.webp","width":512,"height":512,"caption":"Bloodwork Complete"},{"@type":"BreadcrumbList","@id":"https:\/\/www.vivawc.com\/product\/complete-bloowork\/#breadcrumb","itemListElement":[{"@type":"ListItem","position":1,"name":"Home","item":"https:\/\/www.vivawc.com\/"},{"@type":"ListItem","position":2,"name":"Shop","item":"https:\/\/www.vivawc.com\/shop\/"},{"@type":"ListItem","position":3,"name":"Complete Bloodwork"}]},{"@type":"WebSite","@id":"https:\/\/www.vivawc.com\/#website","url":"https:\/\/www.vivawc.com\/","name":"Centro de bienestar Viva","description":"Revitalice su salud: \u00a1la mejor cl\u00ednica de Boston para terapia hormonal, terapia intravenosa, p\u00e9rdida de peso, ex\u00e1menes de laboratorio y m\u00e1s!","publisher":{"@id":"https:\/\/www.vivawc.com\/#organization"},"potentialAction":[{"@type":"SearchAction","target":{"@type":"EntryPoint","urlTemplate":"https:\/\/www.vivawc.com\/?s={search_term_string}"},"query-input":{"@type":"PropertyValueSpecification","valueRequired":true,"valueName":"search_term_string"}}],"inLanguage":"es-CO"},{"@type":"Organization","@id":"https:\/\/www.vivawc.com\/#organization","name":"Centro de bienestar Viva","url":"https:\/\/www.vivawc.com\/","logo":{"@type":"ImageObject","inLanguage":"es-CO","@id":"https:\/\/www.vivawc.com\/#\/schema\/logo\/image\/","url":"https:\/\/www.vivawc.com\/wp-content\/uploads\/2024\/02\/Viva-Wellness.webp","contentUrl":"https:\/\/www.vivawc.com\/wp-content\/uploads\/2024\/02\/Viva-Wellness.webp","width":1080,"height":1080,"caption":"Viva Wellness Center"},"image":{"@id":"https:\/\/www.vivawc.com\/#\/schema\/logo\/image\/"}}]}},"_links":{"self":[{"href":"https:\/\/www.vivawc.com\/es\/wp-json\/wp\/v2\/product\/4028","targetHints":{"allow":["GET"]}}],"collection":[{"href":"https:\/\/www.vivawc.com\/es\/wp-json\/wp\/v2\/product"}],"about":[{"href":"https:\/\/www.vivawc.com\/es\/wp-json\/wp\/v2\/types\/product"}],"replies":[{"embeddable":true,"href":"https:\/\/www.vivawc.com\/es\/wp-json\/wp\/v2\/comments?post=4028"}],"wp:featuredmedia":[{"embeddable":true,"href":"https:\/\/www.vivawc.com\/es\/wp-json\/wp\/v2\/media\/4029"}],"wp:attachment":[{"href":"https:\/\/www.vivawc.com\/es\/wp-json\/wp\/v2\/media?parent=4028"}],"wp:term":[{"taxonomy":"product_brand","embeddable":true,"href":"https:\/\/www.vivawc.com\/es\/wp-json\/wp\/v2\/product_brand?post=4028"},{"taxonomy":"product_cat","embeddable":true,"href":"https:\/\/www.vivawc.com\/es\/wp-json\/wp\/v2\/product_cat?post=4028"},{"taxonomy":"product_tag","embeddable":true,"href":"https:\/\/www.vivawc.com\/es\/wp-json\/wp\/v2\/product_tag?post=4028"}],"curies":[{"name":"wp","href":"https:\/\/api.w.org\/{rel}","templated":true}]}}