{"id":3993,"date":"2025-11-25T21:23:26","date_gmt":"2025-11-25T21:23:26","guid":{"rendered":"https:\/\/www.vivawc.com\/?post_type=product&#038;p=3993"},"modified":"2025-11-26T16:06:33","modified_gmt":"2025-11-26T16:06:33","slug":"sermorelin","status":"publish","type":"product","link":"https:\/\/www.vivawc.com\/es\/producto\/sermorelin\/","title":{"rendered":"Sermorelin"},"content":{"rendered":"<p>Enhance muscle growth, improve sleep quality, and support natural anti-aging with Sermorelin therapy. This advanced peptide stimulates your body\u2019s own growth hormone production to boost recovery, increase energy, reduce fat, and promote overall vitality\u2014helping you feel stronger, healthier, and more rejuvenated every day.<\/p>","protected":false},"excerpt":{"rendered":"<p>Provides gentle, steady, long-term growth hormone support\u2014ideal for ongoing wellness, improved sleep, gradual fat reduction, and sustained anti-aging benefits.<\/p>","protected":false},"featured_media":3994,"comment_status":"open","ping_status":"closed","template":"","meta":[],"product_brand":[],"product_cat":[29,83,32],"product_tag":[],"class_list":{"0":"post-3993","1":"product","2":"type-product","3":"status-publish","4":"has-post-thumbnail","6":"product_cat-mens-health","7":"product_cat-peptide-therapy","8":"product_cat-womens-health","10":"first","11":"instock","12":"taxable","13":"shipping-taxable","14":"product-type-external"},"yoast_head":"<!-- This site is optimized with the Yoast SEO plugin v26.6 - https:\/\/yoast.com\/wordpress\/plugins\/seo\/ -->\n<title>Sermorelin - Viva Wellness Center<\/title>\n<meta name=\"description\" content=\"Unlock the benefits of Sermorelin therapy to naturally boost growth hormone, enhance muscle growth, improve sleep, reduce body fat, and support healthy aging. Feel revitalized and energized.\" \/>\n<meta name=\"robots\" content=\"index, follow, max-snippet:-1, max-image-preview:large, max-video-preview:-1\" \/>\n<link rel=\"canonical\" href=\"https:\/\/www.vivawc.com\/es\/producto\/sermorelin\/\" \/>\n<meta property=\"og:locale\" content=\"es_ES\" \/>\n<meta property=\"og:type\" content=\"article\" \/>\n<meta property=\"og:title\" content=\"Sermorelin - Viva Wellness Center\" \/>\n<meta property=\"og:description\" content=\"Unlock the benefits of Sermorelin therapy to naturally boost growth hormone, enhance muscle growth, improve sleep, reduce body fat, and support healthy aging. Feel revitalized and energized.\" \/>\n<meta property=\"og:url\" content=\"https:\/\/www.vivawc.com\/es\/producto\/sermorelin\/\" \/>\n<meta property=\"og:site_name\" content=\"Viva Wellness Center\" \/>\n<meta property=\"article:modified_time\" content=\"2025-11-26T16:06:33+00:00\" \/>\n<meta property=\"og:image\" content=\"https:\/\/www.vivawc.com\/wp-content\/uploads\/2025\/11\/Viva-IV-Bags-47-1.webp\" \/>\n\t<meta property=\"og:image:width\" content=\"1080\" \/>\n\t<meta property=\"og:image:height\" content=\"1080\" \/>\n\t<meta property=\"og:image:type\" content=\"image\/webp\" \/>\n<script type=\"application\/ld+json\" class=\"yoast-schema-graph\">{\"@context\":\"https:\/\/schema.org\",\"@graph\":[{\"@type\":\"WebPage\",\"@id\":\"https:\/\/www.vivawc.com\/product\/sermorelin\/\",\"url\":\"https:\/\/www.vivawc.com\/product\/sermorelin\/\",\"name\":\"Sermorelin - Viva Wellness Center\",\"isPartOf\":{\"@id\":\"https:\/\/www.vivawc.com\/#website\"},\"primaryImageOfPage\":{\"@id\":\"https:\/\/www.vivawc.com\/product\/sermorelin\/#primaryimage\"},\"image\":{\"@id\":\"https:\/\/www.vivawc.com\/product\/sermorelin\/#primaryimage\"},\"thumbnailUrl\":\"https:\/\/www.vivawc.com\/wp-content\/uploads\/2025\/11\/Viva-IV-Bags-47-1.webp\",\"datePublished\":\"2025-11-25T21:23:26+00:00\",\"dateModified\":\"2025-11-26T16:06:33+00:00\",\"description\":\"Unlock the benefits of Sermorelin therapy to naturally boost growth hormone, enhance muscle growth, improve sleep, reduce body fat, and support healthy aging. Feel revitalized and energized.\",\"breadcrumb\":{\"@id\":\"https:\/\/www.vivawc.com\/product\/sermorelin\/#breadcrumb\"},\"inLanguage\":\"es-CO\",\"potentialAction\":[{\"@type\":\"ReadAction\",\"target\":[\"https:\/\/www.vivawc.com\/product\/sermorelin\/\"]}]},{\"@type\":\"ImageObject\",\"inLanguage\":\"es-CO\",\"@id\":\"https:\/\/www.vivawc.com\/product\/sermorelin\/#primaryimage\",\"url\":\"https:\/\/www.vivawc.com\/wp-content\/uploads\/2025\/11\/Viva-IV-Bags-47-1.webp\",\"contentUrl\":\"https:\/\/www.vivawc.com\/wp-content\/uploads\/2025\/11\/Viva-IV-Bags-47-1.webp\",\"width\":1080,\"height\":1080,\"caption\":\"Sermorelin\"},{\"@type\":\"BreadcrumbList\",\"@id\":\"https:\/\/www.vivawc.com\/product\/sermorelin\/#breadcrumb\",\"itemListElement\":[{\"@type\":\"ListItem\",\"position\":1,\"name\":\"Home\",\"item\":\"https:\/\/www.vivawc.com\/\"},{\"@type\":\"ListItem\",\"position\":2,\"name\":\"Shop\",\"item\":\"https:\/\/www.vivawc.com\/shop\/\"},{\"@type\":\"ListItem\",\"position\":3,\"name\":\"Sermorelin\"}]},{\"@type\":\"WebSite\",\"@id\":\"https:\/\/www.vivawc.com\/#website\",\"url\":\"https:\/\/www.vivawc.com\/\",\"name\":\"Viva Wellness Center\",\"description\":\"Revitalize Your Health: Boston&#039;s Top Clinic for Hormone Therapy, IV Therapy, Weight Loss, Lab Exams and More!\",\"publisher\":{\"@id\":\"https:\/\/www.vivawc.com\/#organization\"},\"potentialAction\":[{\"@type\":\"SearchAction\",\"target\":{\"@type\":\"EntryPoint\",\"urlTemplate\":\"https:\/\/www.vivawc.com\/?s={search_term_string}\"},\"query-input\":{\"@type\":\"PropertyValueSpecification\",\"valueRequired\":true,\"valueName\":\"search_term_string\"}}],\"inLanguage\":\"es-CO\"},{\"@type\":\"Organization\",\"@id\":\"https:\/\/www.vivawc.com\/#organization\",\"name\":\"Viva Wellness Center\",\"url\":\"https:\/\/www.vivawc.com\/\",\"logo\":{\"@type\":\"ImageObject\",\"inLanguage\":\"es-CO\",\"@id\":\"https:\/\/www.vivawc.com\/#\/schema\/logo\/image\/\",\"url\":\"https:\/\/www.vivawc.com\/wp-content\/uploads\/2024\/02\/Viva-Wellness.webp\",\"contentUrl\":\"https:\/\/www.vivawc.com\/wp-content\/uploads\/2024\/02\/Viva-Wellness.webp\",\"width\":1080,\"height\":1080,\"caption\":\"Viva Wellness Center\"},\"image\":{\"@id\":\"https:\/\/www.vivawc.com\/#\/schema\/logo\/image\/\"}}]}<\/script>\n<!-- \/ Yoast SEO plugin. -->","yoast_head_json":{"title":"Sermorelin - Viva Wellness Center","description":"Unlock the benefits of Sermorelin therapy to naturally boost growth hormone, enhance muscle growth, improve sleep, reduce body fat, and support healthy aging. Feel revitalized and energized.","robots":{"index":"index","follow":"follow","max-snippet":"max-snippet:-1","max-image-preview":"max-image-preview:large","max-video-preview":"max-video-preview:-1"},"canonical":"https:\/\/www.vivawc.com\/es\/producto\/sermorelin\/","og_locale":"es_ES","og_type":"article","og_title":"Sermorelin - Viva Wellness Center","og_description":"Unlock the benefits of Sermorelin therapy to naturally boost growth hormone, enhance muscle growth, improve sleep, reduce body fat, and support healthy aging. Feel revitalized and energized.","og_url":"https:\/\/www.vivawc.com\/es\/producto\/sermorelin\/","og_site_name":"Viva Wellness Center","article_modified_time":"2025-11-26T16:06:33+00:00","og_image":[{"width":1080,"height":1080,"url":"https:\/\/www.vivawc.com\/wp-content\/uploads\/2025\/11\/Viva-IV-Bags-47-1.webp","type":"image\/webp"}],"schema":{"@context":"https:\/\/schema.org","@graph":[{"@type":"WebPage","@id":"https:\/\/www.vivawc.com\/product\/sermorelin\/","url":"https:\/\/www.vivawc.com\/product\/sermorelin\/","name":"Sermorelin - Viva Wellness Center","isPartOf":{"@id":"https:\/\/www.vivawc.com\/#website"},"primaryImageOfPage":{"@id":"https:\/\/www.vivawc.com\/product\/sermorelin\/#primaryimage"},"image":{"@id":"https:\/\/www.vivawc.com\/product\/sermorelin\/#primaryimage"},"thumbnailUrl":"https:\/\/www.vivawc.com\/wp-content\/uploads\/2025\/11\/Viva-IV-Bags-47-1.webp","datePublished":"2025-11-25T21:23:26+00:00","dateModified":"2025-11-26T16:06:33+00:00","description":"Unlock the benefits of Sermorelin therapy to naturally boost growth hormone, enhance muscle growth, improve sleep, reduce body fat, and support healthy aging. Feel revitalized and energized.","breadcrumb":{"@id":"https:\/\/www.vivawc.com\/product\/sermorelin\/#breadcrumb"},"inLanguage":"es-CO","potentialAction":[{"@type":"ReadAction","target":["https:\/\/www.vivawc.com\/product\/sermorelin\/"]}]},{"@type":"ImageObject","inLanguage":"es-CO","@id":"https:\/\/www.vivawc.com\/product\/sermorelin\/#primaryimage","url":"https:\/\/www.vivawc.com\/wp-content\/uploads\/2025\/11\/Viva-IV-Bags-47-1.webp","contentUrl":"https:\/\/www.vivawc.com\/wp-content\/uploads\/2025\/11\/Viva-IV-Bags-47-1.webp","width":1080,"height":1080,"caption":"Sermorelin"},{"@type":"BreadcrumbList","@id":"https:\/\/www.vivawc.com\/product\/sermorelin\/#breadcrumb","itemListElement":[{"@type":"ListItem","position":1,"name":"Home","item":"https:\/\/www.vivawc.com\/"},{"@type":"ListItem","position":2,"name":"Shop","item":"https:\/\/www.vivawc.com\/shop\/"},{"@type":"ListItem","position":3,"name":"Sermorelin"}]},{"@type":"WebSite","@id":"https:\/\/www.vivawc.com\/#website","url":"https:\/\/www.vivawc.com\/","name":"Centro de bienestar Viva","description":"Revitalice su salud: \u00a1la mejor cl\u00ednica de Boston para terapia hormonal, terapia intravenosa, p\u00e9rdida de peso, ex\u00e1menes de laboratorio y m\u00e1s!","publisher":{"@id":"https:\/\/www.vivawc.com\/#organization"},"potentialAction":[{"@type":"SearchAction","target":{"@type":"EntryPoint","urlTemplate":"https:\/\/www.vivawc.com\/?s={search_term_string}"},"query-input":{"@type":"PropertyValueSpecification","valueRequired":true,"valueName":"search_term_string"}}],"inLanguage":"es-CO"},{"@type":"Organization","@id":"https:\/\/www.vivawc.com\/#organization","name":"Centro de bienestar Viva","url":"https:\/\/www.vivawc.com\/","logo":{"@type":"ImageObject","inLanguage":"es-CO","@id":"https:\/\/www.vivawc.com\/#\/schema\/logo\/image\/","url":"https:\/\/www.vivawc.com\/wp-content\/uploads\/2024\/02\/Viva-Wellness.webp","contentUrl":"https:\/\/www.vivawc.com\/wp-content\/uploads\/2024\/02\/Viva-Wellness.webp","width":1080,"height":1080,"caption":"Viva Wellness Center"},"image":{"@id":"https:\/\/www.vivawc.com\/#\/schema\/logo\/image\/"}}]}},"_links":{"self":[{"href":"https:\/\/www.vivawc.com\/es\/wp-json\/wp\/v2\/product\/3993","targetHints":{"allow":["GET"]}}],"collection":[{"href":"https:\/\/www.vivawc.com\/es\/wp-json\/wp\/v2\/product"}],"about":[{"href":"https:\/\/www.vivawc.com\/es\/wp-json\/wp\/v2\/types\/product"}],"replies":[{"embeddable":true,"href":"https:\/\/www.vivawc.com\/es\/wp-json\/wp\/v2\/comments?post=3993"}],"wp:featuredmedia":[{"embeddable":true,"href":"https:\/\/www.vivawc.com\/es\/wp-json\/wp\/v2\/media\/3994"}],"wp:attachment":[{"href":"https:\/\/www.vivawc.com\/es\/wp-json\/wp\/v2\/media?parent=3993"}],"wp:term":[{"taxonomy":"product_brand","embeddable":true,"href":"https:\/\/www.vivawc.com\/es\/wp-json\/wp\/v2\/product_brand?post=3993"},{"taxonomy":"product_cat","embeddable":true,"href":"https:\/\/www.vivawc.com\/es\/wp-json\/wp\/v2\/product_cat?post=3993"},{"taxonomy":"product_tag","embeddable":true,"href":"https:\/\/www.vivawc.com\/es\/wp-json\/wp\/v2\/product_tag?post=3993"}],"curies":[{"name":"wp","href":"https:\/\/api.w.org\/{rel}","templated":true}]}}