{"id":3980,"date":"2025-11-25T20:22:46","date_gmt":"2025-11-25T20:22:46","guid":{"rendered":"https:\/\/www.vivawc.com\/?post_type=product&#038;p=3980"},"modified":"2025-11-26T16:07:57","modified_gmt":"2025-11-26T16:07:57","slug":"ipamorelin-cjc-1295","status":"publish","type":"product","link":"https:\/\/www.vivawc.com\/es\/producto\/ipamorelin-cjc-1295\/","title":{"rendered":"Ipamorelin + CJC-1295"},"content":{"rendered":"<p>Enhance muscle growth, deepen restorative sleep, and support powerful anti-aging benefits with this advanced peptide blend. Designed to naturally boost your body\u2019s growth hormone levels, it helps improve recovery, increase energy, reduce body fat, and promote overall wellness\u2014delivering a stronger, healthier, more revitalized you.<\/p>","protected":false},"excerpt":{"rendered":"<p>Delivers faster-acting, targeted growth hormone pulses to enhance muscle performance, support healthy aging, improve recovery, and boost overall vitality.<\/p>","protected":false},"featured_media":3981,"comment_status":"open","ping_status":"closed","template":"","meta":[],"product_brand":[],"product_cat":[29,83,32],"product_tag":[],"class_list":{"0":"post-3980","1":"product","2":"type-product","3":"status-publish","4":"has-post-thumbnail","6":"product_cat-mens-health","7":"product_cat-peptide-therapy","8":"product_cat-womens-health","10":"first","11":"instock","12":"taxable","13":"shipping-taxable","14":"product-type-external"},"yoast_head":"<!-- This site is optimized with the Yoast SEO plugin v26.6 - https:\/\/yoast.com\/wordpress\/plugins\/seo\/ -->\n<title>Ipamorelin + CJC-1295 - Viva Wellness Center<\/title>\n<meta name=\"description\" content=\"Discover the benefits of Ipamorelin and CJC peptide therapy\u2014build lean muscle, improve sleep quality, boost recovery, and support anti-aging naturally. Safe, effective growth hormone optimization.\" \/>\n<meta name=\"robots\" content=\"index, follow, max-snippet:-1, max-image-preview:large, max-video-preview:-1\" \/>\n<link rel=\"canonical\" href=\"https:\/\/www.vivawc.com\/es\/producto\/ipamorelin-cjc-1295\/\" \/>\n<meta property=\"og:locale\" content=\"es_ES\" \/>\n<meta property=\"og:type\" content=\"article\" \/>\n<meta property=\"og:title\" content=\"Ipamorelin + CJC-1295 - Viva Wellness Center\" \/>\n<meta property=\"og:description\" content=\"Discover the benefits of Ipamorelin and CJC peptide therapy\u2014build lean muscle, improve sleep quality, boost recovery, and support anti-aging naturally. Safe, effective growth hormone optimization.\" \/>\n<meta property=\"og:url\" content=\"https:\/\/www.vivawc.com\/es\/producto\/ipamorelin-cjc-1295\/\" \/>\n<meta property=\"og:site_name\" content=\"Viva Wellness Center\" \/>\n<meta property=\"article:modified_time\" content=\"2025-11-26T16:07:57+00:00\" \/>\n<meta property=\"og:image\" content=\"https:\/\/www.vivawc.com\/wp-content\/uploads\/2025\/11\/Viva-IV-Bags-45-min.webp\" \/>\n\t<meta property=\"og:image:width\" content=\"1080\" \/>\n\t<meta property=\"og:image:height\" content=\"1080\" \/>\n\t<meta property=\"og:image:type\" content=\"image\/webp\" \/>\n<script type=\"application\/ld+json\" class=\"yoast-schema-graph\">{\"@context\":\"https:\/\/schema.org\",\"@graph\":[{\"@type\":\"WebPage\",\"@id\":\"https:\/\/www.vivawc.com\/product\/ipamorelin-cjc-1295\/\",\"url\":\"https:\/\/www.vivawc.com\/product\/ipamorelin-cjc-1295\/\",\"name\":\"Ipamorelin + CJC-1295 - Viva Wellness Center\",\"isPartOf\":{\"@id\":\"https:\/\/www.vivawc.com\/#website\"},\"primaryImageOfPage\":{\"@id\":\"https:\/\/www.vivawc.com\/product\/ipamorelin-cjc-1295\/#primaryimage\"},\"image\":{\"@id\":\"https:\/\/www.vivawc.com\/product\/ipamorelin-cjc-1295\/#primaryimage\"},\"thumbnailUrl\":\"https:\/\/www.vivawc.com\/wp-content\/uploads\/2025\/11\/Viva-IV-Bags-45-min.webp\",\"datePublished\":\"2025-11-25T20:22:46+00:00\",\"dateModified\":\"2025-11-26T16:07:57+00:00\",\"description\":\"Discover the benefits of Ipamorelin and CJC peptide therapy\u2014build lean muscle, improve sleep quality, boost recovery, and support anti-aging naturally. Safe, effective growth hormone optimization.\",\"breadcrumb\":{\"@id\":\"https:\/\/www.vivawc.com\/product\/ipamorelin-cjc-1295\/#breadcrumb\"},\"inLanguage\":\"es-CO\",\"potentialAction\":[{\"@type\":\"ReadAction\",\"target\":[\"https:\/\/www.vivawc.com\/product\/ipamorelin-cjc-1295\/\"]}]},{\"@type\":\"ImageObject\",\"inLanguage\":\"es-CO\",\"@id\":\"https:\/\/www.vivawc.com\/product\/ipamorelin-cjc-1295\/#primaryimage\",\"url\":\"https:\/\/www.vivawc.com\/wp-content\/uploads\/2025\/11\/Viva-IV-Bags-45-min.webp\",\"contentUrl\":\"https:\/\/www.vivawc.com\/wp-content\/uploads\/2025\/11\/Viva-IV-Bags-45-min.webp\",\"width\":1080,\"height\":1080,\"caption\":\"Ipamorelin + CJC\"},{\"@type\":\"BreadcrumbList\",\"@id\":\"https:\/\/www.vivawc.com\/product\/ipamorelin-cjc-1295\/#breadcrumb\",\"itemListElement\":[{\"@type\":\"ListItem\",\"position\":1,\"name\":\"Home\",\"item\":\"https:\/\/www.vivawc.com\/\"},{\"@type\":\"ListItem\",\"position\":2,\"name\":\"Shop\",\"item\":\"https:\/\/www.vivawc.com\/shop\/\"},{\"@type\":\"ListItem\",\"position\":3,\"name\":\"Ipamorelin + CJC-1295\"}]},{\"@type\":\"WebSite\",\"@id\":\"https:\/\/www.vivawc.com\/#website\",\"url\":\"https:\/\/www.vivawc.com\/\",\"name\":\"Viva Wellness Center\",\"description\":\"Revitalize Your Health: Boston&#039;s Top Clinic for Hormone Therapy, IV Therapy, Weight Loss, Lab Exams and More!\",\"publisher\":{\"@id\":\"https:\/\/www.vivawc.com\/#organization\"},\"potentialAction\":[{\"@type\":\"SearchAction\",\"target\":{\"@type\":\"EntryPoint\",\"urlTemplate\":\"https:\/\/www.vivawc.com\/?s={search_term_string}\"},\"query-input\":{\"@type\":\"PropertyValueSpecification\",\"valueRequired\":true,\"valueName\":\"search_term_string\"}}],\"inLanguage\":\"es-CO\"},{\"@type\":\"Organization\",\"@id\":\"https:\/\/www.vivawc.com\/#organization\",\"name\":\"Viva Wellness Center\",\"url\":\"https:\/\/www.vivawc.com\/\",\"logo\":{\"@type\":\"ImageObject\",\"inLanguage\":\"es-CO\",\"@id\":\"https:\/\/www.vivawc.com\/#\/schema\/logo\/image\/\",\"url\":\"https:\/\/www.vivawc.com\/wp-content\/uploads\/2024\/02\/Viva-Wellness.webp\",\"contentUrl\":\"https:\/\/www.vivawc.com\/wp-content\/uploads\/2024\/02\/Viva-Wellness.webp\",\"width\":1080,\"height\":1080,\"caption\":\"Viva Wellness Center\"},\"image\":{\"@id\":\"https:\/\/www.vivawc.com\/#\/schema\/logo\/image\/\"}}]}<\/script>\n<!-- \/ Yoast SEO plugin. -->","yoast_head_json":{"title":"Ipamorelin + CJC-1295 - Viva Wellness Center","description":"Discover the benefits of Ipamorelin and CJC peptide therapy\u2014build lean muscle, improve sleep quality, boost recovery, and support anti-aging naturally. Safe, effective growth hormone optimization.","robots":{"index":"index","follow":"follow","max-snippet":"max-snippet:-1","max-image-preview":"max-image-preview:large","max-video-preview":"max-video-preview:-1"},"canonical":"https:\/\/www.vivawc.com\/es\/producto\/ipamorelin-cjc-1295\/","og_locale":"es_ES","og_type":"article","og_title":"Ipamorelin + CJC-1295 - Viva Wellness Center","og_description":"Discover the benefits of Ipamorelin and CJC peptide therapy\u2014build lean muscle, improve sleep quality, boost recovery, and support anti-aging naturally. Safe, effective growth hormone optimization.","og_url":"https:\/\/www.vivawc.com\/es\/producto\/ipamorelin-cjc-1295\/","og_site_name":"Viva Wellness Center","article_modified_time":"2025-11-26T16:07:57+00:00","og_image":[{"width":1080,"height":1080,"url":"https:\/\/www.vivawc.com\/wp-content\/uploads\/2025\/11\/Viva-IV-Bags-45-min.webp","type":"image\/webp"}],"schema":{"@context":"https:\/\/schema.org","@graph":[{"@type":"WebPage","@id":"https:\/\/www.vivawc.com\/product\/ipamorelin-cjc-1295\/","url":"https:\/\/www.vivawc.com\/product\/ipamorelin-cjc-1295\/","name":"Ipamorelin + CJC-1295 - Viva Wellness Center","isPartOf":{"@id":"https:\/\/www.vivawc.com\/#website"},"primaryImageOfPage":{"@id":"https:\/\/www.vivawc.com\/product\/ipamorelin-cjc-1295\/#primaryimage"},"image":{"@id":"https:\/\/www.vivawc.com\/product\/ipamorelin-cjc-1295\/#primaryimage"},"thumbnailUrl":"https:\/\/www.vivawc.com\/wp-content\/uploads\/2025\/11\/Viva-IV-Bags-45-min.webp","datePublished":"2025-11-25T20:22:46+00:00","dateModified":"2025-11-26T16:07:57+00:00","description":"Discover the benefits of Ipamorelin and CJC peptide therapy\u2014build lean muscle, improve sleep quality, boost recovery, and support anti-aging naturally. Safe, effective growth hormone optimization.","breadcrumb":{"@id":"https:\/\/www.vivawc.com\/product\/ipamorelin-cjc-1295\/#breadcrumb"},"inLanguage":"es-CO","potentialAction":[{"@type":"ReadAction","target":["https:\/\/www.vivawc.com\/product\/ipamorelin-cjc-1295\/"]}]},{"@type":"ImageObject","inLanguage":"es-CO","@id":"https:\/\/www.vivawc.com\/product\/ipamorelin-cjc-1295\/#primaryimage","url":"https:\/\/www.vivawc.com\/wp-content\/uploads\/2025\/11\/Viva-IV-Bags-45-min.webp","contentUrl":"https:\/\/www.vivawc.com\/wp-content\/uploads\/2025\/11\/Viva-IV-Bags-45-min.webp","width":1080,"height":1080,"caption":"Ipamorelin + CJC"},{"@type":"BreadcrumbList","@id":"https:\/\/www.vivawc.com\/product\/ipamorelin-cjc-1295\/#breadcrumb","itemListElement":[{"@type":"ListItem","position":1,"name":"Home","item":"https:\/\/www.vivawc.com\/"},{"@type":"ListItem","position":2,"name":"Shop","item":"https:\/\/www.vivawc.com\/shop\/"},{"@type":"ListItem","position":3,"name":"Ipamorelin + CJC-1295"}]},{"@type":"WebSite","@id":"https:\/\/www.vivawc.com\/#website","url":"https:\/\/www.vivawc.com\/","name":"Centro de bienestar Viva","description":"Revitalice su salud: \u00a1la mejor cl\u00ednica de Boston para terapia hormonal, terapia intravenosa, p\u00e9rdida de peso, ex\u00e1menes de laboratorio y m\u00e1s!","publisher":{"@id":"https:\/\/www.vivawc.com\/#organization"},"potentialAction":[{"@type":"SearchAction","target":{"@type":"EntryPoint","urlTemplate":"https:\/\/www.vivawc.com\/?s={search_term_string}"},"query-input":{"@type":"PropertyValueSpecification","valueRequired":true,"valueName":"search_term_string"}}],"inLanguage":"es-CO"},{"@type":"Organization","@id":"https:\/\/www.vivawc.com\/#organization","name":"Centro de bienestar Viva","url":"https:\/\/www.vivawc.com\/","logo":{"@type":"ImageObject","inLanguage":"es-CO","@id":"https:\/\/www.vivawc.com\/#\/schema\/logo\/image\/","url":"https:\/\/www.vivawc.com\/wp-content\/uploads\/2024\/02\/Viva-Wellness.webp","contentUrl":"https:\/\/www.vivawc.com\/wp-content\/uploads\/2024\/02\/Viva-Wellness.webp","width":1080,"height":1080,"caption":"Viva Wellness Center"},"image":{"@id":"https:\/\/www.vivawc.com\/#\/schema\/logo\/image\/"}}]}},"_links":{"self":[{"href":"https:\/\/www.vivawc.com\/es\/wp-json\/wp\/v2\/product\/3980","targetHints":{"allow":["GET"]}}],"collection":[{"href":"https:\/\/www.vivawc.com\/es\/wp-json\/wp\/v2\/product"}],"about":[{"href":"https:\/\/www.vivawc.com\/es\/wp-json\/wp\/v2\/types\/product"}],"replies":[{"embeddable":true,"href":"https:\/\/www.vivawc.com\/es\/wp-json\/wp\/v2\/comments?post=3980"}],"wp:featuredmedia":[{"embeddable":true,"href":"https:\/\/www.vivawc.com\/es\/wp-json\/wp\/v2\/media\/3981"}],"wp:attachment":[{"href":"https:\/\/www.vivawc.com\/es\/wp-json\/wp\/v2\/media?parent=3980"}],"wp:term":[{"taxonomy":"product_brand","embeddable":true,"href":"https:\/\/www.vivawc.com\/es\/wp-json\/wp\/v2\/product_brand?post=3980"},{"taxonomy":"product_cat","embeddable":true,"href":"https:\/\/www.vivawc.com\/es\/wp-json\/wp\/v2\/product_cat?post=3980"},{"taxonomy":"product_tag","embeddable":true,"href":"https:\/\/www.vivawc.com\/es\/wp-json\/wp\/v2\/product_tag?post=3980"}],"curies":[{"name":"wp","href":"https:\/\/api.w.org\/{rel}","templated":true}]}}