{"id":2003,"date":"2024-07-03T14:19:06","date_gmt":"2024-07-03T14:19:06","guid":{"rendered":"https:\/\/www.vivawc.com\/?post_type=product&#038;p=2003"},"modified":"2026-01-30T18:56:59","modified_gmt":"2026-01-30T18:56:59","slug":"prueba-de-alergia-alimentaria","status":"publish","type":"product","link":"https:\/\/www.vivawc.com\/es\/producto\/prueba-de-alergia-alimentaria\/","title":{"rendered":"Prueba de alergia alimentaria"},"content":{"rendered":"<p>Descubra si una alergia alimentaria est\u00e1 desencadenando sus s\u00edntomas con la Prueba de alergia alimentaria de Viva Wellness Center. Nuestra prueba mide su respuesta inmune a los al\u00e9rgenos alimentarios comunes, incluidos la lactosa, los mariscos y las nueces, mediante la detecci\u00f3n de anticuerpos de inmunoglobulina E (IgE) liberados por el sistema inmunol\u00f3gico en respuesta a los al\u00e9rgenos. Combinada con sus s\u00edntomas e historial, esta prueba ofrece informaci\u00f3n sobre las reacciones de su cuerpo para ayudar a guiar mejores elecciones diet\u00e9ticas.<\/p>\n<p><strong>Nota: Esta prueba no es para quienes hayan tenido reacciones al\u00e9rgicas graves a los alimentos enumerados. Comun\u00edquese con un proveedor de atenci\u00f3n m\u00e9dica o un alerg\u00f3logo de inmediato para una evaluaci\u00f3n adicional si ha experimentado reacciones al\u00e9rgicas graves.<\/strong><\/p>\n<p>Tener IgE medible para un al\u00e9rgeno en particular no garantiza una reacci\u00f3n tras la exposici\u00f3n. Generalmente, los niveles m\u00e1s altos de IgE indican una mayor probabilidad de una verdadera alergia, pero no predicen la gravedad de los s\u00edntomas.<\/p>\n<p>Las pruebas de IgE por s\u00ed solas no pueden diagnosticar una alergia. Interprete los resultados con un proveedor de atenci\u00f3n m\u00e9dica o un alerg\u00f3logo y disc\u00fatalos antes de realizar cambios en la dieta o hacer un diagn\u00f3stico.<\/p>\n<p>&nbsp;<\/p>\n<p>&nbsp;<\/p>\n<p>&nbsp;<\/p>","protected":false},"excerpt":{"rendered":"<p>Identifica alergias alimentarias con el test de Viva Wellness Center. Mida los anticuerpos IgE contra al\u00e9rgenos comunes como la lactosa, los mariscos y las nueces. Consulte a un proveedor de atenci\u00f3n m\u00e9dica para obtener un diagn\u00f3stico preciso.<\/p>","protected":false},"featured_media":2004,"comment_status":"open","ping_status":"closed","template":"","meta":[],"product_brand":[],"product_cat":[36,40],"product_tag":[],"class_list":{"0":"post-2003","1":"product","2":"type-product","3":"status-publish","4":"has-post-thumbnail","6":"product_cat-allergy","7":"product_cat-all-lab-tests","9":"first","10":"instock","11":"taxable","12":"shipping-taxable","13":"product-type-external"},"yoast_head":"<!-- This site is optimized with the Yoast SEO plugin v26.6 - https:\/\/yoast.com\/wordpress\/plugins\/seo\/ -->\n<title>Food Allergy Test - Viva Wellness Center<\/title>\n<meta name=\"description\" content=\"Identify food allergies with Viva Wellness Center&#039;s test. Measure IgE antibodies to common allergens like lactose, shellfish, and nuts. Consult a healthcare provider for accurate diagnosis.\" \/>\n<meta name=\"robots\" content=\"index, follow, max-snippet:-1, max-image-preview:large, max-video-preview:-1\" \/>\n<link rel=\"canonical\" href=\"https:\/\/www.vivawc.com\/es\/producto\/prueba-de-alergia-alimentaria\/\" \/>\n<meta property=\"og:locale\" content=\"es_ES\" \/>\n<meta property=\"og:type\" content=\"article\" \/>\n<meta property=\"og:title\" content=\"Food Allergy Test - Viva Wellness Center\" \/>\n<meta property=\"og:description\" content=\"Identify food allergies with Viva Wellness Center&#039;s test. Measure IgE antibodies to common allergens like lactose, shellfish, and nuts. Consult a healthcare provider for accurate diagnosis.\" \/>\n<meta property=\"og:url\" content=\"https:\/\/www.vivawc.com\/es\/producto\/prueba-de-alergia-alimentaria\/\" \/>\n<meta property=\"og:site_name\" content=\"Viva Wellness Center\" \/>\n<meta property=\"article:modified_time\" content=\"2026-01-30T18:56:59+00:00\" \/>\n<meta property=\"og:image\" content=\"https:\/\/www.vivawc.com\/wp-content\/uploads\/2024\/07\/shot-of-a-young-woman-eating-a-healthy-snack-at-ho-2023-11-27-05-14-38-optimized.webp\" \/>\n\t<meta property=\"og:image:width\" content=\"1000\" \/>\n\t<meta property=\"og:image:height\" content=\"667\" \/>\n\t<meta property=\"og:image:type\" content=\"image\/webp\" \/>\n<script type=\"application\/ld+json\" class=\"yoast-schema-graph\">{\"@context\":\"https:\/\/schema.org\",\"@graph\":[{\"@type\":\"WebPage\",\"@id\":\"https:\/\/www.vivawc.com\/product\/food-allergy-test\/\",\"url\":\"https:\/\/www.vivawc.com\/product\/food-allergy-test\/\",\"name\":\"Food Allergy Test - Viva Wellness Center\",\"isPartOf\":{\"@id\":\"https:\/\/www.vivawc.com\/#website\"},\"primaryImageOfPage\":{\"@id\":\"https:\/\/www.vivawc.com\/product\/food-allergy-test\/#primaryimage\"},\"image\":{\"@id\":\"https:\/\/www.vivawc.com\/product\/food-allergy-test\/#primaryimage\"},\"thumbnailUrl\":\"https:\/\/www.vivawc.com\/wp-content\/uploads\/2024\/07\/shot-of-a-young-woman-eating-a-healthy-snack-at-ho-2023-11-27-05-14-38-optimized.webp\",\"datePublished\":\"2024-07-03T14:19:06+00:00\",\"dateModified\":\"2026-01-30T18:56:59+00:00\",\"description\":\"Identify food allergies with Viva Wellness Center's test. Measure IgE antibodies to common allergens like lactose, shellfish, and nuts. Consult a healthcare provider for accurate diagnosis.\",\"breadcrumb\":{\"@id\":\"https:\/\/www.vivawc.com\/product\/food-allergy-test\/#breadcrumb\"},\"inLanguage\":\"es-CO\",\"potentialAction\":[{\"@type\":\"ReadAction\",\"target\":[\"https:\/\/www.vivawc.com\/product\/food-allergy-test\/\"]}]},{\"@type\":\"ImageObject\",\"inLanguage\":\"es-CO\",\"@id\":\"https:\/\/www.vivawc.com\/product\/food-allergy-test\/#primaryimage\",\"url\":\"https:\/\/www.vivawc.com\/wp-content\/uploads\/2024\/07\/shot-of-a-young-woman-eating-a-healthy-snack-at-ho-2023-11-27-05-14-38-optimized.webp\",\"contentUrl\":\"https:\/\/www.vivawc.com\/wp-content\/uploads\/2024\/07\/shot-of-a-young-woman-eating-a-healthy-snack-at-ho-2023-11-27-05-14-38-optimized.webp\",\"width\":1000,\"height\":667,\"caption\":\"women eating healthy yogurt at home\"},{\"@type\":\"BreadcrumbList\",\"@id\":\"https:\/\/www.vivawc.com\/product\/food-allergy-test\/#breadcrumb\",\"itemListElement\":[{\"@type\":\"ListItem\",\"position\":1,\"name\":\"Home\",\"item\":\"https:\/\/www.vivawc.com\/\"},{\"@type\":\"ListItem\",\"position\":2,\"name\":\"Shop\",\"item\":\"https:\/\/www.vivawc.com\/shop\/\"},{\"@type\":\"ListItem\",\"position\":3,\"name\":\"Food Allergy Test\"}]},{\"@type\":\"WebSite\",\"@id\":\"https:\/\/www.vivawc.com\/#website\",\"url\":\"https:\/\/www.vivawc.com\/\",\"name\":\"Viva Wellness Center\",\"description\":\"Revitalize Your Health: Boston&#039;s Top Clinic for Hormone Therapy, IV Therapy, Weight Loss, Lab Exams and More!\",\"publisher\":{\"@id\":\"https:\/\/www.vivawc.com\/#organization\"},\"potentialAction\":[{\"@type\":\"SearchAction\",\"target\":{\"@type\":\"EntryPoint\",\"urlTemplate\":\"https:\/\/www.vivawc.com\/?s={search_term_string}\"},\"query-input\":{\"@type\":\"PropertyValueSpecification\",\"valueRequired\":true,\"valueName\":\"search_term_string\"}}],\"inLanguage\":\"es-CO\"},{\"@type\":\"Organization\",\"@id\":\"https:\/\/www.vivawc.com\/#organization\",\"name\":\"Viva Wellness Center\",\"url\":\"https:\/\/www.vivawc.com\/\",\"logo\":{\"@type\":\"ImageObject\",\"inLanguage\":\"es-CO\",\"@id\":\"https:\/\/www.vivawc.com\/#\/schema\/logo\/image\/\",\"url\":\"https:\/\/www.vivawc.com\/wp-content\/uploads\/2024\/02\/Viva-Wellness.webp\",\"contentUrl\":\"https:\/\/www.vivawc.com\/wp-content\/uploads\/2024\/02\/Viva-Wellness.webp\",\"width\":1080,\"height\":1080,\"caption\":\"Viva Wellness Center\"},\"image\":{\"@id\":\"https:\/\/www.vivawc.com\/#\/schema\/logo\/image\/\"}}]}<\/script>\n<!-- \/ Yoast SEO plugin. -->","yoast_head_json":{"title":"Prueba de alergia alimentaria - Viva Wellness Center","description":"Identifica alergias alimentarias con el test de Viva Wellness Center. Mida los anticuerpos IgE contra al\u00e9rgenos comunes como la lactosa, los mariscos y las nueces. Consulte a un proveedor de atenci\u00f3n m\u00e9dica para obtener un diagn\u00f3stico preciso.","robots":{"index":"index","follow":"follow","max-snippet":"max-snippet:-1","max-image-preview":"max-image-preview:large","max-video-preview":"max-video-preview:-1"},"canonical":"https:\/\/www.vivawc.com\/es\/producto\/prueba-de-alergia-alimentaria\/","og_locale":"es_ES","og_type":"article","og_title":"Food Allergy Test - Viva Wellness Center","og_description":"Identify food allergies with Viva Wellness Center's test. Measure IgE antibodies to common allergens like lactose, shellfish, and nuts. Consult a healthcare provider for accurate diagnosis.","og_url":"https:\/\/www.vivawc.com\/es\/producto\/prueba-de-alergia-alimentaria\/","og_site_name":"Viva Wellness Center","article_modified_time":"2026-01-30T18:56:59+00:00","og_image":[{"width":1000,"height":667,"url":"https:\/\/www.vivawc.com\/wp-content\/uploads\/2024\/07\/shot-of-a-young-woman-eating-a-healthy-snack-at-ho-2023-11-27-05-14-38-optimized.webp","type":"image\/webp"}],"schema":{"@context":"https:\/\/schema.org","@graph":[{"@type":"WebPage","@id":"https:\/\/www.vivawc.com\/product\/food-allergy-test\/","url":"https:\/\/www.vivawc.com\/product\/food-allergy-test\/","name":"Prueba de alergia alimentaria - Viva Wellness Center","isPartOf":{"@id":"https:\/\/www.vivawc.com\/#website"},"primaryImageOfPage":{"@id":"https:\/\/www.vivawc.com\/product\/food-allergy-test\/#primaryimage"},"image":{"@id":"https:\/\/www.vivawc.com\/product\/food-allergy-test\/#primaryimage"},"thumbnailUrl":"https:\/\/www.vivawc.com\/wp-content\/uploads\/2024\/07\/shot-of-a-young-woman-eating-a-healthy-snack-at-ho-2023-11-27-05-14-38-optimized.webp","datePublished":"2024-07-03T14:19:06+00:00","dateModified":"2026-01-30T18:56:59+00:00","description":"Identifica alergias alimentarias con el test de Viva Wellness Center. Mida los anticuerpos IgE contra al\u00e9rgenos comunes como la lactosa, los mariscos y las nueces. Consulte a un proveedor de atenci\u00f3n m\u00e9dica para obtener un diagn\u00f3stico preciso.","breadcrumb":{"@id":"https:\/\/www.vivawc.com\/product\/food-allergy-test\/#breadcrumb"},"inLanguage":"es-CO","potentialAction":[{"@type":"ReadAction","target":["https:\/\/www.vivawc.com\/product\/food-allergy-test\/"]}]},{"@type":"ImageObject","inLanguage":"es-CO","@id":"https:\/\/www.vivawc.com\/product\/food-allergy-test\/#primaryimage","url":"https:\/\/www.vivawc.com\/wp-content\/uploads\/2024\/07\/shot-of-a-young-woman-eating-a-healthy-snack-at-ho-2023-11-27-05-14-38-optimized.webp","contentUrl":"https:\/\/www.vivawc.com\/wp-content\/uploads\/2024\/07\/shot-of-a-young-woman-eating-a-healthy-snack-at-ho-2023-11-27-05-14-38-optimized.webp","width":1000,"height":667,"caption":"women eating healthy yogurt at home"},{"@type":"BreadcrumbList","@id":"https:\/\/www.vivawc.com\/product\/food-allergy-test\/#breadcrumb","itemListElement":[{"@type":"ListItem","position":1,"name":"Home","item":"https:\/\/www.vivawc.com\/"},{"@type":"ListItem","position":2,"name":"Shop","item":"https:\/\/www.vivawc.com\/shop\/"},{"@type":"ListItem","position":3,"name":"Food Allergy Test"}]},{"@type":"WebSite","@id":"https:\/\/www.vivawc.com\/#website","url":"https:\/\/www.vivawc.com\/","name":"Centro de bienestar Viva","description":"Revitalice su salud: \u00a1la mejor cl\u00ednica de Boston para terapia hormonal, terapia intravenosa, p\u00e9rdida de peso, ex\u00e1menes de laboratorio y m\u00e1s!","publisher":{"@id":"https:\/\/www.vivawc.com\/#organization"},"potentialAction":[{"@type":"SearchAction","target":{"@type":"EntryPoint","urlTemplate":"https:\/\/www.vivawc.com\/?s={search_term_string}"},"query-input":{"@type":"PropertyValueSpecification","valueRequired":true,"valueName":"search_term_string"}}],"inLanguage":"es-CO"},{"@type":"Organization","@id":"https:\/\/www.vivawc.com\/#organization","name":"Centro de bienestar Viva","url":"https:\/\/www.vivawc.com\/","logo":{"@type":"ImageObject","inLanguage":"es-CO","@id":"https:\/\/www.vivawc.com\/#\/schema\/logo\/image\/","url":"https:\/\/www.vivawc.com\/wp-content\/uploads\/2024\/02\/Viva-Wellness.webp","contentUrl":"https:\/\/www.vivawc.com\/wp-content\/uploads\/2024\/02\/Viva-Wellness.webp","width":1080,"height":1080,"caption":"Viva Wellness Center"},"image":{"@id":"https:\/\/www.vivawc.com\/#\/schema\/logo\/image\/"}}]}},"_links":{"self":[{"href":"https:\/\/www.vivawc.com\/es\/wp-json\/wp\/v2\/product\/2003","targetHints":{"allow":["GET"]}}],"collection":[{"href":"https:\/\/www.vivawc.com\/es\/wp-json\/wp\/v2\/product"}],"about":[{"href":"https:\/\/www.vivawc.com\/es\/wp-json\/wp\/v2\/types\/product"}],"replies":[{"embeddable":true,"href":"https:\/\/www.vivawc.com\/es\/wp-json\/wp\/v2\/comments?post=2003"}],"wp:featuredmedia":[{"embeddable":true,"href":"https:\/\/www.vivawc.com\/es\/wp-json\/wp\/v2\/media\/2004"}],"wp:attachment":[{"href":"https:\/\/www.vivawc.com\/es\/wp-json\/wp\/v2\/media?parent=2003"}],"wp:term":[{"taxonomy":"product_brand","embeddable":true,"href":"https:\/\/www.vivawc.com\/es\/wp-json\/wp\/v2\/product_brand?post=2003"},{"taxonomy":"product_cat","embeddable":true,"href":"https:\/\/www.vivawc.com\/es\/wp-json\/wp\/v2\/product_cat?post=2003"},{"taxonomy":"product_tag","embeddable":true,"href":"https:\/\/www.vivawc.com\/es\/wp-json\/wp\/v2\/product_tag?post=2003"}],"curies":[{"name":"wp","href":"https:\/\/api.w.org\/{rel}","templated":true}]}}