{"id":1885,"date":"2024-06-17T22:59:45","date_gmt":"2024-06-17T22:59:45","guid":{"rendered":"https:\/\/www.vivawc.com\/?post_type=product&#038;p=1885"},"modified":"2024-08-17T16:36:07","modified_gmt":"2024-08-17T16:36:07","slug":"vitamina-d","status":"publish","type":"product","link":"https:\/\/www.vivawc.com\/es\/producto\/vitamina-d\/","title":{"rendered":"Vitamina D <br> <span style=\"font-size: 16px; font-family: 'Poppins', sans-serif; font-weight: bold; color: #728c4a;\">Paquete de 4 inyecciones<\/span>"},"content":{"rendered":"<p>Mejore su salud y mejore su estado de \u00e1nimo con nuestro paquete de inyecci\u00f3n de vitamina D. Esta serie de cuatro inyecciones proporciona vitamina D esencial para respaldar la salud \u00f3sea, mejorar la funci\u00f3n inmunol\u00f3gica y mejorar el estado de \u00e1nimo. Mant\u00e9ngase fuerte y vibrante con este tratamiento crucial.<\/p>","protected":false},"excerpt":{"rendered":"<div class=\"flex max-w-full flex-col flex-grow\">\n<div class=\"min-h-[20px] text-message flex w-full flex-col items-end gap-2 whitespace-pre-wrap break-words [.text-message+&amp;]:mt-5 overflow-x-auto\" dir=\"auto\" data-message-author-role=\"assistant\" data-message-id=\"2ecfa0d7-f80a-453f-a57e-c9ef747befc2\">\n<div class=\"flex w-full flex-col gap-1 empty:hidden first:pt-[3px]\">\n<div class=\"markdown prose w-full break-words dark:prose-invert light\">\n<p>Mejore su salud y estado de \u00e1nimo con nuestro paquete de inyecci\u00f3n de vitamina D, dise\u00f1ado para reforzar sus huesos, su sistema inmunol\u00f3gico y su estado de \u00e1nimo. Mant\u00e9ngase fuerte y vibrante con este tratamiento esencial.<\/p>\n<\/div>\n<\/div>\n<\/div>\n<\/div>","protected":false},"featured_media":1892,"comment_status":"open","ping_status":"closed","template":"","meta":[],"product_brand":[],"product_cat":[45],"product_tag":[],"class_list":{"0":"post-1885","1":"product","2":"type-product","3":"status-publish","4":"has-post-thumbnail","6":"product_cat-vitamin-injection","8":"first","9":"instock","10":"taxable","11":"shipping-taxable","12":"product-type-external"},"yoast_head":"<!-- This site is optimized with the Yoast SEO plugin v26.6 - https:\/\/yoast.com\/wordpress\/plugins\/seo\/ -->\n<title>Vitamin D  4-injection package - Viva Wellness Center<\/title>\n<meta name=\"description\" content=\"Boost health and mood with our Vitamin D Injection Package. Four shots support bones, immunity, and mood. Stay strong and vibrant with this essential treatment.\" \/>\n<meta name=\"robots\" content=\"index, follow, max-snippet:-1, max-image-preview:large, max-video-preview:-1\" \/>\n<link rel=\"canonical\" href=\"https:\/\/www.vivawc.com\/es\/producto\/vitamina-d\/\" \/>\n<meta property=\"og:locale\" content=\"es_ES\" \/>\n<meta property=\"og:type\" content=\"article\" \/>\n<meta property=\"og:title\" content=\"Vitamin D  4-injection package - Viva Wellness Center\" \/>\n<meta property=\"og:description\" content=\"Boost health and mood with our Vitamin D Injection Package. Four shots support bones, immunity, and mood. Stay strong and vibrant with this essential treatment.\" \/>\n<meta property=\"og:url\" content=\"https:\/\/www.vivawc.com\/es\/producto\/vitamina-d\/\" \/>\n<meta property=\"og:site_name\" content=\"Viva Wellness Center\" \/>\n<meta property=\"article:modified_time\" content=\"2024-08-17T16:36:07+00:00\" \/>\n<meta property=\"og:image\" content=\"https:\/\/www.vivawc.com\/wp-content\/uploads\/2024\/06\/Vitamin-D-Vitamin-Injection.webp\" \/>\n\t<meta property=\"og:image:width\" content=\"1080\" \/>\n\t<meta property=\"og:image:height\" content=\"1080\" \/>\n\t<meta property=\"og:image:type\" content=\"image\/webp\" \/>\n<script type=\"application\/ld+json\" class=\"yoast-schema-graph\">{\"@context\":\"https:\/\/schema.org\",\"@graph\":[{\"@type\":\"WebPage\",\"@id\":\"https:\/\/www.vivawc.com\/product\/vitamin-d\/\",\"url\":\"https:\/\/www.vivawc.com\/product\/vitamin-d\/\",\"name\":\"Vitamin D 4-injection package - Viva Wellness Center\",\"isPartOf\":{\"@id\":\"https:\/\/www.vivawc.com\/#website\"},\"primaryImageOfPage\":{\"@id\":\"https:\/\/www.vivawc.com\/product\/vitamin-d\/#primaryimage\"},\"image\":{\"@id\":\"https:\/\/www.vivawc.com\/product\/vitamin-d\/#primaryimage\"},\"thumbnailUrl\":\"https:\/\/www.vivawc.com\/wp-content\/uploads\/2024\/06\/Vitamin-D-Vitamin-Injection.webp\",\"datePublished\":\"2024-06-17T22:59:45+00:00\",\"dateModified\":\"2024-08-17T16:36:07+00:00\",\"description\":\"Boost health and mood with our Vitamin D Injection Package. Four shots support bones, immunity, and mood. Stay strong and vibrant with this essential treatment.\",\"breadcrumb\":{\"@id\":\"https:\/\/www.vivawc.com\/product\/vitamin-d\/#breadcrumb\"},\"inLanguage\":\"es-CO\",\"potentialAction\":[{\"@type\":\"ReadAction\",\"target\":[\"https:\/\/www.vivawc.com\/product\/vitamin-d\/\"]}]},{\"@type\":\"ImageObject\",\"inLanguage\":\"es-CO\",\"@id\":\"https:\/\/www.vivawc.com\/product\/vitamin-d\/#primaryimage\",\"url\":\"https:\/\/www.vivawc.com\/wp-content\/uploads\/2024\/06\/Vitamin-D-Vitamin-Injection.webp\",\"contentUrl\":\"https:\/\/www.vivawc.com\/wp-content\/uploads\/2024\/06\/Vitamin-D-Vitamin-Injection.webp\",\"width\":1080,\"height\":1080,\"caption\":\"Vitamin D\"},{\"@type\":\"BreadcrumbList\",\"@id\":\"https:\/\/www.vivawc.com\/product\/vitamin-d\/#breadcrumb\",\"itemListElement\":[{\"@type\":\"ListItem\",\"position\":1,\"name\":\"Home\",\"item\":\"https:\/\/www.vivawc.com\/\"},{\"@type\":\"ListItem\",\"position\":2,\"name\":\"Shop\",\"item\":\"https:\/\/www.vivawc.com\/shop\/\"},{\"@type\":\"ListItem\",\"position\":3,\"name\":\"Vitamin D 4-injection package\"}]},{\"@type\":\"WebSite\",\"@id\":\"https:\/\/www.vivawc.com\/#website\",\"url\":\"https:\/\/www.vivawc.com\/\",\"name\":\"Viva Wellness Center\",\"description\":\"Revitalize Your Health: Boston&#039;s Top Clinic for Hormone Therapy, IV Therapy, Weight Loss, Lab Exams and More!\",\"publisher\":{\"@id\":\"https:\/\/www.vivawc.com\/#organization\"},\"potentialAction\":[{\"@type\":\"SearchAction\",\"target\":{\"@type\":\"EntryPoint\",\"urlTemplate\":\"https:\/\/www.vivawc.com\/?s={search_term_string}\"},\"query-input\":{\"@type\":\"PropertyValueSpecification\",\"valueRequired\":true,\"valueName\":\"search_term_string\"}}],\"inLanguage\":\"es-CO\"},{\"@type\":\"Organization\",\"@id\":\"https:\/\/www.vivawc.com\/#organization\",\"name\":\"Viva Wellness Center\",\"url\":\"https:\/\/www.vivawc.com\/\",\"logo\":{\"@type\":\"ImageObject\",\"inLanguage\":\"es-CO\",\"@id\":\"https:\/\/www.vivawc.com\/#\/schema\/logo\/image\/\",\"url\":\"https:\/\/www.vivawc.com\/wp-content\/uploads\/2024\/02\/Viva-Wellness.webp\",\"contentUrl\":\"https:\/\/www.vivawc.com\/wp-content\/uploads\/2024\/02\/Viva-Wellness.webp\",\"width\":1080,\"height\":1080,\"caption\":\"Viva Wellness Center\"},\"image\":{\"@id\":\"https:\/\/www.vivawc.com\/#\/schema\/logo\/image\/\"}}]}<\/script>\n<!-- \/ Yoast SEO plugin. -->","yoast_head_json":{"title":"Paquete de 4 inyecciones de vitamina D - Viva Wellness Center","description":"Mejore la salud y el estado de \u00e1nimo con nuestro paquete de inyecci\u00f3n de vitamina D. Cuatro inyecciones apoyan los huesos, la inmunidad y el estado de \u00e1nimo. Mant\u00e9ngase fuerte y vibrante con este tratamiento esencial.","robots":{"index":"index","follow":"follow","max-snippet":"max-snippet:-1","max-image-preview":"max-image-preview:large","max-video-preview":"max-video-preview:-1"},"canonical":"https:\/\/www.vivawc.com\/es\/producto\/vitamina-d\/","og_locale":"es_ES","og_type":"article","og_title":"Vitamin D  4-injection package - Viva Wellness Center","og_description":"Boost health and mood with our Vitamin D Injection Package. Four shots support bones, immunity, and mood. Stay strong and vibrant with this essential treatment.","og_url":"https:\/\/www.vivawc.com\/es\/producto\/vitamina-d\/","og_site_name":"Viva Wellness Center","article_modified_time":"2024-08-17T16:36:07+00:00","og_image":[{"width":1080,"height":1080,"url":"https:\/\/www.vivawc.com\/wp-content\/uploads\/2024\/06\/Vitamin-D-Vitamin-Injection.webp","type":"image\/webp"}],"schema":{"@context":"https:\/\/schema.org","@graph":[{"@type":"WebPage","@id":"https:\/\/www.vivawc.com\/product\/vitamin-d\/","url":"https:\/\/www.vivawc.com\/product\/vitamin-d\/","name":"Paquete de 4 inyecciones de vitamina D - Viva Wellness Center","isPartOf":{"@id":"https:\/\/www.vivawc.com\/#website"},"primaryImageOfPage":{"@id":"https:\/\/www.vivawc.com\/product\/vitamin-d\/#primaryimage"},"image":{"@id":"https:\/\/www.vivawc.com\/product\/vitamin-d\/#primaryimage"},"thumbnailUrl":"https:\/\/www.vivawc.com\/wp-content\/uploads\/2024\/06\/Vitamin-D-Vitamin-Injection.webp","datePublished":"2024-06-17T22:59:45+00:00","dateModified":"2024-08-17T16:36:07+00:00","description":"Mejore la salud y el estado de \u00e1nimo con nuestro paquete de inyecci\u00f3n de vitamina D. Cuatro inyecciones apoyan los huesos, la inmunidad y el estado de \u00e1nimo. Mant\u00e9ngase fuerte y vibrante con este tratamiento esencial.","breadcrumb":{"@id":"https:\/\/www.vivawc.com\/product\/vitamin-d\/#breadcrumb"},"inLanguage":"es-CO","potentialAction":[{"@type":"ReadAction","target":["https:\/\/www.vivawc.com\/product\/vitamin-d\/"]}]},{"@type":"ImageObject","inLanguage":"es-CO","@id":"https:\/\/www.vivawc.com\/product\/vitamin-d\/#primaryimage","url":"https:\/\/www.vivawc.com\/wp-content\/uploads\/2024\/06\/Vitamin-D-Vitamin-Injection.webp","contentUrl":"https:\/\/www.vivawc.com\/wp-content\/uploads\/2024\/06\/Vitamin-D-Vitamin-Injection.webp","width":1080,"height":1080,"caption":"Vitamin D"},{"@type":"BreadcrumbList","@id":"https:\/\/www.vivawc.com\/product\/vitamin-d\/#breadcrumb","itemListElement":[{"@type":"ListItem","position":1,"name":"Home","item":"https:\/\/www.vivawc.com\/"},{"@type":"ListItem","position":2,"name":"Shop","item":"https:\/\/www.vivawc.com\/shop\/"},{"@type":"ListItem","position":3,"name":"Vitamin D 4-injection package"}]},{"@type":"WebSite","@id":"https:\/\/www.vivawc.com\/#website","url":"https:\/\/www.vivawc.com\/","name":"Centro de bienestar Viva","description":"Revitalice su salud: \u00a1la mejor cl\u00ednica de Boston para terapia hormonal, terapia intravenosa, p\u00e9rdida de peso, ex\u00e1menes de laboratorio y m\u00e1s!","publisher":{"@id":"https:\/\/www.vivawc.com\/#organization"},"potentialAction":[{"@type":"SearchAction","target":{"@type":"EntryPoint","urlTemplate":"https:\/\/www.vivawc.com\/?s={search_term_string}"},"query-input":{"@type":"PropertyValueSpecification","valueRequired":true,"valueName":"search_term_string"}}],"inLanguage":"es-CO"},{"@type":"Organization","@id":"https:\/\/www.vivawc.com\/#organization","name":"Centro de bienestar Viva","url":"https:\/\/www.vivawc.com\/","logo":{"@type":"ImageObject","inLanguage":"es-CO","@id":"https:\/\/www.vivawc.com\/#\/schema\/logo\/image\/","url":"https:\/\/www.vivawc.com\/wp-content\/uploads\/2024\/02\/Viva-Wellness.webp","contentUrl":"https:\/\/www.vivawc.com\/wp-content\/uploads\/2024\/02\/Viva-Wellness.webp","width":1080,"height":1080,"caption":"Viva Wellness Center"},"image":{"@id":"https:\/\/www.vivawc.com\/#\/schema\/logo\/image\/"}}]}},"_links":{"self":[{"href":"https:\/\/www.vivawc.com\/es\/wp-json\/wp\/v2\/product\/1885","targetHints":{"allow":["GET"]}}],"collection":[{"href":"https:\/\/www.vivawc.com\/es\/wp-json\/wp\/v2\/product"}],"about":[{"href":"https:\/\/www.vivawc.com\/es\/wp-json\/wp\/v2\/types\/product"}],"replies":[{"embeddable":true,"href":"https:\/\/www.vivawc.com\/es\/wp-json\/wp\/v2\/comments?post=1885"}],"wp:featuredmedia":[{"embeddable":true,"href":"https:\/\/www.vivawc.com\/es\/wp-json\/wp\/v2\/media\/1892"}],"wp:attachment":[{"href":"https:\/\/www.vivawc.com\/es\/wp-json\/wp\/v2\/media?parent=1885"}],"wp:term":[{"taxonomy":"product_brand","embeddable":true,"href":"https:\/\/www.vivawc.com\/es\/wp-json\/wp\/v2\/product_brand?post=1885"},{"taxonomy":"product_cat","embeddable":true,"href":"https:\/\/www.vivawc.com\/es\/wp-json\/wp\/v2\/product_cat?post=1885"},{"taxonomy":"product_tag","embeddable":true,"href":"https:\/\/www.vivawc.com\/es\/wp-json\/wp\/v2\/product_tag?post=1885"}],"curies":[{"name":"wp","href":"https:\/\/api.w.org\/{rel}","templated":true}]}}