{"id":1884,"date":"2024-06-18T23:19:46","date_gmt":"2024-06-18T23:19:46","guid":{"rendered":"https:\/\/www.vivawc.com\/?post_type=product&#038;p=1884"},"modified":"2024-08-17T15:08:31","modified_gmt":"2024-08-17T15:08:31","slug":"zinc","status":"publish","type":"product","link":"https:\/\/www.vivawc.com\/es\/producto\/zinc\/","title":{"rendered":"Zinc <br> <span style=\"font-size: 16px; font-family: 'Poppins', sans-serif; font-weight: bold; color: #728c4a;\">Paquete de 4 inyecciones<\/span>"},"content":{"rendered":"<p>Fortalezca su sistema inmunol\u00f3gico y apoye el bienestar general con nuestro paquete de inyecci\u00f3n de zinc. Esta serie de cuatro inyecciones proporciona una dosis vital de zinc para ayudar a proteger contra enfermedades, mejorar la salud de la piel y mejorar el bienestar general. Mant\u00e9ngase resistente y saludable con este tratamiento esencial.<\/p>","protected":false},"excerpt":{"rendered":"<div class=\"flex-shrink-0 flex flex-col relative items-end\">\n<div class=\"pt-0\">\n<div class=\"gizmo-bot-avatar flex h-8 w-8 items-center justify-center overflow-hidden rounded-full\">\n<div class=\"relative p-1 rounded-sm flex items-center justify-center bg-token-main-surface-primary text-token-text-primary h-8 w-8\">\n<div class=\"flex-shrink-0 flex flex-col relative items-end\">\n<div>\n<div class=\"pt-0\">\n<div class=\"gizmo-bot-avatar flex h-8 w-8 items-center justify-center overflow-hidden rounded-full\">\n<div class=\"relative p-1 rounded-sm flex items-center justify-center bg-token-main-surface-primary text-token-text-primary h-8 w-8\">Refuerce su inmunidad y bienestar con nuestro paquete de inyecci\u00f3n de zinc, dise\u00f1ado para mejorar su salud, mejorar su piel y aumentar su resiliencia. Mant\u00e9ngase saludable y protegido.<\/div>\n<\/div>\n<\/div>\n<\/div>\n<\/div>\n<\/div>\n<\/div>\n<\/div>\n<\/div>","protected":false},"featured_media":1890,"comment_status":"open","ping_status":"closed","template":"","meta":[],"product_brand":[],"product_cat":[45],"product_tag":[],"class_list":{"0":"post-1884","1":"product","2":"type-product","3":"status-publish","4":"has-post-thumbnail","6":"product_cat-vitamin-injection","8":"first","9":"instock","10":"taxable","11":"shipping-taxable","12":"product-type-external"},"yoast_head":"<!-- This site is optimized with the Yoast SEO plugin v26.6 - https:\/\/yoast.com\/wordpress\/plugins\/seo\/ -->\n<title>Zinc  4-injection package | Vitamin Injection | Viva Wellness Center<\/title>\n<meta name=\"description\" content=\"Boost your immunity and wellness with our Zinc Injection Package. Four injections enhance health, skin, and resilience. Stay healthy and protected.\" \/>\n<meta name=\"robots\" content=\"index, follow, max-snippet:-1, max-image-preview:large, max-video-preview:-1\" \/>\n<link rel=\"canonical\" href=\"https:\/\/www.vivawc.com\/es\/producto\/zinc\/\" \/>\n<meta property=\"og:locale\" content=\"es_ES\" \/>\n<meta property=\"og:type\" content=\"article\" \/>\n<meta property=\"og:title\" content=\"Zinc  4-injection package | Vitamin Injection | Viva Wellness Center\" \/>\n<meta property=\"og:description\" content=\"Boost your immunity and wellness with our Zinc Injection Package. Four injections enhance health, skin, and resilience. Stay healthy and protected.\" \/>\n<meta property=\"og:url\" content=\"https:\/\/www.vivawc.com\/es\/producto\/zinc\/\" \/>\n<meta property=\"og:site_name\" content=\"Viva Wellness Center\" \/>\n<meta property=\"article:modified_time\" content=\"2024-08-17T15:08:31+00:00\" \/>\n<meta property=\"og:image\" content=\"https:\/\/www.vivawc.com\/wp-content\/uploads\/2024\/06\/Zinc-Vitamin-Injection.webp\" \/>\n\t<meta property=\"og:image:width\" content=\"1080\" \/>\n\t<meta property=\"og:image:height\" content=\"1080\" \/>\n\t<meta property=\"og:image:type\" content=\"image\/webp\" \/>\n<script type=\"application\/ld+json\" class=\"yoast-schema-graph\">{\"@context\":\"https:\/\/schema.org\",\"@graph\":[{\"@type\":\"WebPage\",\"@id\":\"https:\/\/www.vivawc.com\/product\/zinc-vitamin-injection\/\",\"url\":\"https:\/\/www.vivawc.com\/product\/zinc-vitamin-injection\/\",\"name\":\"Zinc 4-injection package | Vitamin Injection | Viva Wellness Center\",\"isPartOf\":{\"@id\":\"https:\/\/www.vivawc.com\/#website\"},\"primaryImageOfPage\":{\"@id\":\"https:\/\/www.vivawc.com\/product\/zinc-vitamin-injection\/#primaryimage\"},\"image\":{\"@id\":\"https:\/\/www.vivawc.com\/product\/zinc-vitamin-injection\/#primaryimage\"},\"thumbnailUrl\":\"https:\/\/www.vivawc.com\/wp-content\/uploads\/2024\/06\/Zinc-Vitamin-Injection.webp\",\"datePublished\":\"2024-06-18T23:19:46+00:00\",\"dateModified\":\"2024-08-17T15:08:31+00:00\",\"description\":\"Boost your immunity and wellness with our Zinc Injection Package. Four injections enhance health, skin, and resilience. Stay healthy and protected.\",\"breadcrumb\":{\"@id\":\"https:\/\/www.vivawc.com\/product\/zinc-vitamin-injection\/#breadcrumb\"},\"inLanguage\":\"es-CO\",\"potentialAction\":[{\"@type\":\"ReadAction\",\"target\":[\"https:\/\/www.vivawc.com\/product\/zinc-vitamin-injection\/\"]}]},{\"@type\":\"ImageObject\",\"inLanguage\":\"es-CO\",\"@id\":\"https:\/\/www.vivawc.com\/product\/zinc-vitamin-injection\/#primaryimage\",\"url\":\"https:\/\/www.vivawc.com\/wp-content\/uploads\/2024\/06\/Zinc-Vitamin-Injection.webp\",\"contentUrl\":\"https:\/\/www.vivawc.com\/wp-content\/uploads\/2024\/06\/Zinc-Vitamin-Injection.webp\",\"width\":1080,\"height\":1080,\"caption\":\"Zinc Vitamin Injection\"},{\"@type\":\"BreadcrumbList\",\"@id\":\"https:\/\/www.vivawc.com\/product\/zinc-vitamin-injection\/#breadcrumb\",\"itemListElement\":[{\"@type\":\"ListItem\",\"position\":1,\"name\":\"Home\",\"item\":\"https:\/\/www.vivawc.com\/\"},{\"@type\":\"ListItem\",\"position\":2,\"name\":\"Shop\",\"item\":\"https:\/\/www.vivawc.com\/shop\/\"},{\"@type\":\"ListItem\",\"position\":3,\"name\":\"Zinc 4-injection package\"}]},{\"@type\":\"WebSite\",\"@id\":\"https:\/\/www.vivawc.com\/#website\",\"url\":\"https:\/\/www.vivawc.com\/\",\"name\":\"Viva Wellness Center\",\"description\":\"Revitalize Your Health: Boston&#039;s Top Clinic for Hormone Therapy, IV Therapy, Weight Loss, Lab Exams and More!\",\"publisher\":{\"@id\":\"https:\/\/www.vivawc.com\/#organization\"},\"potentialAction\":[{\"@type\":\"SearchAction\",\"target\":{\"@type\":\"EntryPoint\",\"urlTemplate\":\"https:\/\/www.vivawc.com\/?s={search_term_string}\"},\"query-input\":{\"@type\":\"PropertyValueSpecification\",\"valueRequired\":true,\"valueName\":\"search_term_string\"}}],\"inLanguage\":\"es-CO\"},{\"@type\":\"Organization\",\"@id\":\"https:\/\/www.vivawc.com\/#organization\",\"name\":\"Viva Wellness Center\",\"url\":\"https:\/\/www.vivawc.com\/\",\"logo\":{\"@type\":\"ImageObject\",\"inLanguage\":\"es-CO\",\"@id\":\"https:\/\/www.vivawc.com\/#\/schema\/logo\/image\/\",\"url\":\"https:\/\/www.vivawc.com\/wp-content\/uploads\/2024\/02\/Viva-Wellness.webp\",\"contentUrl\":\"https:\/\/www.vivawc.com\/wp-content\/uploads\/2024\/02\/Viva-Wellness.webp\",\"width\":1080,\"height\":1080,\"caption\":\"Viva Wellness Center\"},\"image\":{\"@id\":\"https:\/\/www.vivawc.com\/#\/schema\/logo\/image\/\"}}]}<\/script>\n<!-- \/ Yoast SEO plugin. -->","yoast_head_json":{"title":"Paquete de 4 inyecciones de zinc | Inyecci\u00f3n de vitaminas | Viva Wellness Center","description":"Aumente su inmunidad y bienestar con nuestro paquete de inyecci\u00f3n de zinc. Cuatro inyecciones mejoran la salud, la piel y la resiliencia. Mantente saludable y protegido.","robots":{"index":"index","follow":"follow","max-snippet":"max-snippet:-1","max-image-preview":"max-image-preview:large","max-video-preview":"max-video-preview:-1"},"canonical":"https:\/\/www.vivawc.com\/es\/producto\/zinc\/","og_locale":"es_ES","og_type":"article","og_title":"Zinc  4-injection package | Vitamin Injection | Viva Wellness Center","og_description":"Boost your immunity and wellness with our Zinc Injection Package. Four injections enhance health, skin, and resilience. Stay healthy and protected.","og_url":"https:\/\/www.vivawc.com\/es\/producto\/zinc\/","og_site_name":"Viva Wellness Center","article_modified_time":"2024-08-17T15:08:31+00:00","og_image":[{"width":1080,"height":1080,"url":"https:\/\/www.vivawc.com\/wp-content\/uploads\/2024\/06\/Zinc-Vitamin-Injection.webp","type":"image\/webp"}],"schema":{"@context":"https:\/\/schema.org","@graph":[{"@type":"WebPage","@id":"https:\/\/www.vivawc.com\/product\/zinc-vitamin-injection\/","url":"https:\/\/www.vivawc.com\/product\/zinc-vitamin-injection\/","name":"Paquete de 4 inyecciones de zinc | Inyecci\u00f3n de vitaminas | Viva Wellness Center","isPartOf":{"@id":"https:\/\/www.vivawc.com\/#website"},"primaryImageOfPage":{"@id":"https:\/\/www.vivawc.com\/product\/zinc-vitamin-injection\/#primaryimage"},"image":{"@id":"https:\/\/www.vivawc.com\/product\/zinc-vitamin-injection\/#primaryimage"},"thumbnailUrl":"https:\/\/www.vivawc.com\/wp-content\/uploads\/2024\/06\/Zinc-Vitamin-Injection.webp","datePublished":"2024-06-18T23:19:46+00:00","dateModified":"2024-08-17T15:08:31+00:00","description":"Aumente su inmunidad y bienestar con nuestro paquete de inyecci\u00f3n de zinc. Cuatro inyecciones mejoran la salud, la piel y la resiliencia. Mantente saludable y protegido.","breadcrumb":{"@id":"https:\/\/www.vivawc.com\/product\/zinc-vitamin-injection\/#breadcrumb"},"inLanguage":"es-CO","potentialAction":[{"@type":"ReadAction","target":["https:\/\/www.vivawc.com\/product\/zinc-vitamin-injection\/"]}]},{"@type":"ImageObject","inLanguage":"es-CO","@id":"https:\/\/www.vivawc.com\/product\/zinc-vitamin-injection\/#primaryimage","url":"https:\/\/www.vivawc.com\/wp-content\/uploads\/2024\/06\/Zinc-Vitamin-Injection.webp","contentUrl":"https:\/\/www.vivawc.com\/wp-content\/uploads\/2024\/06\/Zinc-Vitamin-Injection.webp","width":1080,"height":1080,"caption":"Zinc Vitamin Injection"},{"@type":"BreadcrumbList","@id":"https:\/\/www.vivawc.com\/product\/zinc-vitamin-injection\/#breadcrumb","itemListElement":[{"@type":"ListItem","position":1,"name":"Home","item":"https:\/\/www.vivawc.com\/"},{"@type":"ListItem","position":2,"name":"Shop","item":"https:\/\/www.vivawc.com\/shop\/"},{"@type":"ListItem","position":3,"name":"Zinc 4-injection package"}]},{"@type":"WebSite","@id":"https:\/\/www.vivawc.com\/#website","url":"https:\/\/www.vivawc.com\/","name":"Centro de bienestar Viva","description":"Revitalice su salud: \u00a1la mejor cl\u00ednica de Boston para terapia hormonal, terapia intravenosa, p\u00e9rdida de peso, ex\u00e1menes de laboratorio y m\u00e1s!","publisher":{"@id":"https:\/\/www.vivawc.com\/#organization"},"potentialAction":[{"@type":"SearchAction","target":{"@type":"EntryPoint","urlTemplate":"https:\/\/www.vivawc.com\/?s={search_term_string}"},"query-input":{"@type":"PropertyValueSpecification","valueRequired":true,"valueName":"search_term_string"}}],"inLanguage":"es-CO"},{"@type":"Organization","@id":"https:\/\/www.vivawc.com\/#organization","name":"Centro de bienestar Viva","url":"https:\/\/www.vivawc.com\/","logo":{"@type":"ImageObject","inLanguage":"es-CO","@id":"https:\/\/www.vivawc.com\/#\/schema\/logo\/image\/","url":"https:\/\/www.vivawc.com\/wp-content\/uploads\/2024\/02\/Viva-Wellness.webp","contentUrl":"https:\/\/www.vivawc.com\/wp-content\/uploads\/2024\/02\/Viva-Wellness.webp","width":1080,"height":1080,"caption":"Viva Wellness Center"},"image":{"@id":"https:\/\/www.vivawc.com\/#\/schema\/logo\/image\/"}}]}},"_links":{"self":[{"href":"https:\/\/www.vivawc.com\/es\/wp-json\/wp\/v2\/product\/1884","targetHints":{"allow":["GET"]}}],"collection":[{"href":"https:\/\/www.vivawc.com\/es\/wp-json\/wp\/v2\/product"}],"about":[{"href":"https:\/\/www.vivawc.com\/es\/wp-json\/wp\/v2\/types\/product"}],"replies":[{"embeddable":true,"href":"https:\/\/www.vivawc.com\/es\/wp-json\/wp\/v2\/comments?post=1884"}],"wp:featuredmedia":[{"embeddable":true,"href":"https:\/\/www.vivawc.com\/es\/wp-json\/wp\/v2\/media\/1890"}],"wp:attachment":[{"href":"https:\/\/www.vivawc.com\/es\/wp-json\/wp\/v2\/media?parent=1884"}],"wp:term":[{"taxonomy":"product_brand","embeddable":true,"href":"https:\/\/www.vivawc.com\/es\/wp-json\/wp\/v2\/product_brand?post=1884"},{"taxonomy":"product_cat","embeddable":true,"href":"https:\/\/www.vivawc.com\/es\/wp-json\/wp\/v2\/product_cat?post=1884"},{"taxonomy":"product_tag","embeddable":true,"href":"https:\/\/www.vivawc.com\/es\/wp-json\/wp\/v2\/product_tag?post=1884"}],"curies":[{"name":"wp","href":"https:\/\/api.w.org\/{rel}","templated":true}]}}