{"id":1851,"date":"2024-06-15T14:02:15","date_gmt":"2024-06-15T14:02:15","guid":{"rendered":"https:\/\/www.vivawc.com\/?post_type=product&#038;p=1851"},"modified":"2024-08-17T15:13:28","modified_gmt":"2024-08-17T15:13:28","slug":"lipo-c","status":"publish","type":"product","link":"https:\/\/www.vivawc.com\/es\/producto\/lipo-c\/","title":{"rendered":"Lipo C <br> <span style=\"font-size: 16px; font-family: 'Poppins', sans-serif; font-weight: bold; color: #728c4a;\">Paquete de 4 inyecciones<\/span>"},"content":{"rendered":"<p>Aumente su metabolismo y respalde sus objetivos de p\u00e9rdida de peso con nuestra serie de cuatro inyecciones para quemar grasa. Este tratamiento est\u00e1 dise\u00f1ado para mejorar los procesos naturales de quema de grasa de su cuerpo, ayud\u00e1ndolo a lograr los resultados deseados de manera m\u00e1s efectiva.<\/p>","protected":false},"excerpt":{"rendered":"<p>Aumente su metabolismo y favorezca la p\u00e9rdida de peso con nuestro paquete de inyecciones para quemar grasa, dise\u00f1ado para mejorar los procesos naturales de quema de grasa de su cuerpo para obtener resultados efectivos.<\/p>","protected":false},"featured_media":1874,"comment_status":"open","ping_status":"closed","template":"","meta":[],"product_brand":[],"product_cat":[45],"product_tag":[],"class_list":{"0":"post-1851","1":"product","2":"type-product","3":"status-publish","4":"has-post-thumbnail","6":"product_cat-vitamin-injection","8":"first","9":"instock","10":"taxable","11":"shipping-taxable","12":"product-type-external"},"yoast_head":"<!-- This site is optimized with the Yoast SEO plugin v26.6 - https:\/\/yoast.com\/wordpress\/plugins\/seo\/ -->\n<title>Lipo C  4-injection package - Viva Wellness Center<\/title>\n<meta name=\"description\" content=\"Boost your metabolism and support weight loss with our series of four fat-burning injections. Enhance your body&#039;s natural fat-burning processes for effective results.\" \/>\n<meta name=\"robots\" content=\"index, follow, max-snippet:-1, max-image-preview:large, max-video-preview:-1\" \/>\n<link rel=\"canonical\" href=\"https:\/\/www.vivawc.com\/es\/producto\/lipo-c\/\" \/>\n<meta property=\"og:locale\" content=\"es_ES\" \/>\n<meta property=\"og:type\" content=\"article\" \/>\n<meta property=\"og:title\" content=\"Lipo C  4-injection package - Viva Wellness Center\" \/>\n<meta property=\"og:description\" content=\"Boost your metabolism and support weight loss with our series of four fat-burning injections. Enhance your body&#039;s natural fat-burning processes for effective results.\" \/>\n<meta property=\"og:url\" content=\"https:\/\/www.vivawc.com\/es\/producto\/lipo-c\/\" \/>\n<meta property=\"og:site_name\" content=\"Viva Wellness Center\" \/>\n<meta property=\"article:modified_time\" content=\"2024-08-17T15:13:28+00:00\" \/>\n<meta property=\"og:image\" content=\"https:\/\/www.vivawc.com\/wp-content\/uploads\/2024\/06\/Lipo-C-Fat-Burner-Injection.webp\" \/>\n\t<meta property=\"og:image:width\" content=\"1080\" \/>\n\t<meta property=\"og:image:height\" content=\"1080\" \/>\n\t<meta property=\"og:image:type\" content=\"image\/webp\" \/>\n<script type=\"application\/ld+json\" class=\"yoast-schema-graph\">{\"@context\":\"https:\/\/schema.org\",\"@graph\":[{\"@type\":\"WebPage\",\"@id\":\"https:\/\/www.vivawc.com\/product\/lipo-c\/\",\"url\":\"https:\/\/www.vivawc.com\/product\/lipo-c\/\",\"name\":\"Lipo C 4-injection package - Viva Wellness Center\",\"isPartOf\":{\"@id\":\"https:\/\/www.vivawc.com\/#website\"},\"primaryImageOfPage\":{\"@id\":\"https:\/\/www.vivawc.com\/product\/lipo-c\/#primaryimage\"},\"image\":{\"@id\":\"https:\/\/www.vivawc.com\/product\/lipo-c\/#primaryimage\"},\"thumbnailUrl\":\"https:\/\/www.vivawc.com\/wp-content\/uploads\/2024\/06\/Lipo-C-Fat-Burner-Injection.webp\",\"datePublished\":\"2024-06-15T14:02:15+00:00\",\"dateModified\":\"2024-08-17T15:13:28+00:00\",\"description\":\"Boost your metabolism and support weight loss with our series of four fat-burning injections. Enhance your body's natural fat-burning processes for effective results.\",\"breadcrumb\":{\"@id\":\"https:\/\/www.vivawc.com\/product\/lipo-c\/#breadcrumb\"},\"inLanguage\":\"es-CO\",\"potentialAction\":[{\"@type\":\"ReadAction\",\"target\":[\"https:\/\/www.vivawc.com\/product\/lipo-c\/\"]}]},{\"@type\":\"ImageObject\",\"inLanguage\":\"es-CO\",\"@id\":\"https:\/\/www.vivawc.com\/product\/lipo-c\/#primaryimage\",\"url\":\"https:\/\/www.vivawc.com\/wp-content\/uploads\/2024\/06\/Lipo-C-Fat-Burner-Injection.webp\",\"contentUrl\":\"https:\/\/www.vivawc.com\/wp-content\/uploads\/2024\/06\/Lipo-C-Fat-Burner-Injection.webp\",\"width\":1080,\"height\":1080,\"caption\":\"Lipo C Fat Burner\"},{\"@type\":\"BreadcrumbList\",\"@id\":\"https:\/\/www.vivawc.com\/product\/lipo-c\/#breadcrumb\",\"itemListElement\":[{\"@type\":\"ListItem\",\"position\":1,\"name\":\"Home\",\"item\":\"https:\/\/www.vivawc.com\/\"},{\"@type\":\"ListItem\",\"position\":2,\"name\":\"Shop\",\"item\":\"https:\/\/www.vivawc.com\/shop\/\"},{\"@type\":\"ListItem\",\"position\":3,\"name\":\"Lipo C 4-injection package\"}]},{\"@type\":\"WebSite\",\"@id\":\"https:\/\/www.vivawc.com\/#website\",\"url\":\"https:\/\/www.vivawc.com\/\",\"name\":\"Viva Wellness Center\",\"description\":\"Revitalize Your Health: Boston&#039;s Top Clinic for Hormone Therapy, IV Therapy, Weight Loss, Lab Exams and More!\",\"publisher\":{\"@id\":\"https:\/\/www.vivawc.com\/#organization\"},\"potentialAction\":[{\"@type\":\"SearchAction\",\"target\":{\"@type\":\"EntryPoint\",\"urlTemplate\":\"https:\/\/www.vivawc.com\/?s={search_term_string}\"},\"query-input\":{\"@type\":\"PropertyValueSpecification\",\"valueRequired\":true,\"valueName\":\"search_term_string\"}}],\"inLanguage\":\"es-CO\"},{\"@type\":\"Organization\",\"@id\":\"https:\/\/www.vivawc.com\/#organization\",\"name\":\"Viva Wellness Center\",\"url\":\"https:\/\/www.vivawc.com\/\",\"logo\":{\"@type\":\"ImageObject\",\"inLanguage\":\"es-CO\",\"@id\":\"https:\/\/www.vivawc.com\/#\/schema\/logo\/image\/\",\"url\":\"https:\/\/www.vivawc.com\/wp-content\/uploads\/2024\/02\/Viva-Wellness.webp\",\"contentUrl\":\"https:\/\/www.vivawc.com\/wp-content\/uploads\/2024\/02\/Viva-Wellness.webp\",\"width\":1080,\"height\":1080,\"caption\":\"Viva Wellness Center\"},\"image\":{\"@id\":\"https:\/\/www.vivawc.com\/#\/schema\/logo\/image\/\"}}]}<\/script>\n<!-- \/ Yoast SEO plugin. -->","yoast_head_json":{"title":"Paquete de 4 inyecciones de Lipo C - Viva Wellness Center","description":"Aumente su metabolismo y apoye la p\u00e9rdida de peso con nuestra serie de cuatro inyecciones para quemar grasa. Mejore los procesos naturales de quema de grasa de su cuerpo para obtener resultados efectivos.","robots":{"index":"index","follow":"follow","max-snippet":"max-snippet:-1","max-image-preview":"max-image-preview:large","max-video-preview":"max-video-preview:-1"},"canonical":"https:\/\/www.vivawc.com\/es\/producto\/lipo-c\/","og_locale":"es_ES","og_type":"article","og_title":"Lipo C  4-injection package - Viva Wellness Center","og_description":"Boost your metabolism and support weight loss with our series of four fat-burning injections. Enhance your body's natural fat-burning processes for effective results.","og_url":"https:\/\/www.vivawc.com\/es\/producto\/lipo-c\/","og_site_name":"Viva Wellness Center","article_modified_time":"2024-08-17T15:13:28+00:00","og_image":[{"width":1080,"height":1080,"url":"https:\/\/www.vivawc.com\/wp-content\/uploads\/2024\/06\/Lipo-C-Fat-Burner-Injection.webp","type":"image\/webp"}],"schema":{"@context":"https:\/\/schema.org","@graph":[{"@type":"WebPage","@id":"https:\/\/www.vivawc.com\/product\/lipo-c\/","url":"https:\/\/www.vivawc.com\/product\/lipo-c\/","name":"Paquete de 4 inyecciones de Lipo C - Viva Wellness Center","isPartOf":{"@id":"https:\/\/www.vivawc.com\/#website"},"primaryImageOfPage":{"@id":"https:\/\/www.vivawc.com\/product\/lipo-c\/#primaryimage"},"image":{"@id":"https:\/\/www.vivawc.com\/product\/lipo-c\/#primaryimage"},"thumbnailUrl":"https:\/\/www.vivawc.com\/wp-content\/uploads\/2024\/06\/Lipo-C-Fat-Burner-Injection.webp","datePublished":"2024-06-15T14:02:15+00:00","dateModified":"2024-08-17T15:13:28+00:00","description":"Aumente su metabolismo y apoye la p\u00e9rdida de peso con nuestra serie de cuatro inyecciones para quemar grasa. Mejore los procesos naturales de quema de grasa de su cuerpo para obtener resultados efectivos.","breadcrumb":{"@id":"https:\/\/www.vivawc.com\/product\/lipo-c\/#breadcrumb"},"inLanguage":"es-CO","potentialAction":[{"@type":"ReadAction","target":["https:\/\/www.vivawc.com\/product\/lipo-c\/"]}]},{"@type":"ImageObject","inLanguage":"es-CO","@id":"https:\/\/www.vivawc.com\/product\/lipo-c\/#primaryimage","url":"https:\/\/www.vivawc.com\/wp-content\/uploads\/2024\/06\/Lipo-C-Fat-Burner-Injection.webp","contentUrl":"https:\/\/www.vivawc.com\/wp-content\/uploads\/2024\/06\/Lipo-C-Fat-Burner-Injection.webp","width":1080,"height":1080,"caption":"Lipo C Fat Burner"},{"@type":"BreadcrumbList","@id":"https:\/\/www.vivawc.com\/product\/lipo-c\/#breadcrumb","itemListElement":[{"@type":"ListItem","position":1,"name":"Home","item":"https:\/\/www.vivawc.com\/"},{"@type":"ListItem","position":2,"name":"Shop","item":"https:\/\/www.vivawc.com\/shop\/"},{"@type":"ListItem","position":3,"name":"Lipo C 4-injection package"}]},{"@type":"WebSite","@id":"https:\/\/www.vivawc.com\/#website","url":"https:\/\/www.vivawc.com\/","name":"Centro de bienestar Viva","description":"Revitalice su salud: \u00a1la mejor cl\u00ednica de Boston para terapia hormonal, terapia intravenosa, p\u00e9rdida de peso, ex\u00e1menes de laboratorio y m\u00e1s!","publisher":{"@id":"https:\/\/www.vivawc.com\/#organization"},"potentialAction":[{"@type":"SearchAction","target":{"@type":"EntryPoint","urlTemplate":"https:\/\/www.vivawc.com\/?s={search_term_string}"},"query-input":{"@type":"PropertyValueSpecification","valueRequired":true,"valueName":"search_term_string"}}],"inLanguage":"es-CO"},{"@type":"Organization","@id":"https:\/\/www.vivawc.com\/#organization","name":"Centro de bienestar Viva","url":"https:\/\/www.vivawc.com\/","logo":{"@type":"ImageObject","inLanguage":"es-CO","@id":"https:\/\/www.vivawc.com\/#\/schema\/logo\/image\/","url":"https:\/\/www.vivawc.com\/wp-content\/uploads\/2024\/02\/Viva-Wellness.webp","contentUrl":"https:\/\/www.vivawc.com\/wp-content\/uploads\/2024\/02\/Viva-Wellness.webp","width":1080,"height":1080,"caption":"Viva Wellness Center"},"image":{"@id":"https:\/\/www.vivawc.com\/#\/schema\/logo\/image\/"}}]}},"_links":{"self":[{"href":"https:\/\/www.vivawc.com\/es\/wp-json\/wp\/v2\/product\/1851","targetHints":{"allow":["GET"]}}],"collection":[{"href":"https:\/\/www.vivawc.com\/es\/wp-json\/wp\/v2\/product"}],"about":[{"href":"https:\/\/www.vivawc.com\/es\/wp-json\/wp\/v2\/types\/product"}],"replies":[{"embeddable":true,"href":"https:\/\/www.vivawc.com\/es\/wp-json\/wp\/v2\/comments?post=1851"}],"wp:featuredmedia":[{"embeddable":true,"href":"https:\/\/www.vivawc.com\/es\/wp-json\/wp\/v2\/media\/1874"}],"wp:attachment":[{"href":"https:\/\/www.vivawc.com\/es\/wp-json\/wp\/v2\/media?parent=1851"}],"wp:term":[{"taxonomy":"product_brand","embeddable":true,"href":"https:\/\/www.vivawc.com\/es\/wp-json\/wp\/v2\/product_brand?post=1851"},{"taxonomy":"product_cat","embeddable":true,"href":"https:\/\/www.vivawc.com\/es\/wp-json\/wp\/v2\/product_cat?post=1851"},{"taxonomy":"product_tag","embeddable":true,"href":"https:\/\/www.vivawc.com\/es\/wp-json\/wp\/v2\/product_tag?post=1851"}],"curies":[{"name":"wp","href":"https:\/\/api.w.org\/{rel}","templated":true}]}}