{"id":1678,"date":"2024-05-08T15:32:44","date_gmt":"2024-05-08T15:32:44","guid":{"rendered":"https:\/\/www.vivawc.com\/?post_type=product&#038;p=1678"},"modified":"2024-05-08T15:33:32","modified_gmt":"2024-05-08T15:33:32","slug":"tratamiento-coctel-myers-iv","status":"publish","type":"product","link":"https:\/\/www.vivawc.com\/es\/producto\/tratamiento-coctel-myers-iv\/","title":{"rendered":"C\u00f3ctel Myers"},"content":{"rendered":"<p>La terapia Myers Cocktail IV es una infusi\u00f3n de vitaminas y minerales que ayuda a mejorar la salud y el bienestar general. Esta terapia puede ayudar a tratar una variedad de afecciones, como fatiga, dolor muscular, insomnio, depresi\u00f3n y ansiedad. Tambi\u00e9n puede ayudar a mejorar el rendimiento f\u00edsico, la recuperaci\u00f3n de lesiones y el sistema inmunol\u00f3gico.<\/p>","protected":false},"excerpt":{"rendered":"<p>Aumente la salud y la vitalidad con la terapia Myers Cocktail IV, una potente combinaci\u00f3n de vitaminas y minerales para tratar la fatiga, el dolor muscular, el insomnio, la depresi\u00f3n, la ansiedad y mejorar el rendimiento f\u00edsico, la recuperaci\u00f3n de lesiones y la funci\u00f3n inmunol\u00f3gica.<\/p>","protected":false},"featured_media":1620,"comment_status":"open","ping_status":"closed","template":"","meta":[],"product_brand":[],"product_cat":[44],"product_tag":[],"class_list":{"0":"post-1678","1":"product","2":"type-product","3":"status-publish","4":"has-post-thumbnail","6":"product_cat-iv-therapy","8":"first","9":"instock","10":"taxable","11":"shipping-taxable","12":"product-type-external"},"yoast_head":"<!-- This site is optimized with the Yoast SEO plugin v26.6 - https:\/\/yoast.com\/wordpress\/plugins\/seo\/ -->\n<title>Myers Cocktail IV Therapy | Viva Wellness Center<\/title>\n<meta name=\"description\" content=\"Boost health and vitality with Myers Cocktail IV therapy\u2014a potent blend of vitamins and minerals to treat fatigue, muscle pain, insomnia, depression, anxiety, and enhance physical performance, injury recovery, and immune function.\" \/>\n<meta name=\"robots\" content=\"index, follow, max-snippet:-1, max-image-preview:large, max-video-preview:-1\" \/>\n<link rel=\"canonical\" href=\"https:\/\/www.vivawc.com\/es\/producto\/tratamiento-coctel-myers-iv\/\" \/>\n<meta property=\"og:locale\" content=\"es_ES\" \/>\n<meta property=\"og:type\" content=\"article\" \/>\n<meta property=\"og:title\" content=\"Myers Cocktail IV Therapy | Viva Wellness Center\" \/>\n<meta property=\"og:description\" content=\"Boost health and vitality with Myers Cocktail IV therapy\u2014a potent blend of vitamins and minerals to treat fatigue, muscle pain, insomnia, depression, anxiety, and enhance physical performance, injury recovery, and immune function.\" \/>\n<meta property=\"og:url\" content=\"https:\/\/www.vivawc.com\/es\/producto\/tratamiento-coctel-myers-iv\/\" \/>\n<meta property=\"og:site_name\" content=\"Viva Wellness Center\" \/>\n<meta property=\"article:modified_time\" content=\"2024-05-08T15:33:32+00:00\" \/>\n<meta property=\"og:image\" content=\"https:\/\/www.vivawc.com\/wp-content\/uploads\/2024\/05\/Myers-Cocktail-IV-Therapy-min.webp\" \/>\n\t<meta property=\"og:image:width\" content=\"1080\" \/>\n\t<meta property=\"og:image:height\" content=\"1080\" \/>\n\t<meta property=\"og:image:type\" content=\"image\/webp\" \/>\n<script type=\"application\/ld+json\" class=\"yoast-schema-graph\">{\"@context\":\"https:\/\/schema.org\",\"@graph\":[{\"@type\":\"WebPage\",\"@id\":\"https:\/\/www.vivawc.com\/product\/myers-cocktail-iv-treatment\/\",\"url\":\"https:\/\/www.vivawc.com\/product\/myers-cocktail-iv-treatment\/\",\"name\":\"Myers Cocktail IV Therapy | Viva Wellness Center\",\"isPartOf\":{\"@id\":\"https:\/\/www.vivawc.com\/#website\"},\"primaryImageOfPage\":{\"@id\":\"https:\/\/www.vivawc.com\/product\/myers-cocktail-iv-treatment\/#primaryimage\"},\"image\":{\"@id\":\"https:\/\/www.vivawc.com\/product\/myers-cocktail-iv-treatment\/#primaryimage\"},\"thumbnailUrl\":\"https:\/\/www.vivawc.com\/wp-content\/uploads\/2024\/05\/Myers-Cocktail-IV-Therapy-min.webp\",\"datePublished\":\"2024-05-08T15:32:44+00:00\",\"dateModified\":\"2024-05-08T15:33:32+00:00\",\"description\":\"Boost health and vitality with Myers Cocktail IV therapy\u2014a potent blend of vitamins and minerals to treat fatigue, muscle pain, insomnia, depression, anxiety, and enhance physical performance, injury recovery, and immune function.\",\"breadcrumb\":{\"@id\":\"https:\/\/www.vivawc.com\/product\/myers-cocktail-iv-treatment\/#breadcrumb\"},\"inLanguage\":\"es-CO\",\"potentialAction\":[{\"@type\":\"ReadAction\",\"target\":[\"https:\/\/www.vivawc.com\/product\/myers-cocktail-iv-treatment\/\"]}]},{\"@type\":\"ImageObject\",\"inLanguage\":\"es-CO\",\"@id\":\"https:\/\/www.vivawc.com\/product\/myers-cocktail-iv-treatment\/#primaryimage\",\"url\":\"https:\/\/www.vivawc.com\/wp-content\/uploads\/2024\/05\/Myers-Cocktail-IV-Therapy-min.webp\",\"contentUrl\":\"https:\/\/www.vivawc.com\/wp-content\/uploads\/2024\/05\/Myers-Cocktail-IV-Therapy-min.webp\",\"width\":1080,\"height\":1080,\"caption\":\"Myers Cocktail IV Therapy\"},{\"@type\":\"BreadcrumbList\",\"@id\":\"https:\/\/www.vivawc.com\/product\/myers-cocktail-iv-treatment\/#breadcrumb\",\"itemListElement\":[{\"@type\":\"ListItem\",\"position\":1,\"name\":\"Home\",\"item\":\"https:\/\/www.vivawc.com\/\"},{\"@type\":\"ListItem\",\"position\":2,\"name\":\"Shop\",\"item\":\"https:\/\/www.vivawc.com\/shop\/\"},{\"@type\":\"ListItem\",\"position\":3,\"name\":\"Myers Cocktail\"}]},{\"@type\":\"WebSite\",\"@id\":\"https:\/\/www.vivawc.com\/#website\",\"url\":\"https:\/\/www.vivawc.com\/\",\"name\":\"Viva Wellness Center\",\"description\":\"Revitalize Your Health: Boston&#039;s Top Clinic for Hormone Therapy, IV Therapy, Weight Loss, Lab Exams and More!\",\"publisher\":{\"@id\":\"https:\/\/www.vivawc.com\/#organization\"},\"potentialAction\":[{\"@type\":\"SearchAction\",\"target\":{\"@type\":\"EntryPoint\",\"urlTemplate\":\"https:\/\/www.vivawc.com\/?s={search_term_string}\"},\"query-input\":{\"@type\":\"PropertyValueSpecification\",\"valueRequired\":true,\"valueName\":\"search_term_string\"}}],\"inLanguage\":\"es-CO\"},{\"@type\":\"Organization\",\"@id\":\"https:\/\/www.vivawc.com\/#organization\",\"name\":\"Viva Wellness Center\",\"url\":\"https:\/\/www.vivawc.com\/\",\"logo\":{\"@type\":\"ImageObject\",\"inLanguage\":\"es-CO\",\"@id\":\"https:\/\/www.vivawc.com\/#\/schema\/logo\/image\/\",\"url\":\"https:\/\/www.vivawc.com\/wp-content\/uploads\/2024\/02\/Viva-Wellness.webp\",\"contentUrl\":\"https:\/\/www.vivawc.com\/wp-content\/uploads\/2024\/02\/Viva-Wellness.webp\",\"width\":1080,\"height\":1080,\"caption\":\"Viva Wellness Center\"},\"image\":{\"@id\":\"https:\/\/www.vivawc.com\/#\/schema\/logo\/image\/\"}}]}<\/script>\n<!-- \/ Yoast SEO plugin. -->","yoast_head_json":{"title":"Terapia intravenosa con c\u00f3ctel Myers | Centro de bienestar Viva","description":"Aumente la salud y la vitalidad con la terapia Myers Cocktail IV, una potente combinaci\u00f3n de vitaminas y minerales para tratar la fatiga, el dolor muscular, el insomnio, la depresi\u00f3n, la ansiedad y mejorar el rendimiento f\u00edsico, la recuperaci\u00f3n de lesiones y la funci\u00f3n inmunol\u00f3gica.","robots":{"index":"index","follow":"follow","max-snippet":"max-snippet:-1","max-image-preview":"max-image-preview:large","max-video-preview":"max-video-preview:-1"},"canonical":"https:\/\/www.vivawc.com\/es\/producto\/tratamiento-coctel-myers-iv\/","og_locale":"es_ES","og_type":"article","og_title":"Myers Cocktail IV Therapy | Viva Wellness Center","og_description":"Boost health and vitality with Myers Cocktail IV therapy\u2014a potent blend of vitamins and minerals to treat fatigue, muscle pain, insomnia, depression, anxiety, and enhance physical performance, injury recovery, and immune function.","og_url":"https:\/\/www.vivawc.com\/es\/producto\/tratamiento-coctel-myers-iv\/","og_site_name":"Viva Wellness Center","article_modified_time":"2024-05-08T15:33:32+00:00","og_image":[{"width":1080,"height":1080,"url":"https:\/\/www.vivawc.com\/wp-content\/uploads\/2024\/05\/Myers-Cocktail-IV-Therapy-min.webp","type":"image\/webp"}],"schema":{"@context":"https:\/\/schema.org","@graph":[{"@type":"WebPage","@id":"https:\/\/www.vivawc.com\/product\/myers-cocktail-iv-treatment\/","url":"https:\/\/www.vivawc.com\/product\/myers-cocktail-iv-treatment\/","name":"Terapia intravenosa con c\u00f3ctel Myers | Centro de bienestar Viva","isPartOf":{"@id":"https:\/\/www.vivawc.com\/#website"},"primaryImageOfPage":{"@id":"https:\/\/www.vivawc.com\/product\/myers-cocktail-iv-treatment\/#primaryimage"},"image":{"@id":"https:\/\/www.vivawc.com\/product\/myers-cocktail-iv-treatment\/#primaryimage"},"thumbnailUrl":"https:\/\/www.vivawc.com\/wp-content\/uploads\/2024\/05\/Myers-Cocktail-IV-Therapy-min.webp","datePublished":"2024-05-08T15:32:44+00:00","dateModified":"2024-05-08T15:33:32+00:00","description":"Aumente la salud y la vitalidad con la terapia Myers Cocktail IV, una potente combinaci\u00f3n de vitaminas y minerales para tratar la fatiga, el dolor muscular, el insomnio, la depresi\u00f3n, la ansiedad y mejorar el rendimiento f\u00edsico, la recuperaci\u00f3n de lesiones y la funci\u00f3n inmunol\u00f3gica.","breadcrumb":{"@id":"https:\/\/www.vivawc.com\/product\/myers-cocktail-iv-treatment\/#breadcrumb"},"inLanguage":"es-CO","potentialAction":[{"@type":"ReadAction","target":["https:\/\/www.vivawc.com\/product\/myers-cocktail-iv-treatment\/"]}]},{"@type":"ImageObject","inLanguage":"es-CO","@id":"https:\/\/www.vivawc.com\/product\/myers-cocktail-iv-treatment\/#primaryimage","url":"https:\/\/www.vivawc.com\/wp-content\/uploads\/2024\/05\/Myers-Cocktail-IV-Therapy-min.webp","contentUrl":"https:\/\/www.vivawc.com\/wp-content\/uploads\/2024\/05\/Myers-Cocktail-IV-Therapy-min.webp","width":1080,"height":1080,"caption":"Myers Cocktail IV Therapy"},{"@type":"BreadcrumbList","@id":"https:\/\/www.vivawc.com\/product\/myers-cocktail-iv-treatment\/#breadcrumb","itemListElement":[{"@type":"ListItem","position":1,"name":"Home","item":"https:\/\/www.vivawc.com\/"},{"@type":"ListItem","position":2,"name":"Shop","item":"https:\/\/www.vivawc.com\/shop\/"},{"@type":"ListItem","position":3,"name":"Myers Cocktail"}]},{"@type":"WebSite","@id":"https:\/\/www.vivawc.com\/#website","url":"https:\/\/www.vivawc.com\/","name":"Centro de bienestar Viva","description":"Revitalice su salud: \u00a1la mejor cl\u00ednica de Boston para terapia hormonal, terapia intravenosa, p\u00e9rdida de peso, ex\u00e1menes de laboratorio y m\u00e1s!","publisher":{"@id":"https:\/\/www.vivawc.com\/#organization"},"potentialAction":[{"@type":"SearchAction","target":{"@type":"EntryPoint","urlTemplate":"https:\/\/www.vivawc.com\/?s={search_term_string}"},"query-input":{"@type":"PropertyValueSpecification","valueRequired":true,"valueName":"search_term_string"}}],"inLanguage":"es-CO"},{"@type":"Organization","@id":"https:\/\/www.vivawc.com\/#organization","name":"Centro de bienestar Viva","url":"https:\/\/www.vivawc.com\/","logo":{"@type":"ImageObject","inLanguage":"es-CO","@id":"https:\/\/www.vivawc.com\/#\/schema\/logo\/image\/","url":"https:\/\/www.vivawc.com\/wp-content\/uploads\/2024\/02\/Viva-Wellness.webp","contentUrl":"https:\/\/www.vivawc.com\/wp-content\/uploads\/2024\/02\/Viva-Wellness.webp","width":1080,"height":1080,"caption":"Viva Wellness Center"},"image":{"@id":"https:\/\/www.vivawc.com\/#\/schema\/logo\/image\/"}}]}},"_links":{"self":[{"href":"https:\/\/www.vivawc.com\/es\/wp-json\/wp\/v2\/product\/1678","targetHints":{"allow":["GET"]}}],"collection":[{"href":"https:\/\/www.vivawc.com\/es\/wp-json\/wp\/v2\/product"}],"about":[{"href":"https:\/\/www.vivawc.com\/es\/wp-json\/wp\/v2\/types\/product"}],"replies":[{"embeddable":true,"href":"https:\/\/www.vivawc.com\/es\/wp-json\/wp\/v2\/comments?post=1678"}],"wp:featuredmedia":[{"embeddable":true,"href":"https:\/\/www.vivawc.com\/es\/wp-json\/wp\/v2\/media\/1620"}],"wp:attachment":[{"href":"https:\/\/www.vivawc.com\/es\/wp-json\/wp\/v2\/media?parent=1678"}],"wp:term":[{"taxonomy":"product_brand","embeddable":true,"href":"https:\/\/www.vivawc.com\/es\/wp-json\/wp\/v2\/product_brand?post=1678"},{"taxonomy":"product_cat","embeddable":true,"href":"https:\/\/www.vivawc.com\/es\/wp-json\/wp\/v2\/product_cat?post=1678"},{"taxonomy":"product_tag","embeddable":true,"href":"https:\/\/www.vivawc.com\/es\/wp-json\/wp\/v2\/product_tag?post=1678"}],"curies":[{"name":"wp","href":"https:\/\/api.w.org\/{rel}","templated":true}]}}