{"id":581,"date":"2024-03-08T21:55:22","date_gmt":"2024-03-08T21:55:22","guid":{"rendered":"https:\/\/www.vivawc.com\/?page_id=581"},"modified":"2024-09-13T14:25:06","modified_gmt":"2024-09-13T14:25:06","slug":"armonizacion-facial","status":"publish","type":"page","link":"https:\/\/www.vivawc.com\/es\/hogar\/armonizacion-facial\/","title":{"rendered":"Armonizaci\u00f3n facial"},"content":{"rendered":"<div data-elementor-type=\"wp-page\" data-elementor-id=\"581\" class=\"elementor elementor-581\" data-elementor-post-type=\"page\">\n\t\t\t\t<div class=\"elementor-element elementor-element-55f297c e-con-full e-flex e-con e-parent\" data-id=\"55f297c\" data-element_type=\"container\" data-settings=\"{&quot;background_background&quot;:&quot;classic&quot;}\">\n\t\t<div class=\"elementor-element elementor-element-d5422c4 e-con-full e-flex e-con e-child\" data-id=\"d5422c4\" data-element_type=\"container\" data-settings=\"{&quot;background_background&quot;:&quot;classic&quot;}\">\n\t\t\t\t<\/div>\n\t\t<div class=\"elementor-element elementor-element-cc70149 e-con-full e-flex e-con e-child\" data-id=\"cc70149\" data-element_type=\"container\">\n\t\t\t\t<div class=\"elementor-element elementor-element-0946398 elementor-widget elementor-widget-heading\" data-id=\"0946398\" data-element_type=\"widget\" data-widget_type=\"heading.default\">\n\t\t\t\t<div class=\"elementor-widget-container\">\n\t\t\t\t\t<h2 class=\"elementor-heading-title elementor-size-default\">Rejuvenece y recupera tu juventud con<\/h2>\t\t\t\t<\/div>\n\t\t\t\t<\/div>\n\t\t\t\t<div class=\"elementor-element elementor-element-3103ca7 elementor-widget elementor-widget-heading\" data-id=\"3103ca7\" data-element_type=\"widget\" data-widget_type=\"heading.default\">\n\t\t\t\t<div class=\"elementor-widget-container\">\n\t\t\t\t\t<h1 class=\"elementor-heading-title elementor-size-default\">Armonizaciones faciales en Massachusetts<\/h1>\t\t\t\t<\/div>\n\t\t\t\t<\/div>\n\t\t\t\t<div class=\"elementor-element elementor-element-14e2450 elementor-widget-divider--view-line elementor-widget elementor-widget-divider\" data-id=\"14e2450\" data-element_type=\"widget\" data-widget_type=\"divider.default\">\n\t\t\t\t<div class=\"elementor-widget-container\">\n\t\t\t\t\t\t\t<div class=\"elementor-divider\">\n\t\t\t<span class=\"elementor-divider-separator\">\n\t\t\t\t\t\t<\/span>\n\t\t<\/div>\n\t\t\t\t\t\t<\/div>\n\t\t\t\t<\/div>\n\t\t\t\t<\/div>\n\t\t\t\t<\/div>\n\t\t<div class=\"elementor-element elementor-element-69912f7 e-flex e-con-boxed e-con e-parent\" data-id=\"69912f7\" data-element_type=\"container\" data-settings=\"{&quot;background_background&quot;:&quot;classic&quot;}\">\n\t\t\t\t\t<div class=\"e-con-inner\">\n\t\t<div class=\"elementor-element elementor-element-06f306d e-con-full e-flex e-con e-child\" data-id=\"06f306d\" data-element_type=\"container\">\n\t\t\t\t<div class=\"elementor-element elementor-element-1f48e07 elementor-widget elementor-widget-heading\" data-id=\"1f48e07\" data-element_type=\"widget\" data-widget_type=\"heading.default\">\n\t\t\t\t<div class=\"elementor-widget-container\">\n\t\t\t\t\t<h2 class=\"elementor-heading-title elementor-size-default\">b\u00f3tox<\/h2>\t\t\t\t<\/div>\n\t\t\t\t<\/div>\n\t\t\t\t<div class=\"elementor-element elementor-element-557e42b elementor-widget elementor-widget-heading\" data-id=\"557e42b\" data-element_type=\"widget\" data-widget_type=\"heading.default\">\n\t\t\t\t<div class=\"elementor-widget-container\">\n\t\t\t\t\t<h1 class=\"elementor-heading-title elementor-size-default\">Descubra Botox Bliss: descubra la belleza atemporal<\/h1>\t\t\t\t<\/div>\n\t\t\t\t<\/div>\n\t\t\t\t<div class=\"elementor-element elementor-element-f7f9dd2 elementor-widget-divider--view-line elementor-widget elementor-widget-divider\" data-id=\"f7f9dd2\" data-element_type=\"widget\" data-widget_type=\"divider.default\">\n\t\t\t\t<div class=\"elementor-widget-container\">\n\t\t\t\t\t\t\t<div class=\"elementor-divider\">\n\t\t\t<span class=\"elementor-divider-separator\">\n\t\t\t\t\t\t<\/span>\n\t\t<\/div>\n\t\t\t\t\t\t<\/div>\n\t\t\t\t<\/div>\n\t\t\t\t<div class=\"elementor-element elementor-element-e0ba51f elementor-widget elementor-widget-text-editor\" data-id=\"e0ba51f\" data-element_type=\"widget\" data-widget_type=\"text-editor.default\">\n\t\t\t\t<div class=\"elementor-widget-container\">\n\t\t\t\t\t\t\t\t\t<p>En Viva Wellness Center, nuestros tratamientos de Botox est\u00e1n dise\u00f1ados por expertos para suavizar las arrugas y las l\u00edneas finas, permiti\u00e9ndole despedirse de los signos del envejecimiento que pueden afectar su autoestima.<\/p><p>Benef\u00edciese de nuestra trayectoria de \u00e9xito, donde los pacientes de Viva Wellness Center han experimentado resultados notables a trav\u00e9s de nuestros tratamientos personalizados de Botox. Nuestros m\u00e9dicos altamente calificados y experimentados se especializan en administrar este tratamiento, lo que garantiza que reciba atenci\u00f3n de primer nivel.<\/p><p>Cada tratamiento de Botox en Viva Wellness Center est\u00e1 dise\u00f1ado exclusivamente para alinearse con sus objetivos de belleza individuales, prometiendo resultados que resuenan con sus deseos.<\/p><p>La oportunidad de recuperar tu juventud est\u00e1 a tu alcance. \u00a1Aprovechalo ahora! Programe su consulta y emprenda el paso inicial hacia su viaje transformador con Viva Wellness Center.<\/p>\t\t\t\t\t\t\t\t<\/div>\n\t\t\t\t<\/div>\n\t\t\t\t<div class=\"elementor-element elementor-element-f5c5ccb elementor-mobile-align-center elementor-align-left elementor-widget elementor-widget-button\" data-id=\"f5c5ccb\" data-element_type=\"widget\" data-widget_type=\"button.default\">\n\t\t\t\t<div class=\"elementor-widget-container\">\n\t\t\t\t\t\t\t\t\t<div class=\"elementor-button-wrapper\">\n\t\t\t\t\t<a class=\"elementor-button elementor-button-link elementor-size-sm\" href=\"https:\/\/www.vagaro.com\/\/Users\/BusinessWidget.aspx?enc=MMLjhIwJMcwFQhXLL7ifVL4OUzUt6D4alHlQXpOKR5cD3ZzsHRur5ylJrTfw8fsSI2WYlGBhSXj7y\/gIMYf2SzLeIchCd4MqmfYWm39xOJQAIDgQIVoxwMUScice5QWJjtaIMIQWY1TD0VKqxs1MnahK4XOo\/w6D09achpkg6ARFBtYzG12MyckIQ4vVAReJVqqZ9PIc09ZvRxuKTRNYUe5pIYLKvf5qHBYEHn5jzZ9+Ch\/4VRmHwrqo1lEXXbuB1gFgZSyVH05scsWT1i940uBrkcUocVtzq2Lrv8DvaMqK9iuQ9EGQ86Eq5FsHJShm\/aZwQSeCJz9UfGsv6PeP8WGlEcOuGiYTxiOHXYpg9Lt9i7MXIiGCHOiaNnEoebwnv8bQUhlnk64J0deTy+iQfOjCpCj6PlNsukRdiIQb3LA=\" target=\"_blank\">\n\t\t\t\t\t\t<span class=\"elementor-button-content-wrapper\">\n\t\t\t\t\t\t\t\t\t<span class=\"elementor-button-text\">Reservar ahora<\/span>\n\t\t\t\t\t<\/span>\n\t\t\t\t\t<\/a>\n\t\t\t\t<\/div>\n\t\t\t\t\t\t\t\t<\/div>\n\t\t\t\t<\/div>\n\t\t\t\t<\/div>\n\t\t\t\t\t<\/div>\n\t\t\t\t<\/div>\n\t\t\t\t<\/div>","protected":false},"excerpt":{"rendered":"<p>Rejuvenezca y recupere su juventud con armonizaciones faciales en Massachusetts Botox Descubra Botox Bliss: descubra la belleza atemporal En Viva Wellness Center, nuestros tratamientos de Botox est\u00e1n dise\u00f1ados por expertos para suavizar las arrugas y las l\u00edneas finas, permiti\u00e9ndole despedirse de los signos de envejecimiento que pueden afectarlo. -estima. Benef\u00edciese de nuestra trayectoria de \u00e9xito, donde [\u2026]<\/p>","protected":false},"author":1,"featured_media":582,"parent":11,"menu_order":0,"comment_status":"closed","ping_status":"closed","template":"","meta":{"footnotes":""},"class_list":["post-581","page","type-page","status-publish","has-post-thumbnail","hentry"],"yoast_head":"<!-- This site is optimized with the Yoast SEO plugin v26.6 - https:\/\/yoast.com\/wordpress\/plugins\/seo\/ -->\n<title>Elevate Your Beauty: Facial Harmonization | Viva Wellness Center<\/title>\n<meta name=\"description\" content=\"Experience Botox bliss at Viva Wellness Center in Stoneham, MA. Book your rejuvenation today!\" \/>\n<meta name=\"robots\" content=\"index, follow, max-snippet:-1, max-image-preview:large, max-video-preview:-1\" \/>\n<link rel=\"canonical\" href=\"https:\/\/www.vivawc.com\/es\/hogar\/armonizacion-facial\/\" \/>\n<meta property=\"og:locale\" content=\"es_ES\" \/>\n<meta property=\"og:type\" content=\"article\" \/>\n<meta property=\"og:title\" content=\"Elevate Your Beauty: Facial Harmonization | Viva Wellness Center\" \/>\n<meta property=\"og:description\" content=\"Experience Botox bliss at Viva Wellness Center in Stoneham, MA. Book your rejuvenation today!\" \/>\n<meta property=\"og:url\" content=\"https:\/\/www.vivawc.com\/es\/hogar\/armonizacion-facial\/\" \/>\n<meta property=\"og:site_name\" content=\"Viva Wellness Center\" \/>\n<meta property=\"article:modified_time\" content=\"2024-09-13T14:25:06+00:00\" \/>\n<meta property=\"og:image\" content=\"https:\/\/www.vivawc.com\/wp-content\/uploads\/2024\/03\/female-aesthetic-cosmetology-in-spa-resort-complex-2023-11-27-04-59-11-utc-opti.webp\" \/>\n\t<meta property=\"og:image:width\" content=\"1200\" \/>\n\t<meta property=\"og:image:height\" content=\"800\" \/>\n\t<meta property=\"og:image:type\" content=\"image\/webp\" \/>\n<script type=\"application\/ld+json\" class=\"yoast-schema-graph\">{\"@context\":\"https:\/\/schema.org\",\"@graph\":[{\"@type\":\"WebPage\",\"@id\":\"https:\/\/www.vivawc.com\/home\/facial-harmonization\/\",\"url\":\"https:\/\/www.vivawc.com\/home\/facial-harmonization\/\",\"name\":\"Elevate Your Beauty: Facial Harmonization | Viva Wellness Center\",\"isPartOf\":{\"@id\":\"https:\/\/www.vivawc.com\/#website\"},\"primaryImageOfPage\":{\"@id\":\"https:\/\/www.vivawc.com\/home\/facial-harmonization\/#primaryimage\"},\"image\":{\"@id\":\"https:\/\/www.vivawc.com\/home\/facial-harmonization\/#primaryimage\"},\"thumbnailUrl\":\"https:\/\/www.vivawc.com\/wp-content\/uploads\/2024\/03\/female-aesthetic-cosmetology-in-spa-resort-complex-2023-11-27-04-59-11-utc-opti.webp\",\"datePublished\":\"2024-03-08T21:55:22+00:00\",\"dateModified\":\"2024-09-13T14:25:06+00:00\",\"description\":\"Experience Botox bliss at Viva Wellness Center in Stoneham, MA. Book your rejuvenation today!\",\"breadcrumb\":{\"@id\":\"https:\/\/www.vivawc.com\/home\/facial-harmonization\/#breadcrumb\"},\"inLanguage\":\"es-CO\",\"potentialAction\":[{\"@type\":\"ReadAction\",\"target\":[\"https:\/\/www.vivawc.com\/home\/facial-harmonization\/\"]}]},{\"@type\":\"ImageObject\",\"inLanguage\":\"es-CO\",\"@id\":\"https:\/\/www.vivawc.com\/home\/facial-harmonization\/#primaryimage\",\"url\":\"https:\/\/www.vivawc.com\/wp-content\/uploads\/2024\/03\/female-aesthetic-cosmetology-in-spa-resort-complex-2023-11-27-04-59-11-utc-opti.webp\",\"contentUrl\":\"https:\/\/www.vivawc.com\/wp-content\/uploads\/2024\/03\/female-aesthetic-cosmetology-in-spa-resort-complex-2023-11-27-04-59-11-utc-opti.webp\",\"width\":1200,\"height\":800,\"caption\":\"women getting Botox injection\"},{\"@type\":\"BreadcrumbList\",\"@id\":\"https:\/\/www.vivawc.com\/home\/facial-harmonization\/#breadcrumb\",\"itemListElement\":[{\"@type\":\"ListItem\",\"position\":1,\"name\":\"Home\",\"item\":\"https:\/\/www.vivawc.com\/\"},{\"@type\":\"ListItem\",\"position\":2,\"name\":\"Home\",\"item\":\"https:\/\/www.vivawc.com\/\"},{\"@type\":\"ListItem\",\"position\":3,\"name\":\"Facial Harmonization\"}]},{\"@type\":\"WebSite\",\"@id\":\"https:\/\/www.vivawc.com\/#website\",\"url\":\"https:\/\/www.vivawc.com\/\",\"name\":\"Viva Wellness Center\",\"description\":\"Revitalize Your Health: Boston&#039;s Top Clinic for Hormone Therapy, IV Therapy, Weight Loss, Lab Exams and More!\",\"publisher\":{\"@id\":\"https:\/\/www.vivawc.com\/#organization\"},\"potentialAction\":[{\"@type\":\"SearchAction\",\"target\":{\"@type\":\"EntryPoint\",\"urlTemplate\":\"https:\/\/www.vivawc.com\/?s={search_term_string}\"},\"query-input\":{\"@type\":\"PropertyValueSpecification\",\"valueRequired\":true,\"valueName\":\"search_term_string\"}}],\"inLanguage\":\"es-CO\"},{\"@type\":\"Organization\",\"@id\":\"https:\/\/www.vivawc.com\/#organization\",\"name\":\"Viva Wellness Center\",\"url\":\"https:\/\/www.vivawc.com\/\",\"logo\":{\"@type\":\"ImageObject\",\"inLanguage\":\"es-CO\",\"@id\":\"https:\/\/www.vivawc.com\/#\/schema\/logo\/image\/\",\"url\":\"https:\/\/www.vivawc.com\/wp-content\/uploads\/2024\/02\/Viva-Wellness.webp\",\"contentUrl\":\"https:\/\/www.vivawc.com\/wp-content\/uploads\/2024\/02\/Viva-Wellness.webp\",\"width\":1080,\"height\":1080,\"caption\":\"Viva Wellness Center\"},\"image\":{\"@id\":\"https:\/\/www.vivawc.com\/#\/schema\/logo\/image\/\"}}]}<\/script>\n<!-- \/ Yoast SEO plugin. -->","yoast_head_json":{"title":"Eleva tu belleza: Armonizaci\u00f3n facial | Centro de bienestar Viva","description":"Experimente la felicidad del Botox en Viva Wellness Center en Stoneham, MA. \u00a1Reserve su rejuvenecimiento hoy!","robots":{"index":"index","follow":"follow","max-snippet":"max-snippet:-1","max-image-preview":"max-image-preview:large","max-video-preview":"max-video-preview:-1"},"canonical":"https:\/\/www.vivawc.com\/es\/hogar\/armonizacion-facial\/","og_locale":"es_ES","og_type":"article","og_title":"Elevate Your Beauty: Facial Harmonization | Viva Wellness Center","og_description":"Experience Botox bliss at Viva Wellness Center in Stoneham, MA. Book your rejuvenation today!","og_url":"https:\/\/www.vivawc.com\/es\/hogar\/armonizacion-facial\/","og_site_name":"Viva Wellness Center","article_modified_time":"2024-09-13T14:25:06+00:00","og_image":[{"width":1200,"height":800,"url":"https:\/\/www.vivawc.com\/wp-content\/uploads\/2024\/03\/female-aesthetic-cosmetology-in-spa-resort-complex-2023-11-27-04-59-11-utc-opti.webp","type":"image\/webp"}],"schema":{"@context":"https:\/\/schema.org","@graph":[{"@type":"WebPage","@id":"https:\/\/www.vivawc.com\/home\/facial-harmonization\/","url":"https:\/\/www.vivawc.com\/home\/facial-harmonization\/","name":"Eleva tu belleza: Armonizaci\u00f3n facial | Centro de bienestar Viva","isPartOf":{"@id":"https:\/\/www.vivawc.com\/#website"},"primaryImageOfPage":{"@id":"https:\/\/www.vivawc.com\/home\/facial-harmonization\/#primaryimage"},"image":{"@id":"https:\/\/www.vivawc.com\/home\/facial-harmonization\/#primaryimage"},"thumbnailUrl":"https:\/\/www.vivawc.com\/wp-content\/uploads\/2024\/03\/female-aesthetic-cosmetology-in-spa-resort-complex-2023-11-27-04-59-11-utc-opti.webp","datePublished":"2024-03-08T21:55:22+00:00","dateModified":"2024-09-13T14:25:06+00:00","description":"Experimente la felicidad del Botox en Viva Wellness Center en Stoneham, MA. \u00a1Reserve su rejuvenecimiento hoy!","breadcrumb":{"@id":"https:\/\/www.vivawc.com\/home\/facial-harmonization\/#breadcrumb"},"inLanguage":"es-CO","potentialAction":[{"@type":"ReadAction","target":["https:\/\/www.vivawc.com\/home\/facial-harmonization\/"]}]},{"@type":"ImageObject","inLanguage":"es-CO","@id":"https:\/\/www.vivawc.com\/home\/facial-harmonization\/#primaryimage","url":"https:\/\/www.vivawc.com\/wp-content\/uploads\/2024\/03\/female-aesthetic-cosmetology-in-spa-resort-complex-2023-11-27-04-59-11-utc-opti.webp","contentUrl":"https:\/\/www.vivawc.com\/wp-content\/uploads\/2024\/03\/female-aesthetic-cosmetology-in-spa-resort-complex-2023-11-27-04-59-11-utc-opti.webp","width":1200,"height":800,"caption":"women getting Botox injection"},{"@type":"BreadcrumbList","@id":"https:\/\/www.vivawc.com\/home\/facial-harmonization\/#breadcrumb","itemListElement":[{"@type":"ListItem","position":1,"name":"Home","item":"https:\/\/www.vivawc.com\/"},{"@type":"ListItem","position":2,"name":"Home","item":"https:\/\/www.vivawc.com\/"},{"@type":"ListItem","position":3,"name":"Facial Harmonization"}]},{"@type":"WebSite","@id":"https:\/\/www.vivawc.com\/#website","url":"https:\/\/www.vivawc.com\/","name":"Centro de bienestar Viva","description":"Revitalice su salud: \u00a1la mejor cl\u00ednica de Boston para terapia hormonal, terapia intravenosa, p\u00e9rdida de peso, ex\u00e1menes de laboratorio y m\u00e1s!","publisher":{"@id":"https:\/\/www.vivawc.com\/#organization"},"potentialAction":[{"@type":"SearchAction","target":{"@type":"EntryPoint","urlTemplate":"https:\/\/www.vivawc.com\/?s={search_term_string}"},"query-input":{"@type":"PropertyValueSpecification","valueRequired":true,"valueName":"search_term_string"}}],"inLanguage":"es-CO"},{"@type":"Organization","@id":"https:\/\/www.vivawc.com\/#organization","name":"Centro de bienestar Viva","url":"https:\/\/www.vivawc.com\/","logo":{"@type":"ImageObject","inLanguage":"es-CO","@id":"https:\/\/www.vivawc.com\/#\/schema\/logo\/image\/","url":"https:\/\/www.vivawc.com\/wp-content\/uploads\/2024\/02\/Viva-Wellness.webp","contentUrl":"https:\/\/www.vivawc.com\/wp-content\/uploads\/2024\/02\/Viva-Wellness.webp","width":1080,"height":1080,"caption":"Viva Wellness Center"},"image":{"@id":"https:\/\/www.vivawc.com\/#\/schema\/logo\/image\/"}}]}},"_links":{"self":[{"href":"https:\/\/www.vivawc.com\/es\/wp-json\/wp\/v2\/pages\/581","targetHints":{"allow":["GET"]}}],"collection":[{"href":"https:\/\/www.vivawc.com\/es\/wp-json\/wp\/v2\/pages"}],"about":[{"href":"https:\/\/www.vivawc.com\/es\/wp-json\/wp\/v2\/types\/page"}],"author":[{"embeddable":true,"href":"https:\/\/www.vivawc.com\/es\/wp-json\/wp\/v2\/users\/1"}],"replies":[{"embeddable":true,"href":"https:\/\/www.vivawc.com\/es\/wp-json\/wp\/v2\/comments?post=581"}],"version-history":[{"count":10,"href":"https:\/\/www.vivawc.com\/es\/wp-json\/wp\/v2\/pages\/581\/revisions"}],"predecessor-version":[{"id":2823,"href":"https:\/\/www.vivawc.com\/es\/wp-json\/wp\/v2\/pages\/581\/revisions\/2823"}],"up":[{"embeddable":true,"href":"https:\/\/www.vivawc.com\/es\/wp-json\/wp\/v2\/pages\/11"}],"wp:featuredmedia":[{"embeddable":true,"href":"https:\/\/www.vivawc.com\/es\/wp-json\/wp\/v2\/media\/582"}],"wp:attachment":[{"href":"https:\/\/www.vivawc.com\/es\/wp-json\/wp\/v2\/media?parent=581"}],"curies":[{"name":"wp","href":"https:\/\/api.w.org\/{rel}","templated":true}]}}